{"id":1917,"date":"2025-12-12T09:20:57","date_gmt":"2025-12-12T09:20:57","guid":{"rendered":"https:\/\/www.ds-gruppen.com\/da-dk\/?page_id=1917"},"modified":"2026-04-09T09:19:17","modified_gmt":"2026-04-09T08:19:17","slug":"download-epder","status":"publish","type":"page","link":"https:\/\/www.ds-gruppen.com\/da-dk\/baeredygtighed-og-esg\/download-epder\/","title":{"rendered":"Download EPD&#8217;er"},"content":{"rendered":"<section class=\"main-hero-section relative text-title h-full overflow-hidden max-h-[calc(100vh-180px)] max-lg:min-h-[500px] lg:min-h-[600px]\">\n\t<div class=\"cta-image-wrapper h-full relative max-h-[calc(100vh-180px)] max-lg:min-h-[500px] lg:min-h-[600px]\">\n\t\t\t\t\t\t\t\t\t<img loading=\"lazy\" decoding=\"async\" width=\"1728\" height=\"950\" src=\"https:\/\/www.ds-gruppen.com\/wp-content\/uploads\/2026\/02\/dsg-download-epder-hero-1728x950-1.webp\" class=\"w-full h-167 lg:h-full lg:min-h-150 object-cover max-h-[calc(100vh-180px)]\" alt=\"\" srcset=\"https:\/\/www.ds-gruppen.com\/wp-content\/uploads\/2026\/02\/dsg-download-epder-hero-1728x950-1.webp 1728w, https:\/\/www.ds-gruppen.com\/wp-content\/uploads\/2026\/02\/dsg-download-epder-hero-1728x950-1-300x165.webp 300w, https:\/\/www.ds-gruppen.com\/wp-content\/uploads\/2026\/02\/dsg-download-epder-hero-1728x950-1-1024x563.webp 1024w, https:\/\/www.ds-gruppen.com\/wp-content\/uploads\/2026\/02\/dsg-download-epder-hero-1728x950-1-768x422.webp 768w, https:\/\/www.ds-gruppen.com\/wp-content\/uploads\/2026\/02\/dsg-download-epder-hero-1728x950-1-1536x844.webp 1536w\" sizes=\"auto, (max-width: 1728px) 100vw, 1728px\" \/>\t\t\t\t\t\t<\/div>\n\t<div class=\"absolute bottom-4 lg:bottom-15 w-full\">\n\t\t<div class=\"container max-lg:px-4 mx-auto\">\n\t\t\t<div class=\"bg-white\/90 rounded-md flex flex-col gap-6 w-full max-w-130 p-4 md:p-10 justify-between\">\n\t\t\t\t\t\t\t\t\t<h1 class=\"headline text-xl lg:text-28 leading-[120%] font-light !pb-6\">Download EPD&#8217;er<\/h1>\n\t\t\t\t\t\t\t\t\t\t\t\t\t<div class=\"text-base font-light\">Find og download EPD\u2019er for vores selskaber<\/div>\n\t\t\t\t\t\t\t\t\t\t\t<\/div>\n\t\t<\/div>\n\t<\/div>\n\t        <a href=\"#next-section\" class=\"group hidden lg:block justify-items-center\">\n            <div class=\"image-section--box p-1 bg-white rounded-sm absolute bottom-30 grid place-items-center group-focus:outline group-focus:outline-focus z-3\">\n                <svg width=\"24\" height=\"24\" viewBox=\"0 0 24 24\" fill=\"none\" xmlns=\"http:\/\/www.w3.org\/2000\/svg\">\n                    <path d=\"M20 12L18.59 10.59L13 16.17V4H11V16.17L5.42 10.58L4 12L12 20L20 12Z\" fill=\"#D4761E\"\/>\n                <\/svg>\n            <\/div>\n        <\/a>\n    \t\n<\/section>\n\t<div id=\"next-section\"><\/div>\n\t\n\t\n\n<div class=\"breadcrumbs-section my-5 max-xl:px-4 relative\">\n    <div class=\"container mx-auto\">\n            <nav aria-label=\"Breadcrumbs\">\n        <ol class=\"whitespace-nowrap overflow-hidden text-ellipsis pb-1\">\n            <li class=\"inline\">\n                <a href=\"https:\/\/www.ds-gruppen.com\/da-dk\/\" class=\"ms-[2px] focus:outline outline-focus\">\n                    <svg class=\"inline relative -top-[2px]\" width=\"16\" height=\"17\" viewBox=\"0 0 16 17\" fill=\"none\" xmlns=\"http:\/\/www.w3.org\/2000\/svg\">\n                        <path d=\"M7.99992 4.62668L11.3333 7.62668V12.8333H9.99992V8.83334H5.99992V12.8333H4.66659V7.62668L7.99992 4.62668ZM7.99992 2.83334L1.33325 8.83334H3.33325V14.1667H7.33325V10.1667H8.66659V14.1667H12.6666V8.83334H14.6666L7.99992 2.83334Z\" fill=\"#525252\"\/>\n                    <\/svg>\n                <\/a>\n            <\/li>\n                                                <li class=\"inline before:content-['|'] before:text-bg-border-3 before:text-[11px] before:px-2 before-px-1-5-mobile before:relative before:-top-[2px]\">\n                                                    <a href=\"https:\/\/www.ds-gruppen.com\/da-dk\/baeredygtighed-og-esg\/\" class=\"text-subtle text-sm leading-[150%] underline hover:cursor-pointer hover:text-link decoration-[0.5px] underline-offset-[0.45em] focus:outline outline-focus\">\n                                B\u00e6redygtighed &amp; ESG                            <\/a>\n                                            <\/li>\n                                                        <li class=\"inline before:content-['|'] before:text-bg-border-3 before:text-[11px] before:px-2 before-px-1-5-mobile before:relative before:-top-[2px]\">\n                    <p class=\"inline text-subtle text-sm leading-[150%]\">Download EPD&#8217;er<\/p>\n                <\/li>\n                    <\/ol>\n    <\/nav>\n    <\/div>\n    <div class=\"bg-[linear-gradient(270deg,_#FFF_-3.57%,_rgba(255,255,255,0)_100%)] absolute right-0 -top-5 w-15 h-[calc(100%+40px)] md:hidden\"><\/div>\n<\/div>\n\n<section class=\"two-column-text-media my-15 2xl:my-30 max-xl:px-4\">\n\t<div class=\"container mx-auto\">\n\t\t<div class=\"flex flex-col md:flex-row gap-5 lg:gap-10 xl:gap-20\">\n\t\t\t\t\t\t\t<h2 class=\"headline text-title text-xl xl:text-28 leading-[120%] font-light mb-3 md:hidden !pb-5\">St\u00e5lkonstruktioner<\/h2>\n\t\t\t\t\t\t<div class=\"media-wrapper basis-1\/2 lg:basis-3\/5 relative\">\n\t\t\t\t\t\t\t\t\t\t\t\t\t\t\t<img loading=\"lazy\" decoding=\"async\" width=\"640\" height=\"392\" src=\"https:\/\/www.ds-gruppen.com\/wp-content\/uploads\/2026\/02\/two-column-text-media-ds-staalkonstruktion-980x600px-768x470.webp\" class=\"object-cover w-full h-auto\" alt=\"\" srcset=\"https:\/\/www.ds-gruppen.com\/wp-content\/uploads\/2026\/02\/two-column-text-media-ds-staalkonstruktion-980x600px-768x470.webp 768w, https:\/\/www.ds-gruppen.com\/wp-content\/uploads\/2026\/02\/two-column-text-media-ds-staalkonstruktion-980x600px-300x184.webp 300w, https:\/\/www.ds-gruppen.com\/wp-content\/uploads\/2026\/02\/two-column-text-media-ds-staalkonstruktion-980x600px.webp 980w\" sizes=\"auto, (max-width: 640px) 100vw, 640px\" \/>\t\t\t\t\t\t\t\t\t\t\t\t<\/div>\n\t\t\t<div class=\"basis-1\/2 lg:basis-2\/5\">\n\t\t\t\t\t\t\t\t\t<h2 class=\"headline text-title text-xl xl:text-28 leading-[120%] font-light mb-8 max-md:hidden lg:!pb-10\">St\u00e5lkonstruktioner<\/h2>\n\t\t\t\t\t\t\t\t<div class=\"text-content\">\n\t\t\t\t\t\t\t\t\t\t\t\t\t\t\t\t<div class=\"cta flex flex-col md:flex-row gap-2 md:gap-4 mt-8\">\n\t\t\t\t\t\t\t\t\t\t\t\t\t\t\t\t<a href=\"https:\/\/www.ds-staal.dk\/da-dk\/download-1\" target=\"_self\" class=\"flex-row transition-[gap] gap-3 hover:gap-5 py-1 focus:px-[6px] items-center text-lg text-center rounded-xs focus:outline md:max-lg:whitespace-nowrap outline-focus inline-flex\">\n\t\tDownload DS St\u00e5lkonstruktions EPD&#8217;er\t\t<div class=\"w-[19px] h-[19px] border-[1.5px] border-primary rounded-[99px]\">\n\t\t\t<svg class=\"h-4 p-0.5\" width=\"16\" height=\"17\" viewBox=\"0 0 16 17\" fill=\"none\" xmlns=\"http:\/\/www.w3.org\/2000\/svg\">\n                <path class=\"fill-black\" d=\"M8.00002 3.3877L7.06002 4.3277L10.78 8.05436H2.66669V9.38769H10.78L7.06002 13.1144L8.00002 14.0544L13.3334 8.72103L8.00002 3.3877Z\" fill=\"black\"\/>\n            <\/svg>\n\t\t<\/div>\n\t<\/a>\n\t\t\t\t\t\t\t\t\t\t\t\t\t\t\t\t\t\t\t\t<\/div>\n\t\t\t\t\t\t\t\t\t<\/div>\n\t\t\t<\/div>\n\t\t<\/div>\n\t<\/div>\n<\/section>\n\n\n<section class=\"two-column-text-media my-15 2xl:my-30 max-xl:px-4\">\n\t<div class=\"container mx-auto\">\n\t\t<div class=\"flex flex-col md:flex-row gap-5 lg:gap-10 xl:gap-20\">\n\t\t\t\t\t\t\t<h2 class=\"headline text-title text-xl xl:text-28 leading-[120%] font-light mb-3 md:hidden !pb-5\">Betonelementer<\/h2>\n\t\t\t\t\t\t<div class=\"media-wrapper basis-1\/2 lg:basis-3\/5 relative\">\n\t\t\t\t\t\t\t\t\t\t\t\t\t\t\t<img loading=\"lazy\" decoding=\"async\" width=\"640\" height=\"392\" src=\"https:\/\/www.ds-gruppen.com\/wp-content\/uploads\/2026\/02\/two-column-text-media-ds-elcobyg-980x600px-768x470.webp\" class=\"object-cover w-full h-auto\" alt=\"\" srcset=\"https:\/\/www.ds-gruppen.com\/wp-content\/uploads\/2026\/02\/two-column-text-media-ds-elcobyg-980x600px-768x470.webp 768w, https:\/\/www.ds-gruppen.com\/wp-content\/uploads\/2026\/02\/two-column-text-media-ds-elcobyg-980x600px-300x184.webp 300w, https:\/\/www.ds-gruppen.com\/wp-content\/uploads\/2026\/02\/two-column-text-media-ds-elcobyg-980x600px.webp 980w\" sizes=\"auto, (max-width: 640px) 100vw, 640px\" \/>\t\t\t\t\t\t\t\t\t\t\t\t<\/div>\n\t\t\t<div class=\"basis-1\/2 lg:basis-2\/5\">\n\t\t\t\t\t\t\t\t\t<h2 class=\"headline text-title text-xl xl:text-28 leading-[120%] font-light mb-8 max-md:hidden lg:!pb-10\">Betonelementer<\/h2>\n\t\t\t\t\t\t\t\t<div class=\"text-content\">\n\t\t\t\t\t\t\t\t\t\t\t\t\t\t\t\t<div class=\"cta flex flex-col md:flex-row gap-2 md:gap-4 mt-8\">\n\t\t\t\t\t\t\t\t\t\t\t\t\t\t\t\t<a href=\"https:\/\/www.ds-elcobyg.dk\/da-dk\/download-2\" target=\"_self\" class=\"flex-row transition-[gap] gap-3 hover:gap-5 py-1 focus:px-[6px] items-center text-lg text-center rounded-xs focus:outline md:max-lg:whitespace-nowrap outline-focus inline-flex\">\n\t\tDownload DS Elcobygs EPD&#8217;er\t\t<div class=\"w-[19px] h-[19px] border-[1.5px] border-primary rounded-[99px]\">\n\t\t\t<svg class=\"h-4 p-0.5\" width=\"16\" height=\"17\" viewBox=\"0 0 16 17\" fill=\"none\" xmlns=\"http:\/\/www.w3.org\/2000\/svg\">\n                <path class=\"fill-black\" d=\"M8.00002 3.3877L7.06002 4.3277L10.78 8.05436H2.66669V9.38769H10.78L7.06002 13.1144L8.00002 14.0544L13.3334 8.72103L8.00002 3.3877Z\" fill=\"black\"\/>\n            <\/svg>\n\t\t<\/div>\n\t<\/a>\n\t\t\t\t\t\t\t\t\t\t\t\t\t\t\t\t\t\t\t\t<\/div>\n\t\t\t\t\t\t\t\t\t<\/div>\n\t\t\t<\/div>\n\t\t<\/div>\n\t<\/div>\n<\/section>\n\n\n<section class=\"two-column-text-media my-15 2xl:my-30 max-xl:px-4\">\n\t<div class=\"container mx-auto\">\n\t\t<div class=\"flex flex-col md:flex-row gap-5 lg:gap-10 xl:gap-20\">\n\t\t\t\t\t\t\t<h2 class=\"headline text-title text-xl xl:text-28 leading-[120%] font-light mb-3 md:hidden !pb-5\">Tag- og facadebekl\u00e6dning i st\u00e5l<\/h2>\n\t\t\t\t\t\t<div class=\"media-wrapper basis-1\/2 lg:basis-3\/5 relative\">\n\t\t\t\t\t\t\t\t\t\t\t\t\t\t\t<img loading=\"lazy\" decoding=\"async\" width=\"640\" height=\"392\" src=\"https:\/\/www.ds-gruppen.com\/wp-content\/uploads\/2026\/02\/two-column-text-media-ds-staalprofil-980x600px-768x470.webp\" class=\"object-cover w-full h-auto\" alt=\"\" srcset=\"https:\/\/www.ds-gruppen.com\/wp-content\/uploads\/2026\/02\/two-column-text-media-ds-staalprofil-980x600px-768x470.webp 768w, https:\/\/www.ds-gruppen.com\/wp-content\/uploads\/2026\/02\/two-column-text-media-ds-staalprofil-980x600px-300x184.webp 300w, https:\/\/www.ds-gruppen.com\/wp-content\/uploads\/2026\/02\/two-column-text-media-ds-staalprofil-980x600px.webp 980w\" sizes=\"auto, (max-width: 640px) 100vw, 640px\" \/>\t\t\t\t\t\t\t\t\t\t\t\t<\/div>\n\t\t\t<div class=\"basis-1\/2 lg:basis-2\/5\">\n\t\t\t\t\t\t\t\t\t<h2 class=\"headline text-title text-xl xl:text-28 leading-[120%] font-light mb-8 max-md:hidden lg:!pb-10\">Tag- og facadebekl\u00e6dning i st\u00e5l<\/h2>\n\t\t\t\t\t\t\t\t<div class=\"text-content\">\n\t\t\t\t\t\t\t\t\t\t\t\t\t\t\t\t<div class=\"cta flex flex-col md:flex-row gap-2 md:gap-4 mt-8\">\n\t\t\t\t\t\t\t\t\t\t\t\t\t\t\t\t<a href=\"https:\/\/www.ds-staalprofil.dk\/da-dk\/downloadcenter\" target=\"_self\" class=\"flex-row transition-[gap] gap-3 hover:gap-5 py-1 focus:px-[6px] items-center text-lg text-center rounded-xs focus:outline md:max-lg:whitespace-nowrap outline-focus inline-flex\">\n\t\tDownload DS St\u00e5lprofils EPD&#8217;er\t\t<div class=\"w-[19px] h-[19px] border-[1.5px] border-primary rounded-[99px]\">\n\t\t\t<svg class=\"h-4 p-0.5\" width=\"16\" height=\"17\" viewBox=\"0 0 16 17\" fill=\"none\" xmlns=\"http:\/\/www.w3.org\/2000\/svg\">\n                <path class=\"fill-black\" d=\"M8.00002 3.3877L7.06002 4.3277L10.78 8.05436H2.66669V9.38769H10.78L7.06002 13.1144L8.00002 14.0544L13.3334 8.72103L8.00002 3.3877Z\" fill=\"black\"\/>\n            <\/svg>\n\t\t<\/div>\n\t<\/a>\n\t\t\t\t\t\t\t\t\t\t\t\t\t\t\t\t\t\t\t\t<\/div>\n\t\t\t\t\t\t\t\t\t<\/div>\n\t\t\t<\/div>\n\t\t<\/div>\n\t<\/div>\n<\/section>\n\n\n<section class=\"cta-section relative my-15 xl:my-30\">\n\t<div class=\"image-wrapper size-full absolute\">\n\t\t\t\t\t<img loading=\"lazy\" decoding=\"async\" width=\"2560\" height=\"1707\" src=\"https:\/\/www.ds-gruppen.com\/wp-content\/uploads\/2026\/01\/cta-dss-009-2592x1728px-scaled.webp\" class=\"size-full object-center object-cover\" alt=\"\" srcset=\"https:\/\/www.ds-gruppen.com\/wp-content\/uploads\/2026\/01\/cta-dss-009-2592x1728px-scaled.webp 2560w, https:\/\/www.ds-gruppen.com\/wp-content\/uploads\/2026\/01\/cta-dss-009-2592x1728px-300x200.webp 300w, https:\/\/www.ds-gruppen.com\/wp-content\/uploads\/2026\/01\/cta-dss-009-2592x1728px-1024x683.webp 1024w, https:\/\/www.ds-gruppen.com\/wp-content\/uploads\/2026\/01\/cta-dss-009-2592x1728px-768x512.webp 768w, https:\/\/www.ds-gruppen.com\/wp-content\/uploads\/2026\/01\/cta-dss-009-2592x1728px-1536x1024.webp 1536w, https:\/\/www.ds-gruppen.com\/wp-content\/uploads\/2026\/01\/cta-dss-009-2592x1728px-2048x1365.webp 2048w\" sizes=\"auto, (max-width: 2560px) 100vw, 2560px\" \/>\t\t\t<div class=\"overlay-image absolute top-0 left-0 right-0 bottom-0\"><\/div>\n\t\t\t<\/div>\n\t<div class=\"grid grid-cols-1 lg:grid-cols-2 container mx-auto gap-0 relative\">\n\t\t<div class=\"relative content-end max-md:order-last\">\n\t\t\t\t\t\t\t<div class=\"form-image-wrapper max-lg:p-4 max-lg:pb-0\">\n\t\t\t\t\t<div class=\"relative\">\n\t\t\t\t\t\t<img loading=\"lazy\" decoding=\"async\" width=\"1038\" height=\"800\" src=\"https:\/\/www.ds-gruppen.com\/wp-content\/uploads\/2026\/04\/sgu-04-cta-1038x800px.webp\" class=\"relative w-full z-1\" alt=\"\" srcset=\"https:\/\/www.ds-gruppen.com\/wp-content\/uploads\/2026\/04\/sgu-04-cta-1038x800px.webp 1038w, https:\/\/www.ds-gruppen.com\/wp-content\/uploads\/2026\/04\/sgu-04-cta-1038x800px-300x231.webp 300w, https:\/\/www.ds-gruppen.com\/wp-content\/uploads\/2026\/04\/sgu-04-cta-1038x800px-1024x789.webp 1024w, https:\/\/www.ds-gruppen.com\/wp-content\/uploads\/2026\/04\/sgu-04-cta-1038x800px-768x592.webp 768w\" sizes=\"auto, (max-width: 1038px) 100vw, 1038px\" \/>\t\t\t\t\t<\/div>\n\t\t\t\t<\/div>\n\t\t\t\t\t<\/div>\n\t\t<div class=\"p-4 lg:p-7.5 xl:p-15 flex flex-col gap-8 md:gap-10 z-1\">\n\t\t\t\t\t\t\t<h2 class=\"headline text-body-invert text-xl xl:text-28 leading-[120%] font-light max-md:!pb-5\">Har du sp\u00f8rgsm\u00e5l til, hvordan vi arbejder med b\u00e6redygtighed i DS Gruppen?<\/h2>\n\t\t\t\t\t\t\t\t\t\t<div class=\"wysiwyg small-text-desktop text-body-invert text-base leading-[150%] font-light\"><p><strong>Svanborg Gu\u00f0j\u00f3nsd\u00f3ttir<\/strong><br \/>\nESG- og b\u00e6redygtighedschef<\/p>\n<p>Mobil: <a href=\"tel:+4522358781\">+45 22 35 87 81<\/a><br \/>\nEmail: <a href=\"mailto:sgu@ds-gruppen.dk\">sgu@ds-gruppen.dk\u00a0<\/a><\/p>\n<\/div>\n\t\t\t\t\t\t\t\t\t\t\t<\/div>\n\t<\/div>\n<\/section>\n","protected":false},"excerpt":{"rendered":"","protected":false},"author":6,"featured_media":0,"parent":2453,"menu_order":0,"comment_status":"closed","ping_status":"closed","template":"","meta":{"_acf_changed":false,"inline_featured_image":false,"footnotes":""},"class_list":["post-1917","page","type-page","status-publish","hentry"],"acf":[],"yoast_head":"<!-- This site is optimized with the Yoast SEO plugin v27.3 - https:\/\/yoast.com\/product\/yoast-seo-wordpress\/ -->\n<title>Download EPD\u2019er \u2022 Direkte links til st\u00e5l, beton og facade<\/title>\n<meta name=\"description\" content=\"Find og download EPD\u2019er fra DS Gruppens selskaber inden for st\u00e5lkonstruktioner, betonelementer og tag\/facade i st\u00e5l.\" \/>\n<meta name=\"robots\" content=\"index, follow, max-snippet:-1, max-image-preview:large, max-video-preview:-1\" \/>\n<link rel=\"canonical\" href=\"https:\/\/www.ds-gruppen.com\/da-dk\/baeredygtighed-og-esg\/download-epder\/\" \/>\n<meta property=\"og:locale\" content=\"da_DK\" \/>\n<meta property=\"og:type\" content=\"article\" \/>\n<meta property=\"og:title\" content=\"Download EPD\u2019er \u2022 Direkte links til st\u00e5l, beton og facade\" \/>\n<meta property=\"og:description\" content=\"Find og download EPD\u2019er fra DS Gruppens selskaber inden for st\u00e5lkonstruktioner, betonelementer og tag\/facade i st\u00e5l.\" \/>\n<meta property=\"og:url\" content=\"https:\/\/www.ds-gruppen.com\/da-dk\/baeredygtighed-og-esg\/download-epder\/\" \/>\n<meta property=\"og:site_name\" content=\"DS Gruppen\" \/>\n<meta property=\"article:publisher\" content=\"https:\/\/www.facebook.com\/dsgruppen\" \/>\n<meta property=\"article:modified_time\" content=\"2026-04-09T08:19:17+00:00\" \/>\n<meta name=\"twitter:card\" content=\"summary_large_image\" \/>\n<meta name=\"twitter:label1\" content=\"Estimeret l\u00e6setid\" \/>\n\t<meta name=\"twitter:data1\" content=\"2 minutter\" \/>\n<script type=\"application\/ld+json\" class=\"yoast-schema-graph\">{\"@context\":\"https:\\\/\\\/schema.org\",\"@graph\":[{\"@type\":\"WebPage\",\"@id\":\"https:\\\/\\\/www.ds-gruppen.com\\\/da-dk\\\/baeredygtighed-og-esg\\\/download-epder\\\/\",\"url\":\"https:\\\/\\\/www.ds-gruppen.com\\\/da-dk\\\/baeredygtighed-og-esg\\\/download-epder\\\/\",\"name\":\"Download EPD\u2019er \u2022 Direkte links til st\u00e5l, beton og facade\",\"isPartOf\":{\"@id\":\"https:\\\/\\\/www.ds-gruppen.com\\\/da-dk\\\/#website\"},\"datePublished\":\"2025-12-12T09:20:57+00:00\",\"dateModified\":\"2026-04-09T08:19:17+00:00\",\"description\":\"Find og download EPD\u2019er fra DS Gruppens selskaber inden for st\u00e5lkonstruktioner, betonelementer og tag\\\/facade i st\u00e5l.\",\"breadcrumb\":{\"@id\":\"https:\\\/\\\/www.ds-gruppen.com\\\/da-dk\\\/baeredygtighed-og-esg\\\/download-epder\\\/#breadcrumb\"},\"inLanguage\":\"da-DK\",\"potentialAction\":[{\"@type\":\"ReadAction\",\"target\":[\"https:\\\/\\\/www.ds-gruppen.com\\\/da-dk\\\/baeredygtighed-og-esg\\\/download-epder\\\/\"]}]},{\"@type\":\"BreadcrumbList\",\"@id\":\"https:\\\/\\\/www.ds-gruppen.com\\\/da-dk\\\/baeredygtighed-og-esg\\\/download-epder\\\/#breadcrumb\",\"itemListElement\":[{\"@type\":\"ListItem\",\"position\":1,\"name\":\"Home\",\"item\":\"https:\\\/\\\/www.ds-gruppen.com\\\/da-dk\\\/\"},{\"@type\":\"ListItem\",\"position\":2,\"name\":\"B\u00e6redygtighed &amp; ESG\",\"item\":\"https:\\\/\\\/www.ds-gruppen.com\\\/da-dk\\\/baeredygtighed-og-esg\\\/\"},{\"@type\":\"ListItem\",\"position\":3,\"name\":\"Download EPD&#8217;er\"}]},{\"@type\":\"WebSite\",\"@id\":\"https:\\\/\\\/www.ds-gruppen.com\\\/da-dk\\\/#website\",\"url\":\"https:\\\/\\\/www.ds-gruppen.com\\\/da-dk\\\/\",\"name\":\"DS Gruppen A\\\/S\",\"description\":\"En del af GOLDBECK\",\"publisher\":{\"@id\":\"https:\\\/\\\/www.ds-gruppen.com\\\/da-dk\\\/#organization\"},\"alternateName\":\"DS Gruppen\",\"potentialAction\":[{\"@type\":\"SearchAction\",\"target\":{\"@type\":\"EntryPoint\",\"urlTemplate\":\"https:\\\/\\\/www.ds-gruppen.com\\\/da-dk\\\/?s={search_term_string}\"},\"query-input\":{\"@type\":\"PropertyValueSpecification\",\"valueRequired\":true,\"valueName\":\"search_term_string\"}}],\"inLanguage\":\"da-DK\"},{\"@type\":\"Organization\",\"@id\":\"https:\\\/\\\/www.ds-gruppen.com\\\/da-dk\\\/#organization\",\"name\":\"DS Gruppen\",\"url\":\"https:\\\/\\\/www.ds-gruppen.com\\\/da-dk\\\/\",\"logo\":{\"@type\":\"ImageObject\",\"inLanguage\":\"da-DK\",\"@id\":\"https:\\\/\\\/www.ds-gruppen.com\\\/da-dk\\\/#\\\/schema\\\/logo\\\/image\\\/\",\"url\":\"https:\\\/\\\/www.ds-gruppen.com\\\/wp-content\\\/uploads\\\/2025\\\/10\\\/ds_gruppen_original_rgb.svg\",\"contentUrl\":\"https:\\\/\\\/www.ds-gruppen.com\\\/wp-content\\\/uploads\\\/2025\\\/10\\\/ds_gruppen_original_rgb.svg\",\"caption\":\"DS Gruppen\"},\"image\":{\"@id\":\"https:\\\/\\\/www.ds-gruppen.com\\\/da-dk\\\/#\\\/schema\\\/logo\\\/image\\\/\"},\"sameAs\":[\"https:\\\/\\\/www.facebook.com\\\/dsgruppen\",\"https:\\\/\\\/www.linkedin.com\\\/company\\\/dsgruppenas\\\/\"]}]}<\/script>\n<!-- \/ Yoast SEO plugin. -->","yoast_head_json":{"title":"Download EPD\u2019er \u2022 Direkte links til st\u00e5l, beton og facade","description":"Find og download EPD\u2019er fra DS Gruppens selskaber inden for st\u00e5lkonstruktioner, betonelementer og tag\/facade i st\u00e5l.","robots":{"index":"index","follow":"follow","max-snippet":"max-snippet:-1","max-image-preview":"max-image-preview:large","max-video-preview":"max-video-preview:-1"},"canonical":"https:\/\/www.ds-gruppen.com\/da-dk\/baeredygtighed-og-esg\/download-epder\/","og_locale":"da_DK","og_type":"article","og_title":"Download EPD\u2019er \u2022 Direkte links til st\u00e5l, beton og facade","og_description":"Find og download EPD\u2019er fra DS Gruppens selskaber inden for st\u00e5lkonstruktioner, betonelementer og tag\/facade i st\u00e5l.","og_url":"https:\/\/www.ds-gruppen.com\/da-dk\/baeredygtighed-og-esg\/download-epder\/","og_site_name":"DS Gruppen","article_publisher":"https:\/\/www.facebook.com\/dsgruppen","article_modified_time":"2026-04-09T08:19:17+00:00","twitter_card":"summary_large_image","twitter_misc":{"Estimeret l\u00e6setid":"2 minutter"},"schema":{"@context":"https:\/\/schema.org","@graph":[{"@type":"WebPage","@id":"https:\/\/www.ds-gruppen.com\/da-dk\/baeredygtighed-og-esg\/download-epder\/","url":"https:\/\/www.ds-gruppen.com\/da-dk\/baeredygtighed-og-esg\/download-epder\/","name":"Download EPD\u2019er \u2022 Direkte links til st\u00e5l, beton og facade","isPartOf":{"@id":"https:\/\/www.ds-gruppen.com\/da-dk\/#website"},"datePublished":"2025-12-12T09:20:57+00:00","dateModified":"2026-04-09T08:19:17+00:00","description":"Find og download EPD\u2019er fra DS Gruppens selskaber inden for st\u00e5lkonstruktioner, betonelementer og tag\/facade i st\u00e5l.","breadcrumb":{"@id":"https:\/\/www.ds-gruppen.com\/da-dk\/baeredygtighed-og-esg\/download-epder\/#breadcrumb"},"inLanguage":"da-DK","potentialAction":[{"@type":"ReadAction","target":["https:\/\/www.ds-gruppen.com\/da-dk\/baeredygtighed-og-esg\/download-epder\/"]}]},{"@type":"BreadcrumbList","@id":"https:\/\/www.ds-gruppen.com\/da-dk\/baeredygtighed-og-esg\/download-epder\/#breadcrumb","itemListElement":[{"@type":"ListItem","position":1,"name":"Home","item":"https:\/\/www.ds-gruppen.com\/da-dk\/"},{"@type":"ListItem","position":2,"name":"B\u00e6redygtighed &amp; ESG","item":"https:\/\/www.ds-gruppen.com\/da-dk\/baeredygtighed-og-esg\/"},{"@type":"ListItem","position":3,"name":"Download EPD&#8217;er"}]},{"@type":"WebSite","@id":"https:\/\/www.ds-gruppen.com\/da-dk\/#website","url":"https:\/\/www.ds-gruppen.com\/da-dk\/","name":"DS Gruppen A\/S","description":"En del af GOLDBECK","publisher":{"@id":"https:\/\/www.ds-gruppen.com\/da-dk\/#organization"},"alternateName":"DS Gruppen","potentialAction":[{"@type":"SearchAction","target":{"@type":"EntryPoint","urlTemplate":"https:\/\/www.ds-gruppen.com\/da-dk\/?s={search_term_string}"},"query-input":{"@type":"PropertyValueSpecification","valueRequired":true,"valueName":"search_term_string"}}],"inLanguage":"da-DK"},{"@type":"Organization","@id":"https:\/\/www.ds-gruppen.com\/da-dk\/#organization","name":"DS Gruppen","url":"https:\/\/www.ds-gruppen.com\/da-dk\/","logo":{"@type":"ImageObject","inLanguage":"da-DK","@id":"https:\/\/www.ds-gruppen.com\/da-dk\/#\/schema\/logo\/image\/","url":"https:\/\/www.ds-gruppen.com\/wp-content\/uploads\/2025\/10\/ds_gruppen_original_rgb.svg","contentUrl":"https:\/\/www.ds-gruppen.com\/wp-content\/uploads\/2025\/10\/ds_gruppen_original_rgb.svg","caption":"DS Gruppen"},"image":{"@id":"https:\/\/www.ds-gruppen.com\/da-dk\/#\/schema\/logo\/image\/"},"sameAs":["https:\/\/www.facebook.com\/dsgruppen","https:\/\/www.linkedin.com\/company\/dsgruppenas\/"]}]}},"_links":{"self":[{"href":"https:\/\/www.ds-gruppen.com\/da-dk\/wp-json\/wp\/v2\/pages\/1917","targetHints":{"allow":["GET"]}}],"collection":[{"href":"https:\/\/www.ds-gruppen.com\/da-dk\/wp-json\/wp\/v2\/pages"}],"about":[{"href":"https:\/\/www.ds-gruppen.com\/da-dk\/wp-json\/wp\/v2\/types\/page"}],"author":[{"embeddable":true,"href":"https:\/\/www.ds-gruppen.com\/da-dk\/wp-json\/wp\/v2\/users\/6"}],"replies":[{"embeddable":true,"href":"https:\/\/www.ds-gruppen.com\/da-dk\/wp-json\/wp\/v2\/comments?post=1917"}],"version-history":[{"count":5,"href":"https:\/\/www.ds-gruppen.com\/da-dk\/wp-json\/wp\/v2\/pages\/1917\/revisions"}],"predecessor-version":[{"id":10516,"href":"https:\/\/www.ds-gruppen.com\/da-dk\/wp-json\/wp\/v2\/pages\/1917\/revisions\/10516"}],"up":[{"embeddable":true,"href":"https:\/\/www.ds-gruppen.com\/da-dk\/wp-json\/wp\/v2\/pages\/2453"}],"wp:attachment":[{"href":"https:\/\/www.ds-gruppen.com\/da-dk\/wp-json\/wp\/v2\/media?parent=1917"}],"curies":[{"name":"wp","href":"https:\/\/api.w.org\/{rel}","templated":true}]}}