{"id":2267,"date":"2025-12-17T12:50:30","date_gmt":"2025-12-17T12:50:30","guid":{"rendered":"https:\/\/www.ds-gruppen.com\/da-dk\/?page_id=2267"},"modified":"2026-01-28T12:47:40","modified_gmt":"2026-01-28T12:47:40","slug":"praktik-kommunikationspraktikant-hos-ds-gruppen-mathilde","status":"publish","type":"page","link":"https:\/\/www.ds-gruppen.com\/da-dk\/karriere\/praktikanter\/praktik-kommunikationspraktikant-hos-ds-gruppen-mathilde\/","title":{"rendered":"Praktik: Kommunikationspraktikant hos DS Gruppen\u00a0\u2013 Mathilde Haugstrup From Andersen"},"content":{"rendered":"<div class=\"breadcrumbs-section my-5 max-xl:px-4 relative\">\n    <div class=\"container mx-auto\">\n            <nav aria-label=\"Breadcrumbs\">\n        <ol class=\"whitespace-nowrap overflow-hidden text-ellipsis pb-1\">\n            <li class=\"inline\">\n                <a href=\"https:\/\/www.ds-gruppen.com\/da-dk\/\" class=\"ms-[2px] focus:outline outline-focus\">\n                    <svg class=\"inline relative -top-[2px]\" width=\"16\" height=\"17\" viewBox=\"0 0 16 17\" fill=\"none\" xmlns=\"http:\/\/www.w3.org\/2000\/svg\">\n                        <path d=\"M7.99992 4.62668L11.3333 7.62668V12.8333H9.99992V8.83334H5.99992V12.8333H4.66659V7.62668L7.99992 4.62668ZM7.99992 2.83334L1.33325 8.83334H3.33325V14.1667H7.33325V10.1667H8.66659V14.1667H12.6666V8.83334H14.6666L7.99992 2.83334Z\" fill=\"#525252\"\/>\n                    <\/svg>\n                <\/a>\n            <\/li>\n                                                <li class=\"inline before:content-['|'] before:text-bg-border-3 before:text-[11px] before:px-2 before-px-1-5-mobile before:relative before:-top-[2px]\">\n                                                    <a href=\"https:\/\/www.ds-gruppen.com\/da-dk\/karriere\/\" class=\"text-subtle text-sm leading-[150%] underline hover:cursor-pointer hover:text-link decoration-[0.5px] underline-offset-[0.45em] focus:outline outline-focus\">\n                                Karriere                            <\/a>\n                                            <\/li>\n                                    <li class=\"inline before:content-['|'] before:text-bg-border-3 before:text-[11px] before:px-2 before-px-1-5-mobile before:relative before:-top-[2px]\">\n                                                    <a href=\"https:\/\/www.ds-gruppen.com\/da-dk\/karriere\/praktikanter\/\" class=\"text-subtle text-sm leading-[150%] underline hover:cursor-pointer hover:text-link decoration-[0.5px] underline-offset-[0.45em] focus:outline outline-focus\">\n                                Praktikanter                            <\/a>\n                                            <\/li>\n                                                        <li class=\"inline before:content-['|'] before:text-bg-border-3 before:text-[11px] before:px-2 before-px-1-5-mobile before:relative before:-top-[2px]\">\n                    <p class=\"inline text-subtle text-sm leading-[150%]\">Praktik: Kommunikationspraktikant hos DS Gruppen\u00a0\u2013 Mathilde Haugstrup From Andersen<\/p>\n                <\/li>\n                    <\/ol>\n    <\/nav>\n    <\/div>\n    <div class=\"bg-[linear-gradient(270deg,_#FFF_-3.57%,_rgba(255,255,255,0)_100%)] absolute right-0 -top-5 w-15 h-[calc(100%+40px)] md:hidden\"><\/div>\n<\/div>\n\n<section class=\"one-column-text py-15 2xl:py-30 max-xl:px-4\" style='background-color:#FFFFFF'>\n\t<div class=\"container mx-auto max-w-[880px]\">\n\t\t<div class=\"flex flex-col\">\n\t\t\t\t\t\t\t<h2 class=\"headline text-title text-xl xl:text-28 leading-[120%] font-light mb-8 lg:!pb-10\">Praktik: Kommunikationspraktikant hos DS Gruppen<\/h2>\n\t\t\t\t\t\t<div class=\"text-content\">\n\t\t\t\t\t\t\t\t\t<div class=\"wysiwyg [&#038;_p]:!text-base [&#038;_li]:!text-base [&#038;_li:before]:!top-2 leading-[150%] font-light\"><p><img loading=\"lazy\" decoding=\"async\" class=\"alignnone size-full wp-image-5200\" src=\"https:\/\/www.ds-gruppen.com\/wp-content\/uploads\/2026\/01\/praktikant-mathilde-haugstrup-from-andersen-01-980x653px.webp\" alt=\"\" width=\"980\" height=\"653\" srcset=\"https:\/\/www.ds-gruppen.com\/wp-content\/uploads\/2026\/01\/praktikant-mathilde-haugstrup-from-andersen-01-980x653px.webp 980w, https:\/\/www.ds-gruppen.com\/wp-content\/uploads\/2026\/01\/praktikant-mathilde-haugstrup-from-andersen-01-980x653px-300x200.webp 300w, https:\/\/www.ds-gruppen.com\/wp-content\/uploads\/2026\/01\/praktikant-mathilde-haugstrup-from-andersen-01-980x653px-768x512.webp 768w\" sizes=\"auto, (max-width: 980px) 100vw, 980px\" \/><\/p>\n<h1>Kommunikationspraktikant hos DS Gruppen<\/h1>\n<h2>Mathilde Haugstrup From Andersen var igang med sin professionsbachelor i kommunikation p\u00e5 Danmarks Medie- og Journalisth\u00f8jskole, da hun var i praktik hos DS Gruppen.<\/h2>\n<p>Det vigtigste, jeg tager med fra min praktik hos DS Gruppen, er evnen til at finde min plads i en (st\u00f8rre) organisation. I min praktik samarbejdede jeg med mange forskellige mennesker med forskellige fagligheder, og p\u00e5 den m\u00e5de har jeg f\u00e5et et virkelig godt indblik i, hvad jeg bringer til bordet i et team, og hvordan jeg spiller bedst sammen med andre fagligheder. Jeg l\u00e6rt rigtigt meget om min egen rolle \u2013 som kommunikationsmedarbejder i mit tilf\u00e6lde \u2013 og i den grad f\u00e5et en bedre forst\u00e5else af, hvad det egentlig er, jeg uddanner mig til!<\/p>\n<p>Det sjoveste ved at v\u00e6re i praktik hos DS Gruppen var at jeg fik lov til at kaste mig ud i en masse forskellige opgaver og tage ansvaret for mine egne projekter. Som praktikant er der plads til at eksperimentere, samtidig med at du tager del i det daglige arbejde. Jeg var for eksempel med til at arrangere et event for studerende helt fra id\u00e9udviklingen til eksekveringen og afholdelse af eventet, hvilket var noget, jeg aldrig havde pr\u00f8vet f\u00f8r. Jeg fik ogs\u00e5 ansvaret for at bygge en landingsside til hjemmesiden fra bunden i samarbejde med et eksternt bureau. Det gav mig ikke kun praktisk erfaring med konkrete arbejdsopgaver, men ogs\u00e5 en bedre id\u00e9 om, hvad jeg vil arbejde med i fremtiden \u2013 og hvad jeg ikke vil arbejde med.<\/p>\n<p>Det mest l\u00e6rerige i min praktik hos DS Gruppen, var at tilbringe hverdagen p\u00e5 kontoret og l\u00e6re af mine kolleger. Jeg blev taget imod med \u00e5bne arme og f\u00f8lte mig som en integreret del af marketingteamet fra dag \u00e9t. Ikke mindst kunne jeg m\u00e6rke, at jeg kom ind i et team af rigtigt dygtige fagfolk, som samtidig var ydmyge og villige til at l\u00e6re fra sig. Jeg synes, at praktik giver en unik mulighed for at l\u00e6re af folk fra branchen \u2013 i branchen \u2013 og det er d\u00e9t, jeg f\u00f8ler, jeg har f\u00e5et allermest ud af.<\/p>\n<p>\u2013 Mathilde Haugstrup From Andersen<\/p>\n<div style=\"width: 640px;\" class=\"wp-video\"><video class=\"wp-video-shortcode\" id=\"video-2267-1\" width=\"640\" height=\"360\" preload=\"metadata\" controls=\"controls\"><source type=\"video\/mp4\" src=\"https:\/\/res.cloudinary.com\/dsgruppen\/video\/upload\/v1726466384\/MedTeksterKommunikationspraktikantHosDS-WEB_ua6pwv.mp4?_=1\" \/><a href=\"https:\/\/res.cloudinary.com\/dsgruppen\/video\/upload\/v1726466384\/MedTeksterKommunikationspraktikantHosDS-WEB_ua6pwv.mp4\">https:\/\/res.cloudinary.com\/dsgruppen\/video\/upload\/v1726466384\/MedTeksterKommunikationspraktikantHosDS-WEB_ua6pwv.mp4<\/a><\/video><\/div>\n<h2><strong>Hvad kan du blive hos DS Marketing<\/strong><\/h2>\n<p>Vi tilbyder dig en praktikplads, hvor du b\u00e5de f\u00e5r meget alsidige opgaver og ansvar. Vi tilpasser opgavernes omfang og ansvar til dit niveau og kvalifikationer.<\/p>\n<h3>Eksempler p\u00e5 kommunikationsopgaver, vi l\u00f8ser i marketing:<\/h3>\n<ul>\n<li>Intern og ekstern kommunikation p\u00e5 dansk og engelsk<\/li>\n<li>Udvikling af indhold til hjemmesider og SoMe-kanaler (Linkedin, Facebook, Instagram m.m.)<\/li>\n<li>SoMe-eksekvering og evaluering<\/li>\n<li>SEO arbejde<\/li>\n<li>Tekstudvikling og korrektur<\/li>\n<li>PR- og medieh\u00e5ndtering<\/li>\n<li>Powerpointpr\u00e6sentationer<\/li>\n<li>Employer Branding<\/li>\n<li>Id\u00e9udvikling i forhold til projekter og events<\/li>\n<li>Hj\u00e6lp til planl\u00e6gning og afvikling af interne events<\/li>\n<li>Kommunikation med reklamebureau og \u00f8vrige partnere<\/li>\n<\/ul>\n<p>Vi forventer ikke, at du kan alt. Vi st\u00e5r klar til at l\u00e6re dig en masse, men ogs\u00e5 til at lytte til dig,\u202fdin viden og f\u00e5 din sparring p\u00e5 de opgaver, vi arbejder med.<\/p>\n<p>Vi ans\u00e6tter praktikanter i 5-6 m\u00e5neder \u2013\u202f37 timer pr. uge. Vil du vide mere, inden du s\u00f8ger praktikplads hos os, kan du kontakte marketingchef Tina Woods.<\/p>\n<\/div>\n\t\t\t\t\t\t\t\t\t\t\t\t\t<div class=\"cta flex flex-col md:flex-row gap-2 md:gap-4 mt-8\">\n\t\t\t\t\t\t\t\t\t\t\t\t\t\t<a href=\"https:\/\/dsgruppen.hr-on.com\/show-job\/236354\" target=\"_blank\" class=\"flex-row transition-[gap] gap-3 hover:gap-5 py-1 focus:px-[6px] items-center text-lg text-center rounded-xs focus:outline md:max-lg:whitespace-nowrap outline-focus inline-flex\">\n\t\tSend os din ans\u00f8gning\t\t<div class=\"w-[19px] h-[19px] border-[1.5px] border-primary rounded-[99px]\">\n\t\t\t<svg class=\"h-4 p-0.5\" width=\"16\" height=\"17\" viewBox=\"0 0 16 17\" fill=\"none\" xmlns=\"http:\/\/www.w3.org\/2000\/svg\">\n                <path class=\"fill-black\" d=\"M8.00002 3.3877L7.06002 4.3277L10.78 8.05436H2.66669V9.38769H10.78L7.06002 13.1144L8.00002 14.0544L13.3334 8.72103L8.00002 3.3877Z\" fill=\"black\"\/>\n            <\/svg>\n\t\t<\/div>\n\t<\/a>\n\t\t\t\t\t\t\t\t\t\t\t\t\t\t\t\t\t<\/div>\n\t\t\t\t\t\t\t<\/div>\n\t\t<\/div>\n\t<\/div>\n<\/section>\n\n\n<section class=\"cta-section relative my-15 xl:my-30\">\n\t<div class=\"image-wrapper size-full absolute\">\n\t\t\t\t\t<img loading=\"lazy\" decoding=\"async\" width=\"2560\" height=\"1707\" src=\"https:\/\/www.ds-gruppen.com\/wp-content\/uploads\/2026\/01\/cta-dsp-013-2592x1728px-scaled.webp\" class=\"size-full object-center object-cover\" alt=\"\" srcset=\"https:\/\/www.ds-gruppen.com\/wp-content\/uploads\/2026\/01\/cta-dsp-013-2592x1728px-scaled.webp 2560w, https:\/\/www.ds-gruppen.com\/wp-content\/uploads\/2026\/01\/cta-dsp-013-2592x1728px-300x200.webp 300w, https:\/\/www.ds-gruppen.com\/wp-content\/uploads\/2026\/01\/cta-dsp-013-2592x1728px-1024x683.webp 1024w, https:\/\/www.ds-gruppen.com\/wp-content\/uploads\/2026\/01\/cta-dsp-013-2592x1728px-768x512.webp 768w, https:\/\/www.ds-gruppen.com\/wp-content\/uploads\/2026\/01\/cta-dsp-013-2592x1728px-1536x1024.webp 1536w, https:\/\/www.ds-gruppen.com\/wp-content\/uploads\/2026\/01\/cta-dsp-013-2592x1728px-2048x1365.webp 2048w\" sizes=\"auto, (max-width: 2560px) 100vw, 2560px\" \/>\t\t\t<div class=\"overlay-image absolute top-0 left-0 right-0 bottom-0\"><\/div>\n\t\t\t<\/div>\n\t<div class=\"grid grid-cols-1 lg:grid-cols-2 container mx-auto gap-0 relative\">\n\t\t<div class=\"relative content-end max-md:order-last\">\n\t\t\t\t\t\t\t<div class=\"form-image-wrapper max-lg:p-4 max-lg:pb-0\">\n\t\t\t\t\t<div class=\"relative\">\n\t\t\t\t\t\t<img loading=\"lazy\" decoding=\"async\" width=\"1038\" height=\"800\" src=\"https:\/\/www.ds-gruppen.com\/wp-content\/uploads\/2026\/01\/two-01-cta-1038x800px.webp\" class=\"relative w-full z-1\" alt=\"\" srcset=\"https:\/\/www.ds-gruppen.com\/wp-content\/uploads\/2026\/01\/two-01-cta-1038x800px.webp 1038w, https:\/\/www.ds-gruppen.com\/wp-content\/uploads\/2026\/01\/two-01-cta-1038x800px-300x231.webp 300w, https:\/\/www.ds-gruppen.com\/wp-content\/uploads\/2026\/01\/two-01-cta-1038x800px-1024x789.webp 1024w, https:\/\/www.ds-gruppen.com\/wp-content\/uploads\/2026\/01\/two-01-cta-1038x800px-768x592.webp 768w\" sizes=\"auto, (max-width: 1038px) 100vw, 1038px\" \/>\t\t\t\t\t<\/div>\n\t\t\t\t<\/div>\n\t\t\t\t\t<\/div>\n\t\t<div class=\"p-4 lg:p-7.5 xl:p-15 flex flex-col gap-8 md:gap-10 z-1\">\n\t\t\t\t\t\t\t<h2 class=\"headline text-body-invert text-xl xl:text-28 leading-[120%] font-light max-md:!pb-5\">Er du interesseret i en praktikplads i DS Marketing?<\/h2>\n\t\t\t\t\t\t\t\t\t\t<div class=\"wysiwyg small-text-desktop text-body-invert text-base leading-[150%] font-light\"><p>Del din LinkedIn profil med os, send en video eller en ans\u00f8gning.<\/p>\n<p>Vi gl\u00e6der os til at f\u00e5 dig med p\u00e5 holdet.<\/p>\n<p><strong>Vi tager praktikanter for\u00e5r og efter\u00e5r.<\/strong><\/p>\n<p><strong>Tina Woods<\/strong><br \/>\nMarketingchef<\/p>\n<p>Mobil:\u00a0<a href=\"tel:+45 96 57 60 71\">+45 96 57 60 71<\/a><br \/>\nEmail:\u00a0<a href=\"mailto:two@ds-gruppen.dk\">two@ds-gruppen.dk<\/a><\/p>\n<\/div>\n\t\t\t\t\t\t\t\t\t\t\t<\/div>\n\t<\/div>\n<\/section>\n","protected":false},"excerpt":{"rendered":"","protected":false},"author":9,"featured_media":0,"parent":662,"menu_order":0,"comment_status":"closed","ping_status":"closed","template":"","meta":{"_acf_changed":false,"inline_featured_image":false,"footnotes":""},"class_list":["post-2267","page","type-page","status-publish","hentry"],"acf":[],"yoast_head":"<!-- This site is optimized with the Yoast SEO plugin v27.3 - https:\/\/yoast.com\/product\/yoast-seo-wordpress\/ -->\n<title>Praktik: Kommunikationspraktikant hos DS Gruppen\u00a0\u2013 Mathilde Haugstrup From Andersen &#8226; DS Gruppen<\/title>\n<meta name=\"robots\" content=\"index, follow, max-snippet:-1, max-image-preview:large, max-video-preview:-1\" \/>\n<link rel=\"canonical\" href=\"https:\/\/www.ds-gruppen.com\/da-dk\/karriere\/praktikanter\/praktik-kommunikationspraktikant-hos-ds-gruppen-mathilde\/\" \/>\n<meta property=\"og:locale\" content=\"da_DK\" \/>\n<meta property=\"og:type\" content=\"article\" \/>\n<meta property=\"og:title\" content=\"Praktik: Kommunikationspraktikant hos DS Gruppen\u00a0\u2013 Mathilde Haugstrup From Andersen &#8226; DS Gruppen\" \/>\n<meta property=\"og:url\" content=\"https:\/\/www.ds-gruppen.com\/da-dk\/karriere\/praktikanter\/praktik-kommunikationspraktikant-hos-ds-gruppen-mathilde\/\" \/>\n<meta property=\"og:site_name\" content=\"DS Gruppen\" \/>\n<meta property=\"article:publisher\" content=\"https:\/\/www.facebook.com\/dsgruppen\" \/>\n<meta property=\"article:modified_time\" content=\"2026-01-28T12:47:40+00:00\" \/>\n<meta name=\"twitter:card\" content=\"summary_large_image\" \/>\n<meta name=\"twitter:label1\" content=\"Estimeret l\u00e6setid\" \/>\n\t<meta name=\"twitter:data1\" content=\"4 minutter\" \/>\n<script type=\"application\/ld+json\" class=\"yoast-schema-graph\">{\"@context\":\"https:\\\/\\\/schema.org\",\"@graph\":[{\"@type\":\"WebPage\",\"@id\":\"https:\\\/\\\/www.ds-gruppen.com\\\/da-dk\\\/karriere\\\/praktikanter\\\/praktik-kommunikationspraktikant-hos-ds-gruppen-mathilde\\\/\",\"url\":\"https:\\\/\\\/www.ds-gruppen.com\\\/da-dk\\\/karriere\\\/praktikanter\\\/praktik-kommunikationspraktikant-hos-ds-gruppen-mathilde\\\/\",\"name\":\"Praktik: Kommunikationspraktikant hos DS Gruppen\u00a0\u2013 Mathilde Haugstrup From Andersen &#8226; DS Gruppen\",\"isPartOf\":{\"@id\":\"https:\\\/\\\/www.ds-gruppen.com\\\/da-dk\\\/#website\"},\"datePublished\":\"2025-12-17T12:50:30+00:00\",\"dateModified\":\"2026-01-28T12:47:40+00:00\",\"breadcrumb\":{\"@id\":\"https:\\\/\\\/www.ds-gruppen.com\\\/da-dk\\\/karriere\\\/praktikanter\\\/praktik-kommunikationspraktikant-hos-ds-gruppen-mathilde\\\/#breadcrumb\"},\"inLanguage\":\"da-DK\",\"potentialAction\":[{\"@type\":\"ReadAction\",\"target\":[\"https:\\\/\\\/www.ds-gruppen.com\\\/da-dk\\\/karriere\\\/praktikanter\\\/praktik-kommunikationspraktikant-hos-ds-gruppen-mathilde\\\/\"]}]},{\"@type\":\"BreadcrumbList\",\"@id\":\"https:\\\/\\\/www.ds-gruppen.com\\\/da-dk\\\/karriere\\\/praktikanter\\\/praktik-kommunikationspraktikant-hos-ds-gruppen-mathilde\\\/#breadcrumb\",\"itemListElement\":[{\"@type\":\"ListItem\",\"position\":1,\"name\":\"Home\",\"item\":\"https:\\\/\\\/www.ds-gruppen.com\\\/da-dk\\\/\"},{\"@type\":\"ListItem\",\"position\":2,\"name\":\"Karriere\",\"item\":\"https:\\\/\\\/www.ds-gruppen.com\\\/da-dk\\\/karriere\\\/\"},{\"@type\":\"ListItem\",\"position\":3,\"name\":\"Praktikanter\",\"item\":\"https:\\\/\\\/www.ds-gruppen.com\\\/da-dk\\\/karriere\\\/praktikanter\\\/\"},{\"@type\":\"ListItem\",\"position\":4,\"name\":\"Praktik: Kommunikationspraktikant hos DS Gruppen\u00a0\u2013 Mathilde Haugstrup From Andersen\"}]},{\"@type\":\"WebSite\",\"@id\":\"https:\\\/\\\/www.ds-gruppen.com\\\/da-dk\\\/#website\",\"url\":\"https:\\\/\\\/www.ds-gruppen.com\\\/da-dk\\\/\",\"name\":\"DS Gruppen A\\\/S\",\"description\":\"En del af GOLDBECK\",\"publisher\":{\"@id\":\"https:\\\/\\\/www.ds-gruppen.com\\\/da-dk\\\/#organization\"},\"alternateName\":\"DS Gruppen\",\"potentialAction\":[{\"@type\":\"SearchAction\",\"target\":{\"@type\":\"EntryPoint\",\"urlTemplate\":\"https:\\\/\\\/www.ds-gruppen.com\\\/da-dk\\\/?s={search_term_string}\"},\"query-input\":{\"@type\":\"PropertyValueSpecification\",\"valueRequired\":true,\"valueName\":\"search_term_string\"}}],\"inLanguage\":\"da-DK\"},{\"@type\":\"Organization\",\"@id\":\"https:\\\/\\\/www.ds-gruppen.com\\\/da-dk\\\/#organization\",\"name\":\"DS Gruppen\",\"url\":\"https:\\\/\\\/www.ds-gruppen.com\\\/da-dk\\\/\",\"logo\":{\"@type\":\"ImageObject\",\"inLanguage\":\"da-DK\",\"@id\":\"https:\\\/\\\/www.ds-gruppen.com\\\/da-dk\\\/#\\\/schema\\\/logo\\\/image\\\/\",\"url\":\"https:\\\/\\\/www.ds-gruppen.com\\\/wp-content\\\/uploads\\\/2025\\\/10\\\/ds_gruppen_original_rgb.svg\",\"contentUrl\":\"https:\\\/\\\/www.ds-gruppen.com\\\/wp-content\\\/uploads\\\/2025\\\/10\\\/ds_gruppen_original_rgb.svg\",\"caption\":\"DS Gruppen\"},\"image\":{\"@id\":\"https:\\\/\\\/www.ds-gruppen.com\\\/da-dk\\\/#\\\/schema\\\/logo\\\/image\\\/\"},\"sameAs\":[\"https:\\\/\\\/www.facebook.com\\\/dsgruppen\",\"https:\\\/\\\/www.linkedin.com\\\/company\\\/dsgruppenas\\\/\"]}]}<\/script>\n<!-- \/ Yoast SEO plugin. -->","yoast_head_json":{"title":"Praktik: Kommunikationspraktikant hos DS Gruppen\u00a0\u2013 Mathilde Haugstrup From Andersen &#8226; DS Gruppen","robots":{"index":"index","follow":"follow","max-snippet":"max-snippet:-1","max-image-preview":"max-image-preview:large","max-video-preview":"max-video-preview:-1"},"canonical":"https:\/\/www.ds-gruppen.com\/da-dk\/karriere\/praktikanter\/praktik-kommunikationspraktikant-hos-ds-gruppen-mathilde\/","og_locale":"da_DK","og_type":"article","og_title":"Praktik: Kommunikationspraktikant hos DS Gruppen\u00a0\u2013 Mathilde Haugstrup From Andersen &#8226; DS Gruppen","og_url":"https:\/\/www.ds-gruppen.com\/da-dk\/karriere\/praktikanter\/praktik-kommunikationspraktikant-hos-ds-gruppen-mathilde\/","og_site_name":"DS Gruppen","article_publisher":"https:\/\/www.facebook.com\/dsgruppen","article_modified_time":"2026-01-28T12:47:40+00:00","twitter_card":"summary_large_image","twitter_misc":{"Estimeret l\u00e6setid":"4 minutter"},"schema":{"@context":"https:\/\/schema.org","@graph":[{"@type":"WebPage","@id":"https:\/\/www.ds-gruppen.com\/da-dk\/karriere\/praktikanter\/praktik-kommunikationspraktikant-hos-ds-gruppen-mathilde\/","url":"https:\/\/www.ds-gruppen.com\/da-dk\/karriere\/praktikanter\/praktik-kommunikationspraktikant-hos-ds-gruppen-mathilde\/","name":"Praktik: Kommunikationspraktikant hos DS Gruppen\u00a0\u2013 Mathilde Haugstrup From Andersen &#8226; DS Gruppen","isPartOf":{"@id":"https:\/\/www.ds-gruppen.com\/da-dk\/#website"},"datePublished":"2025-12-17T12:50:30+00:00","dateModified":"2026-01-28T12:47:40+00:00","breadcrumb":{"@id":"https:\/\/www.ds-gruppen.com\/da-dk\/karriere\/praktikanter\/praktik-kommunikationspraktikant-hos-ds-gruppen-mathilde\/#breadcrumb"},"inLanguage":"da-DK","potentialAction":[{"@type":"ReadAction","target":["https:\/\/www.ds-gruppen.com\/da-dk\/karriere\/praktikanter\/praktik-kommunikationspraktikant-hos-ds-gruppen-mathilde\/"]}]},{"@type":"BreadcrumbList","@id":"https:\/\/www.ds-gruppen.com\/da-dk\/karriere\/praktikanter\/praktik-kommunikationspraktikant-hos-ds-gruppen-mathilde\/#breadcrumb","itemListElement":[{"@type":"ListItem","position":1,"name":"Home","item":"https:\/\/www.ds-gruppen.com\/da-dk\/"},{"@type":"ListItem","position":2,"name":"Karriere","item":"https:\/\/www.ds-gruppen.com\/da-dk\/karriere\/"},{"@type":"ListItem","position":3,"name":"Praktikanter","item":"https:\/\/www.ds-gruppen.com\/da-dk\/karriere\/praktikanter\/"},{"@type":"ListItem","position":4,"name":"Praktik: Kommunikationspraktikant hos DS Gruppen\u00a0\u2013 Mathilde Haugstrup From Andersen"}]},{"@type":"WebSite","@id":"https:\/\/www.ds-gruppen.com\/da-dk\/#website","url":"https:\/\/www.ds-gruppen.com\/da-dk\/","name":"DS Gruppen A\/S","description":"En del af GOLDBECK","publisher":{"@id":"https:\/\/www.ds-gruppen.com\/da-dk\/#organization"},"alternateName":"DS Gruppen","potentialAction":[{"@type":"SearchAction","target":{"@type":"EntryPoint","urlTemplate":"https:\/\/www.ds-gruppen.com\/da-dk\/?s={search_term_string}"},"query-input":{"@type":"PropertyValueSpecification","valueRequired":true,"valueName":"search_term_string"}}],"inLanguage":"da-DK"},{"@type":"Organization","@id":"https:\/\/www.ds-gruppen.com\/da-dk\/#organization","name":"DS Gruppen","url":"https:\/\/www.ds-gruppen.com\/da-dk\/","logo":{"@type":"ImageObject","inLanguage":"da-DK","@id":"https:\/\/www.ds-gruppen.com\/da-dk\/#\/schema\/logo\/image\/","url":"https:\/\/www.ds-gruppen.com\/wp-content\/uploads\/2025\/10\/ds_gruppen_original_rgb.svg","contentUrl":"https:\/\/www.ds-gruppen.com\/wp-content\/uploads\/2025\/10\/ds_gruppen_original_rgb.svg","caption":"DS Gruppen"},"image":{"@id":"https:\/\/www.ds-gruppen.com\/da-dk\/#\/schema\/logo\/image\/"},"sameAs":["https:\/\/www.facebook.com\/dsgruppen","https:\/\/www.linkedin.com\/company\/dsgruppenas\/"]}]}},"_links":{"self":[{"href":"https:\/\/www.ds-gruppen.com\/da-dk\/wp-json\/wp\/v2\/pages\/2267","targetHints":{"allow":["GET"]}}],"collection":[{"href":"https:\/\/www.ds-gruppen.com\/da-dk\/wp-json\/wp\/v2\/pages"}],"about":[{"href":"https:\/\/www.ds-gruppen.com\/da-dk\/wp-json\/wp\/v2\/types\/page"}],"author":[{"embeddable":true,"href":"https:\/\/www.ds-gruppen.com\/da-dk\/wp-json\/wp\/v2\/users\/9"}],"replies":[{"embeddable":true,"href":"https:\/\/www.ds-gruppen.com\/da-dk\/wp-json\/wp\/v2\/comments?post=2267"}],"version-history":[{"count":41,"href":"https:\/\/www.ds-gruppen.com\/da-dk\/wp-json\/wp\/v2\/pages\/2267\/revisions"}],"predecessor-version":[{"id":9493,"href":"https:\/\/www.ds-gruppen.com\/da-dk\/wp-json\/wp\/v2\/pages\/2267\/revisions\/9493"}],"up":[{"embeddable":true,"href":"https:\/\/www.ds-gruppen.com\/da-dk\/wp-json\/wp\/v2\/pages\/662"}],"wp:attachment":[{"href":"https:\/\/www.ds-gruppen.com\/da-dk\/wp-json\/wp\/v2\/media?parent=2267"}],"curies":[{"name":"wp","href":"https:\/\/api.w.org\/{rel}","templated":true}]}}