{"id":2444,"date":"2025-12-18T07:22:22","date_gmt":"2025-12-18T07:22:22","guid":{"rendered":"https:\/\/www.ds-gruppen.com\/da-dk\/?page_id=2444"},"modified":"2026-03-31T11:51:57","modified_gmt":"2026-03-31T10:51:57","slug":"privatlivspolitik","status":"publish","type":"page","link":"https:\/\/www.ds-gruppen.com\/da-dk\/privatlivspolitik\/","title":{"rendered":"Privatlivspolitik"},"content":{"rendered":"<div class=\"breadcrumbs-section my-5 max-xl:px-4 relative\">\n    <div class=\"container mx-auto\">\n            <nav aria-label=\"Breadcrumbs\">\n        <ol class=\"whitespace-nowrap overflow-hidden text-ellipsis pb-1\">\n            <li class=\"inline\">\n                <a href=\"https:\/\/www.ds-gruppen.com\/da-dk\/\" class=\"ms-[2px] focus:outline outline-focus\">\n                    <svg class=\"inline relative -top-[2px]\" width=\"16\" height=\"17\" viewBox=\"0 0 16 17\" fill=\"none\" xmlns=\"http:\/\/www.w3.org\/2000\/svg\">\n                        <path d=\"M7.99992 4.62668L11.3333 7.62668V12.8333H9.99992V8.83334H5.99992V12.8333H4.66659V7.62668L7.99992 4.62668ZM7.99992 2.83334L1.33325 8.83334H3.33325V14.1667H7.33325V10.1667H8.66659V14.1667H12.6666V8.83334H14.6666L7.99992 2.83334Z\" fill=\"#525252\"\/>\n                    <\/svg>\n                <\/a>\n            <\/li>\n                                        <li class=\"inline before:content-['|'] before:text-bg-border-3 before:text-[11px] before:px-2 before-px-1-5-mobile before:relative before:-top-[2px]\">\n                    <p class=\"inline text-subtle text-sm leading-[150%]\">Privatlivspolitik<\/p>\n                <\/li>\n                    <\/ol>\n    <\/nav>\n    <\/div>\n    <div class=\"bg-[linear-gradient(270deg,_#FFF_-3.57%,_rgba(255,255,255,0)_100%)] absolute right-0 -top-5 w-15 h-[calc(100%+40px)] md:hidden\"><\/div>\n<\/div>\n\n\n<h1 class=\"wp-block-heading cokprivwhist has-large-font-size\">Privatlivspolitik<\/h1>\n\n\n<section class=\"one-column-text py-15 2xl:py-30 max-xl:px-4\" style='background-color:#FFFFFF'>\n\t<div class=\"container mx-auto max-w-[880px]\">\n\t\t<div class=\"flex flex-col\">\n\t\t\t\t\t\t<div class=\"text-content\">\n\t\t\t\t\t\t\t\t\t<div class=\"wysiwyg [&#038;_p]:!text-base [&#038;_li]:!text-base [&#038;_li:before]:!top-2 leading-[150%] font-light\"><h2><strong>Privatlivspolitik for DS Gruppen og DS Gruppens selskaber<\/strong><\/h2>\n<h2><strong>Introduktion<\/strong><\/h2>\n<p>Denne persondatapolitik g\u00e6lder for indsamling og behandling af personoplysninger om dig i forbindelse med din kontakt med DS Gruppen A\/S og alle selskaber herunder: DS St\u00e5lkonstruktion A\/S, DS Flexhal A\/S, DS Elcobyg A\/S og DS St\u00e5lprofil A\/S.<\/p>\n<p>DS Gruppen anvender og registrerer i visse situationer en r\u00e6kke personoplysninger om dig, blandt andet n\u00e5r du bruger vores hjemmeside, i forbindelse med jobans\u00f8gning, n\u00e5r din virksomhed etablerer et kundeforhold hos os eller som led i vores virksomhed med produktion og salg af l\u00f8sninger i st\u00e5l og beton til byggeri og industri.<\/p>\n<h2><strong>Vi er den dataansvarlige \u2013 hvordan kontakter du os?<\/strong><\/h2>\n<p>Som leverand\u00f8r til vores kunder tager vi din databeskyttelse alvorligt. Vi behandler personoplysninger i forbindelse med levering af st\u00e5lkonstruktioner og har derfor vedtaget denne privatlivsbeskyttelsespolitik, der fort\u00e6ller dig, hvordan vi behandler dine data.<\/p>\n<h2><strong>Kontaktoplysninger<\/strong><\/h2>\n<p>Mail: <a href=\"mailto:hr@ds-gruppen.dk\">hr@ds-gruppen.dk<\/a><br \/>\nAdresse: Sams\u00f8vej 2, 9500 Hobro<br \/>\nCVR: 40685014<\/p>\n<h2><strong>Form\u00e5lene med og retsgrundlaget for behandlingen af dine personoplysninger<\/strong><\/h2>\n<p>Vi indsamler og opbevarer dine oplysninger i forbindelse med din kontakt til os, eller i forbindelse med opfyldelse af vores aftale om levering af st\u00e5lkonstruktioner jf. persondataforordningens art 6 stk. 1 b) og andre lovlige forretningsm\u00e6ssige form\u00e5l.<\/p>\n<h2><strong>Kategorier af personoplysninger<\/strong><\/h2>\n<p><strong>Kunderelation:\u00a0<\/strong>Hvis du er kunde hos DS Gruppen eller potentiel kunde, behandler vi som udgangspunkt dine oplysninger for at kunne tilbyde vores l\u00f8sninger til dig (med henblik p\u00e5 at indg\u00e5 eller opfylde en aftale vi har med dig eller den virksomhed du repr\u00e6senterer).<\/p>\n<p>Selskabsoplysninger er som udgangspunkt ikke omfattet af databeskyttelsesforordningen, men vi kan dog efter omst\u00e6ndighederne behandle dine identitets-, kontakt- og professionelle oplysninger, herunder navn, e-mailadresse, telefonnummer, din privatadresse, din stilling, din uddannelsesm\u00e6ssige baggrund og oplysninger om vores forretningsm\u00e6ssige relation.<\/p>\n<p>Desuden behandler vi oplysninger om finansielle forhold, herunder betalingsoplysninger og skatteoplysninger. Retsgrundlaget for vores behandling er databeskyttelsesforordningens artikel 6, stk. 1, litra b og f.<\/p>\n<p><strong>Vores hjemmeside<\/strong>: Vores hjemmeside g\u00f8r brug af cookies. N\u00e5r du bes\u00f8ger hjemmesiden, accepterer du samtidig vores brug af cookies. Vi bruger udelukkende cookies til statistiske form\u00e5l, s\u00e5 vi kan g\u00f8re hjemmesiden mere brugervenlig, effektiv og m\u00e5lrettet. Oplysninger er anonyme, og vi kan derfor ikke se, hvem du er. Vi videregiver aldrig informationer til andre.<\/p>\n<p>Se n\u00e6rmere om DS Gruppens brug af\u00a0<a href=\"https:\/\/www.ds-gruppen.com\/da-dk\/cookies\/\">cookies<\/a>\u00a0her.<\/p>\n<p><strong>Jobans\u00f8gning:<\/strong>\u00a0N\u00e5r vi indsamler og registrerer dine data, bliver de gemt digitalt p\u00e5 en s\u00e5dan m\u00e5de, at kun f\u00e5, relevante medarbejdere har adgang til dine data. Vi h\u00e5ndterer derfor dine data p\u00e5 en forsvarlig m\u00e5de og sikrer, at udefrakommende personer ikke har mulighed for at f\u00e5 adgang til dine oplysninger.<\/p>\n<p>Bliver du ansat i den stilling, hvortil din jobans\u00f8gning er rettet, vil vi gemme din jobans\u00f8gning i din personalemappe, som ogs\u00e5 kun f\u00e5, relevante medarbejdere har adgang til.<\/p>\n<p>F\u00e5r du et afslag p\u00e5 en stilling, du har s\u00f8gt, gemmer vi som udgangspunkt din jobans\u00f8gning i 6 m\u00e5neder. Dette sker, for at vi har mulighed for at genneml\u00e6se din ans\u00f8gning igen, hvis der skulle dukke en lignende stilling op i l\u00f8bet af perioden. Efter de 6 m\u00e5neder bliver din ans\u00f8gning slettet, medmindre du skriftligt har givet samtykke til at vi m\u00e5 beholde dine oplysninger i l\u00e6ngere tid.<\/p>\n<h2><strong>Databehandlere, som vi overlader dine personoplysninger til<\/strong><\/h2>\n<p>I visse tilf\u00e6lde overlader vi dine personoplysninger til DS Gruppens samarbejdspartnere og leverand\u00f8rer, fx it-leverand\u00f8rer, koncerninterne selskaber, mv. Disse samarbejdspartnere behandler alene personoplysningerne p\u00e5 DS Gruppens vegne og i overensstemmelse med DS Gruppens instruks.<\/p>\n<p>Vi kan ligeledes videregive dine oplysninger til eksterne tredjeparter, hvis vi bliver p\u00e5lagt det, eller det er en del af den ydelse, vi leverer til dig. Det kan fx v\u00e6re til SKAT, andre offentlige myndigheder eller eksterne samarbejdspartnere.<\/p>\n<p>Hvis der er krav om, at vi indg\u00e5r databehandleraftaler med disse samarbejdspartnere, s\u00e5 har vi indg\u00e5et disse. Dette betyder, at disse parter ogs\u00e5 overholder lovgivningen om personoplysninger. Vi indhenter ikke dit samtykke til at overlade dine personoplysninger til en databehandler, eller hvis vi er retligt forpligtet til at videregive dine personoplysninger, fx som led i indberetning til en myndighed.<\/p>\n<h2><strong>Overf\u00f8rsel til modtagere i tredjelande, herunder internationale organisationer<\/strong><\/h2>\n<p>DS Gruppen overf\u00f8rer ikke dine oplysninger til tredjelande (lande udenfor EU og E\u00d8S).<\/p>\n<h2>Sikkerhed<\/h2>\n<p>Vi har h\u00f8je standarder for sikkerhed, ogs\u00e5 n\u00e5r det g\u00e6lder beskyttelsen af dine personoplysninger. Derfor har vi en r\u00e6kke interne procedurer og politikker, der sikrer, at vi lever op til vores h\u00f8je sikkerhedsstandarder og s\u00e5ledes opfylder kravene om implementering af passende tekniske og organisatoriske sikkerhedsforanstaltninger. Dermed g\u00f8r vi vores bedste for at sikre dine personoplysningers kvalitet og integritet. Hvis du har behov for at sende os f\u00f8lsomme personoplysninger, anbefaler vi, at du benytter kryptering, fx sikker e-mail eller kodebeskyttet fil (Word eller PDF-format).<\/p>\n<h2>Opbevaring og sletning af dine personoplysninger<\/h2>\n<p>Vi sletter dine personoplysninger, n\u00e5r vi ikke l\u00e6ngere har behov for at behandle dem til at opfylde et eller flere af de form\u00e5l, som fremg\u00e5r ovenfor. S\u00e6rlige lovregler, herunder i fx bogf\u00f8rings-eller for\u00e6ldelsesloven, kan dog give os pligt eller ret til at opbevare dem i l\u00e6ngere tid.<\/p>\n<h2>Dine rettigheder<\/h2>\n<p>Du har efter databeskyttelsesforordningen en r\u00e6kke rettigheder i forhold til vores behandling af oplysninger om dig. Hvis du vil g\u00f8re brug af dine rettigheder, skal du kontakte os.<\/p>\n<h2><strong>Retten til at tr\u00e6kke samtykke tilbag<\/strong><\/h2>\n<p>Skulle du have givet samtykke til os til noget ud over levering af st\u00e5lkonstruktioner, s\u00e5 har du til enhver tid ret til at tr\u00e6kke dette samtykke tilbage. Hvis du tr\u00e6kker dit samtykke tilbage, vil vi oph\u00f8re med at behandle dine personoplysninger, medmindre vi er berettigede eller forpligtede til at forts\u00e6tte behandlingen eller opbevaringen af dine personoplysninger p\u00e5 andet grundlag, herunder i henhold til lovgivningen. Tilbagekaldelse af dit samtykke ber\u00f8rer ikke lovligheden af den behandling, som er sket f\u00f8r tilbagekaldelse af samtykket.<\/p>\n<h2>Ret til at se oplysninger (indsigtsret)<\/h2>\n<p>Du har ret til at f\u00e5 indsigt i de oplysninger, som vi behandler om dig, samt en r\u00e6kke yderligere oplysninger.<\/p>\n<h2>Ret til berigtigelse (rettelse)<\/h2>\n<p>Du har ret til at f\u00e5 urigtige oplysninger om dig selv rettet.<\/p>\n<h2>Ret til sletning<\/h2>\n<p>I s\u00e6rlige tilf\u00e6lde har du ret til at f\u00e5 slettet oplysninger om dig, inden tidspunktet for vores almindelige generelle sletning indtr\u00e6ffer.<\/p>\n<h2>Ret til begr\u00e6nsning af behandling<\/h2>\n<p>Du har i visse tilf\u00e6lde ret til at f\u00e5 behandlingen af dine personoplysninger begr\u00e6nset. Hvis du har ret til at f\u00e5 begr\u00e6nset behandlingen, m\u00e5 vi fremover kun behandle oplysningerne \u2013 bortset fra opbevaring \u2013 med dit samtykke, eller med henblik p\u00e5 at retskrav kan fastl\u00e6gges, g\u00f8res g\u00e6ldende eller forsvares, eller for at beskytte en person eller vigtige samfundsinteresser.<\/p>\n<h2>Ret til indsigelse<\/h2>\n<p>Du har i visse tilf\u00e6lde ret til at g\u00f8re indsigelse mod vores eller lovlige behandling af dine personoplysninger. Du kan ogs\u00e5 g\u00f8re indsigelse mod behandling af dine oplysninger til direkte markedsf\u00f8ring.<\/p>\n<h2>Ret til at transmittere oplysninger (dataportabilitet)<\/h2>\n<p>Du har i visse tilf\u00e6lde ret til at modtage dine personoplysninger i et struktureret, almindeligt anvendt og maskinl\u00e6sbart format, samt at f\u00e5 overf\u00f8rt disse personoplysninger fra \u00e9n dataansvarlig til en anden uden hindring.<\/p>\n<h2>Hvis du \u00f8nsker at g\u00f8re brug af dine rettigheder<\/h2>\n<p>Hvis du \u00f8nsker at g\u00f8re brug af dine rettigheder som beskrevet ovenfor, er du til enhver tid velkommen til at kontakte os (Se kontaktoplysninger).<\/p>\n<p>Vi beder om, at du i forbindelse med henvendelser vedr\u00f8rende dine rettigheder giver os tilstr\u00e6kkelige oplysninger til, at vi kan behandle din henvendelse, herunder dit fulde navn og din e-mailadresse, s\u00e5 vi kan identificere dig og svare p\u00e5 din anmodning. Vi vil svare p\u00e5 din henvendelse hurtigst muligt.<\/p>\n<h2>Klagemuligheder<\/h2>\n<p>Du b\u00f8r altid f\u00f8rst rette henvendelse til os som dataansvarligt selskab, s\u00e5fremt du er utilfreds med vores behandling af dine personoplysninger. Du har ret til at indgive en klage til Datatilsynet, hvis du er utilfreds med den m\u00e5de, vi behandler dine personoplysninger p\u00e5. Klagen kan indgives til:<\/p>\n<p><strong>Datatilsynet<\/strong><br \/>\nCarl Jacobsens Vej 35<br \/>\n2500 Valby<br \/>\nTelefon 33 19 32 00<br \/>\nHjemmeside:\u00a0<a href=\"https:\/\/www.datatilsynet.dk\/\">www.datatilsynet.dk<\/a><\/p>\n<h2>\u00c6ndringer i privatlivspolitikken<\/h2>\n<p>Vi forbeholder os retten til at \u00e6ndre denne privatlivspolitik grundet v\u00e6sentlige \u00e6ndringer i lovgivningen, nye tekniske l\u00f8sninger, nye eller forbedrede funktioner eller for at forbedre hjemmesiden.<\/p>\n<h2>Kontakt<\/h2>\n<p>Hvis vi skal \u00e6ndre eller slette personlige oplysninger, vi har registreret om dig, eller hvis du i \u00f8vrigt har sp\u00f8rgsm\u00e5l til retningslinjerne i vores privatlivspolitik, kan du rette henvendelse via ovenst\u00e5ende kontaktoplysninger eller pr. post til:<\/p>\n<p><strong>DS Gruppen<\/strong><br \/>\nSams\u00f8vej 2<br \/>\n9500 Hobro<br \/>\nM\u00e6rket \u201dPersondata\u201d<\/p>\n<p>&nbsp;<\/p>\n<p><em>Denne privatlivspolitik er ajourf\u00f8rt i juni 2024.<\/em><\/p>\n<\/div>\n\t\t\t\t\t\t\t\t\t\t\t<\/div>\n\t\t<\/div>\n\t<\/div>\n<\/section>\n\n\n\n<p><\/p>\n","protected":false},"excerpt":{"rendered":"<p>Privatlivspolitik<\/p>\n","protected":false},"author":6,"featured_media":0,"parent":0,"menu_order":0,"comment_status":"closed","ping_status":"closed","template":"","meta":{"_acf_changed":false,"inline_featured_image":false,"footnotes":""},"class_list":["post-2444","page","type-page","status-publish","hentry"],"acf":[],"yoast_head":"<!-- This site is optimized with the Yoast SEO plugin v27.3 - https:\/\/yoast.com\/product\/yoast-seo-wordpress\/ -->\n<title>DS Gruppens privatlivspolitik \u2022 Data, cookies og rettigheder<\/title>\n<meta name=\"description\" content=\"F\u00e5 overblik over DS Gruppens behandling af personoplysninger, cookies, rettigheder, opbevaring og kontaktoplysninger.\" \/>\n<meta name=\"robots\" content=\"index, follow, max-snippet:-1, max-image-preview:large, max-video-preview:-1\" \/>\n<link rel=\"canonical\" href=\"https:\/\/www.ds-gruppen.com\/da-dk\/privatlivspolitik\/\" \/>\n<meta property=\"og:locale\" content=\"da_DK\" \/>\n<meta property=\"og:type\" content=\"article\" \/>\n<meta property=\"og:title\" content=\"DS Gruppens privatlivspolitik \u2022 Data, cookies og rettigheder\" \/>\n<meta property=\"og:description\" content=\"F\u00e5 overblik over DS Gruppens behandling af personoplysninger, cookies, rettigheder, opbevaring og kontaktoplysninger.\" \/>\n<meta property=\"og:url\" content=\"https:\/\/www.ds-gruppen.com\/da-dk\/privatlivspolitik\/\" \/>\n<meta property=\"og:site_name\" content=\"DS Gruppen\" \/>\n<meta property=\"article:publisher\" content=\"https:\/\/www.facebook.com\/dsgruppen\" \/>\n<meta property=\"article:modified_time\" content=\"2026-03-31T10:51:57+00:00\" \/>\n<meta name=\"twitter:card\" content=\"summary_large_image\" \/>\n<meta name=\"twitter:label1\" content=\"Estimeret l\u00e6setid\" \/>\n\t<meta name=\"twitter:data1\" content=\"8 minutter\" \/>\n<script type=\"application\/ld+json\" class=\"yoast-schema-graph\">{\"@context\":\"https:\\\/\\\/schema.org\",\"@graph\":[{\"@type\":\"WebPage\",\"@id\":\"https:\\\/\\\/www.ds-gruppen.com\\\/da-dk\\\/privatlivspolitik\\\/\",\"url\":\"https:\\\/\\\/www.ds-gruppen.com\\\/da-dk\\\/privatlivspolitik\\\/\",\"name\":\"DS Gruppens privatlivspolitik \u2022 Data, cookies og rettigheder\",\"isPartOf\":{\"@id\":\"https:\\\/\\\/www.ds-gruppen.com\\\/da-dk\\\/#website\"},\"datePublished\":\"2025-12-18T07:22:22+00:00\",\"dateModified\":\"2026-03-31T10:51:57+00:00\",\"description\":\"F\u00e5 overblik over DS Gruppens behandling af personoplysninger, cookies, rettigheder, opbevaring og kontaktoplysninger.\",\"breadcrumb\":{\"@id\":\"https:\\\/\\\/www.ds-gruppen.com\\\/da-dk\\\/privatlivspolitik\\\/#breadcrumb\"},\"inLanguage\":\"da-DK\",\"potentialAction\":[{\"@type\":\"ReadAction\",\"target\":[\"https:\\\/\\\/www.ds-gruppen.com\\\/da-dk\\\/privatlivspolitik\\\/\"]}]},{\"@type\":\"BreadcrumbList\",\"@id\":\"https:\\\/\\\/www.ds-gruppen.com\\\/da-dk\\\/privatlivspolitik\\\/#breadcrumb\",\"itemListElement\":[{\"@type\":\"ListItem\",\"position\":1,\"name\":\"Home\",\"item\":\"https:\\\/\\\/www.ds-gruppen.com\\\/da-dk\\\/\"},{\"@type\":\"ListItem\",\"position\":2,\"name\":\"Privatlivspolitik\"}]},{\"@type\":\"WebSite\",\"@id\":\"https:\\\/\\\/www.ds-gruppen.com\\\/da-dk\\\/#website\",\"url\":\"https:\\\/\\\/www.ds-gruppen.com\\\/da-dk\\\/\",\"name\":\"DS Gruppen A\\\/S\",\"description\":\"En del af GOLDBECK\",\"publisher\":{\"@id\":\"https:\\\/\\\/www.ds-gruppen.com\\\/da-dk\\\/#organization\"},\"alternateName\":\"DS Gruppen\",\"potentialAction\":[{\"@type\":\"SearchAction\",\"target\":{\"@type\":\"EntryPoint\",\"urlTemplate\":\"https:\\\/\\\/www.ds-gruppen.com\\\/da-dk\\\/?s={search_term_string}\"},\"query-input\":{\"@type\":\"PropertyValueSpecification\",\"valueRequired\":true,\"valueName\":\"search_term_string\"}}],\"inLanguage\":\"da-DK\"},{\"@type\":\"Organization\",\"@id\":\"https:\\\/\\\/www.ds-gruppen.com\\\/da-dk\\\/#organization\",\"name\":\"DS Gruppen\",\"url\":\"https:\\\/\\\/www.ds-gruppen.com\\\/da-dk\\\/\",\"logo\":{\"@type\":\"ImageObject\",\"inLanguage\":\"da-DK\",\"@id\":\"https:\\\/\\\/www.ds-gruppen.com\\\/da-dk\\\/#\\\/schema\\\/logo\\\/image\\\/\",\"url\":\"https:\\\/\\\/www.ds-gruppen.com\\\/wp-content\\\/uploads\\\/2025\\\/10\\\/ds_gruppen_original_rgb.svg\",\"contentUrl\":\"https:\\\/\\\/www.ds-gruppen.com\\\/wp-content\\\/uploads\\\/2025\\\/10\\\/ds_gruppen_original_rgb.svg\",\"caption\":\"DS Gruppen\"},\"image\":{\"@id\":\"https:\\\/\\\/www.ds-gruppen.com\\\/da-dk\\\/#\\\/schema\\\/logo\\\/image\\\/\"},\"sameAs\":[\"https:\\\/\\\/www.facebook.com\\\/dsgruppen\",\"https:\\\/\\\/www.linkedin.com\\\/company\\\/dsgruppenas\\\/\"]}]}<\/script>\n<!-- \/ Yoast SEO plugin. -->","yoast_head_json":{"title":"DS Gruppens privatlivspolitik \u2022 Data, cookies og rettigheder","description":"F\u00e5 overblik over DS Gruppens behandling af personoplysninger, cookies, rettigheder, opbevaring og kontaktoplysninger.","robots":{"index":"index","follow":"follow","max-snippet":"max-snippet:-1","max-image-preview":"max-image-preview:large","max-video-preview":"max-video-preview:-1"},"canonical":"https:\/\/www.ds-gruppen.com\/da-dk\/privatlivspolitik\/","og_locale":"da_DK","og_type":"article","og_title":"DS Gruppens privatlivspolitik \u2022 Data, cookies og rettigheder","og_description":"F\u00e5 overblik over DS Gruppens behandling af personoplysninger, cookies, rettigheder, opbevaring og kontaktoplysninger.","og_url":"https:\/\/www.ds-gruppen.com\/da-dk\/privatlivspolitik\/","og_site_name":"DS Gruppen","article_publisher":"https:\/\/www.facebook.com\/dsgruppen","article_modified_time":"2026-03-31T10:51:57+00:00","twitter_card":"summary_large_image","twitter_misc":{"Estimeret l\u00e6setid":"8 minutter"},"schema":{"@context":"https:\/\/schema.org","@graph":[{"@type":"WebPage","@id":"https:\/\/www.ds-gruppen.com\/da-dk\/privatlivspolitik\/","url":"https:\/\/www.ds-gruppen.com\/da-dk\/privatlivspolitik\/","name":"DS Gruppens privatlivspolitik \u2022 Data, cookies og rettigheder","isPartOf":{"@id":"https:\/\/www.ds-gruppen.com\/da-dk\/#website"},"datePublished":"2025-12-18T07:22:22+00:00","dateModified":"2026-03-31T10:51:57+00:00","description":"F\u00e5 overblik over DS Gruppens behandling af personoplysninger, cookies, rettigheder, opbevaring og kontaktoplysninger.","breadcrumb":{"@id":"https:\/\/www.ds-gruppen.com\/da-dk\/privatlivspolitik\/#breadcrumb"},"inLanguage":"da-DK","potentialAction":[{"@type":"ReadAction","target":["https:\/\/www.ds-gruppen.com\/da-dk\/privatlivspolitik\/"]}]},{"@type":"BreadcrumbList","@id":"https:\/\/www.ds-gruppen.com\/da-dk\/privatlivspolitik\/#breadcrumb","itemListElement":[{"@type":"ListItem","position":1,"name":"Home","item":"https:\/\/www.ds-gruppen.com\/da-dk\/"},{"@type":"ListItem","position":2,"name":"Privatlivspolitik"}]},{"@type":"WebSite","@id":"https:\/\/www.ds-gruppen.com\/da-dk\/#website","url":"https:\/\/www.ds-gruppen.com\/da-dk\/","name":"DS Gruppen A\/S","description":"En del af GOLDBECK","publisher":{"@id":"https:\/\/www.ds-gruppen.com\/da-dk\/#organization"},"alternateName":"DS Gruppen","potentialAction":[{"@type":"SearchAction","target":{"@type":"EntryPoint","urlTemplate":"https:\/\/www.ds-gruppen.com\/da-dk\/?s={search_term_string}"},"query-input":{"@type":"PropertyValueSpecification","valueRequired":true,"valueName":"search_term_string"}}],"inLanguage":"da-DK"},{"@type":"Organization","@id":"https:\/\/www.ds-gruppen.com\/da-dk\/#organization","name":"DS Gruppen","url":"https:\/\/www.ds-gruppen.com\/da-dk\/","logo":{"@type":"ImageObject","inLanguage":"da-DK","@id":"https:\/\/www.ds-gruppen.com\/da-dk\/#\/schema\/logo\/image\/","url":"https:\/\/www.ds-gruppen.com\/wp-content\/uploads\/2025\/10\/ds_gruppen_original_rgb.svg","contentUrl":"https:\/\/www.ds-gruppen.com\/wp-content\/uploads\/2025\/10\/ds_gruppen_original_rgb.svg","caption":"DS Gruppen"},"image":{"@id":"https:\/\/www.ds-gruppen.com\/da-dk\/#\/schema\/logo\/image\/"},"sameAs":["https:\/\/www.facebook.com\/dsgruppen","https:\/\/www.linkedin.com\/company\/dsgruppenas\/"]}]}},"_links":{"self":[{"href":"https:\/\/www.ds-gruppen.com\/da-dk\/wp-json\/wp\/v2\/pages\/2444","targetHints":{"allow":["GET"]}}],"collection":[{"href":"https:\/\/www.ds-gruppen.com\/da-dk\/wp-json\/wp\/v2\/pages"}],"about":[{"href":"https:\/\/www.ds-gruppen.com\/da-dk\/wp-json\/wp\/v2\/types\/page"}],"author":[{"embeddable":true,"href":"https:\/\/www.ds-gruppen.com\/da-dk\/wp-json\/wp\/v2\/users\/6"}],"replies":[{"embeddable":true,"href":"https:\/\/www.ds-gruppen.com\/da-dk\/wp-json\/wp\/v2\/comments?post=2444"}],"version-history":[{"count":5,"href":"https:\/\/www.ds-gruppen.com\/da-dk\/wp-json\/wp\/v2\/pages\/2444\/revisions"}],"predecessor-version":[{"id":10473,"href":"https:\/\/www.ds-gruppen.com\/da-dk\/wp-json\/wp\/v2\/pages\/2444\/revisions\/10473"}],"wp:attachment":[{"href":"https:\/\/www.ds-gruppen.com\/da-dk\/wp-json\/wp\/v2\/media?parent=2444"}],"curies":[{"name":"wp","href":"https:\/\/api.w.org\/{rel}","templated":true}]}}