{"id":5395,"date":"2026-01-22T07:52:51","date_gmt":"2026-01-22T07:52:51","guid":{"rendered":"https:\/\/www.ds-gruppen.com\/da-dk\/?page_id=5395"},"modified":"2026-02-23T09:33:54","modified_gmt":"2026-02-23T08:33:54","slug":"praktik-kommunikationspraktikant-hos-ds-gruppen-noah","status":"publish","type":"page","link":"https:\/\/www.ds-gruppen.com\/da-dk\/karriere\/praktikanter\/praktik-kommunikationspraktikant-hos-ds-gruppen-noah\/","title":{"rendered":"Praktik: Kommunikationspraktikant hos DS Gruppen\u00a0\u2013 Noah Lerche Johnson"},"content":{"rendered":"<div class=\"breadcrumbs-section my-5 max-xl:px-4 relative\">\n    <div class=\"container mx-auto\">\n            <nav aria-label=\"Breadcrumbs\">\n        <ol class=\"whitespace-nowrap overflow-hidden text-ellipsis pb-1\">\n            <li class=\"inline\">\n                <a href=\"https:\/\/www.ds-gruppen.com\/da-dk\/\" class=\"ms-[2px] focus:outline outline-focus\">\n                    <svg class=\"inline relative -top-[2px]\" width=\"16\" height=\"17\" viewBox=\"0 0 16 17\" fill=\"none\" xmlns=\"http:\/\/www.w3.org\/2000\/svg\">\n                        <path d=\"M7.99992 4.62668L11.3333 7.62668V12.8333H9.99992V8.83334H5.99992V12.8333H4.66659V7.62668L7.99992 4.62668ZM7.99992 2.83334L1.33325 8.83334H3.33325V14.1667H7.33325V10.1667H8.66659V14.1667H12.6666V8.83334H14.6666L7.99992 2.83334Z\" fill=\"#525252\"\/>\n                    <\/svg>\n                <\/a>\n            <\/li>\n                                                <li class=\"inline before:content-['|'] before:text-bg-border-3 before:text-[11px] before:px-2 before-px-1-5-mobile before:relative before:-top-[2px]\">\n                                                    <a href=\"https:\/\/www.ds-gruppen.com\/da-dk\/karriere\/\" class=\"text-subtle text-sm leading-[150%] underline hover:cursor-pointer hover:text-link decoration-[0.5px] underline-offset-[0.45em] focus:outline outline-focus\">\n                                Karriere                            <\/a>\n                                            <\/li>\n                                    <li class=\"inline before:content-['|'] before:text-bg-border-3 before:text-[11px] before:px-2 before-px-1-5-mobile before:relative before:-top-[2px]\">\n                                                    <a href=\"https:\/\/www.ds-gruppen.com\/da-dk\/karriere\/praktikanter\/\" class=\"text-subtle text-sm leading-[150%] underline hover:cursor-pointer hover:text-link decoration-[0.5px] underline-offset-[0.45em] focus:outline outline-focus\">\n                                Praktikanter                            <\/a>\n                                            <\/li>\n                                                        <li class=\"inline before:content-['|'] before:text-bg-border-3 before:text-[11px] before:px-2 before-px-1-5-mobile before:relative before:-top-[2px]\">\n                    <p class=\"inline text-subtle text-sm leading-[150%]\">Praktik: Kommunikationspraktikant hos DS Gruppen\u00a0\u2013 Noah Lerche Johnson<\/p>\n                <\/li>\n                    <\/ol>\n    <\/nav>\n    <\/div>\n    <div class=\"bg-[linear-gradient(270deg,_#FFF_-3.57%,_rgba(255,255,255,0)_100%)] absolute right-0 -top-5 w-15 h-[calc(100%+40px)] md:hidden\"><\/div>\n<\/div>\n\n<section class=\"one-column-text py-15 2xl:py-30 max-xl:px-4\" style='background-color:#FFFFFF'>\n\t<div class=\"container mx-auto max-w-[880px]\">\n\t\t<div class=\"flex flex-col\">\n\t\t\t\t\t\t\t<h2 class=\"headline text-title text-xl xl:text-28 leading-[120%] font-light mb-8 lg:!pb-10\">Praktik: Kommunikationspraktikant hos DS Gruppen<\/h2>\n\t\t\t\t\t\t<div class=\"text-content\">\n\t\t\t\t\t\t\t\t\t<div class=\"wysiwyg [&#038;_p]:!text-base [&#038;_li]:!text-base [&#038;_li:before]:!top-2 leading-[150%] font-light\"><p><img loading=\"lazy\" decoding=\"async\" class=\"alignnone size-full wp-image-5397\" src=\"https:\/\/www.ds-gruppen.com\/wp-content\/uploads\/2026\/01\/praktikant-noah-lerche-johnson-01-980x653px.webp\" alt=\"\" width=\"980\" height=\"653\" srcset=\"https:\/\/www.ds-gruppen.com\/wp-content\/uploads\/2026\/01\/praktikant-noah-lerche-johnson-01-980x653px.webp 980w, https:\/\/www.ds-gruppen.com\/wp-content\/uploads\/2026\/01\/praktikant-noah-lerche-johnson-01-980x653px-300x200.webp 300w, https:\/\/www.ds-gruppen.com\/wp-content\/uploads\/2026\/01\/praktikant-noah-lerche-johnson-01-980x653px-768x512.webp 768w\" sizes=\"auto, (max-width: 980px) 100vw, 980px\" \/><\/p>\n<h1>Noah Lerche Johnson var kommunikationspraktikant hos DS Gruppen<\/h1>\n<h2>Han var i praktik hos DS som en del af hans uddannelse til markedsf\u00f8rings\u00f8konom p\u00e5 UCN.<\/h2>\n<p>Praktiktiden hos DS har v\u00e6ret en \u00f8jen\u00e5bner for mig. Jeg har oplevet langt mere inddragelse i det f\u00e6lles arbejde og afdelingen, end jeg havde forestillet mig. Jeg har heller aldrig f\u00f8lt mig som en \u201dstereotyp praktikant\u201d, der har f\u00e5et de tr\u00e6ls opgaver og skulle hente kaffe. Det har hele tiden v\u00e6ret sp\u00e6ndende opgaver, der relaterer sig til min uddannelse.<\/p>\n<p>Jeg har haft en bred vifte af opgaver, men jeg har ogs\u00e5 selv v\u00e6ret meget nysgerrig p\u00e5 flere omr\u00e5der. Derfor har jeg f\u00e5et muligheden for b\u00e5de at arbejde med SoMe, kommunikation internt og eksternt, SEO og linkbuilding.<\/p>\n<p>Det bedste ved min praktik har helt klart v\u00e6ret de gode kolleger i afdelingen og resten af virksomheden. Jeg har f\u00f8lt mig set b\u00e5de arbejdsm\u00e6ssigt og menneskeligt.<\/p>\n<p>\u2013 Noha Lerche Johnson<\/p>\n<h2><strong>Hvad kan du blive hos DS Marketing<\/strong><\/h2>\n<p>Vi tilbyder dig en praktikplads, hvor du b\u00e5de f\u00e5r meget alsidige opgaver og ansvar. Vi tilpasser opgavernes omfang og ansvar til dit niveau og kvalifikationer.<\/p>\n<h3>Eksempler p\u00e5 kommunikationsopgaver, vi l\u00f8ser i marketing:<\/h3>\n<ul>\n<li>Intern og ekstern kommunikation p\u00e5 dansk og engelsk<\/li>\n<li>Udvikling af indhold til hjemmesider og SoMe-kanaler (Linkedin, Facebook, Instagram m.m.)<\/li>\n<li>SoMe-eksekvering og evaluering<\/li>\n<li>SEO arbejde<\/li>\n<li>Tekstudvikling og korrektur<\/li>\n<li>PR- og medieh\u00e5ndtering<\/li>\n<li>Powerpointpr\u00e6sentationer<\/li>\n<li>Employer Branding<\/li>\n<li>Id\u00e9udvikling i forhold til projekter og events<\/li>\n<li>Hj\u00e6lp til planl\u00e6gning og afvikling af interne events<\/li>\n<li>Kommunikation med reklamebureau og \u00f8vrige partnere<\/li>\n<\/ul>\n<p>Vi forventer ikke, at du kan alt. Vi st\u00e5r klar til at l\u00e6re dig en masse, men ogs\u00e5 til at lytte til dig,\u202fdin viden og f\u00e5 din sparring p\u00e5 de opgaver, vi arbejder med.<\/p>\n<p>Vi ans\u00e6tter praktikanter i 5-6 m\u00e5neder \u2013\u202f37 timer pr. uge. Vil du vide mere, inden du s\u00f8ger praktikplads hos os, kan du kontakte marketingchef Tina Woods.<\/p>\n<\/div>\n\t\t\t\t\t\t\t\t\t\t\t\t\t<div class=\"cta flex flex-col md:flex-row gap-2 md:gap-4 mt-8\">\n\t\t\t\t\t\t\t\t\t\t\t\t\t\t<a href=\"https:\/\/dsgruppen.hr-on.com\/show-job\/236354\" target=\"_blank\" class=\"flex-row transition-[gap] gap-3 hover:gap-5 py-1 focus:px-[6px] items-center text-lg text-center rounded-xs focus:outline md:max-lg:whitespace-nowrap outline-focus inline-flex\">\n\t\tSend os din ans\u00f8gning\t\t<div class=\"w-[19px] h-[19px] border-[1.5px] border-primary rounded-[99px]\">\n\t\t\t<svg class=\"h-4 p-0.5\" width=\"16\" height=\"17\" viewBox=\"0 0 16 17\" fill=\"none\" xmlns=\"http:\/\/www.w3.org\/2000\/svg\">\n                <path class=\"fill-black\" d=\"M8.00002 3.3877L7.06002 4.3277L10.78 8.05436H2.66669V9.38769H10.78L7.06002 13.1144L8.00002 14.0544L13.3334 8.72103L8.00002 3.3877Z\" fill=\"black\"\/>\n            <\/svg>\n\t\t<\/div>\n\t<\/a>\n\t\t\t\t\t\t\t\t\t\t\t\t\t\t\t\t\t<\/div>\n\t\t\t\t\t\t\t<\/div>\n\t\t<\/div>\n\t<\/div>\n<\/section>\n\n\n<section class=\"cta-section relative my-15 xl:my-30\">\n\t<div class=\"image-wrapper size-full absolute\">\n\t\t\t\t\t<img loading=\"lazy\" decoding=\"async\" width=\"2560\" height=\"1707\" src=\"https:\/\/www.ds-gruppen.com\/wp-content\/uploads\/2026\/01\/cta-dsp-013-2592x1728px-scaled.webp\" class=\"size-full object-center object-cover\" alt=\"\" srcset=\"https:\/\/www.ds-gruppen.com\/wp-content\/uploads\/2026\/01\/cta-dsp-013-2592x1728px-scaled.webp 2560w, https:\/\/www.ds-gruppen.com\/wp-content\/uploads\/2026\/01\/cta-dsp-013-2592x1728px-300x200.webp 300w, https:\/\/www.ds-gruppen.com\/wp-content\/uploads\/2026\/01\/cta-dsp-013-2592x1728px-1024x683.webp 1024w, https:\/\/www.ds-gruppen.com\/wp-content\/uploads\/2026\/01\/cta-dsp-013-2592x1728px-768x512.webp 768w, https:\/\/www.ds-gruppen.com\/wp-content\/uploads\/2026\/01\/cta-dsp-013-2592x1728px-1536x1024.webp 1536w, https:\/\/www.ds-gruppen.com\/wp-content\/uploads\/2026\/01\/cta-dsp-013-2592x1728px-2048x1365.webp 2048w\" sizes=\"auto, (max-width: 2560px) 100vw, 2560px\" \/>\t\t\t<div class=\"overlay-image absolute top-0 left-0 right-0 bottom-0\"><\/div>\n\t\t\t<\/div>\n\t<div class=\"grid grid-cols-1 lg:grid-cols-2 container mx-auto gap-0 relative\">\n\t\t<div class=\"relative content-end max-md:order-last\">\n\t\t\t\t\t\t\t<div class=\"form-image-wrapper max-lg:p-4 max-lg:pb-0\">\n\t\t\t\t\t<div class=\"relative\">\n\t\t\t\t\t\t<img loading=\"lazy\" decoding=\"async\" width=\"1038\" height=\"800\" src=\"https:\/\/www.ds-gruppen.com\/wp-content\/uploads\/2026\/01\/two-01-cta-1038x800px.webp\" class=\"relative w-full z-1\" alt=\"\" srcset=\"https:\/\/www.ds-gruppen.com\/wp-content\/uploads\/2026\/01\/two-01-cta-1038x800px.webp 1038w, https:\/\/www.ds-gruppen.com\/wp-content\/uploads\/2026\/01\/two-01-cta-1038x800px-300x231.webp 300w, https:\/\/www.ds-gruppen.com\/wp-content\/uploads\/2026\/01\/two-01-cta-1038x800px-1024x789.webp 1024w, https:\/\/www.ds-gruppen.com\/wp-content\/uploads\/2026\/01\/two-01-cta-1038x800px-768x592.webp 768w\" sizes=\"auto, (max-width: 1038px) 100vw, 1038px\" \/>\t\t\t\t\t<\/div>\n\t\t\t\t<\/div>\n\t\t\t\t\t<\/div>\n\t\t<div class=\"p-4 lg:p-7.5 xl:p-15 flex flex-col gap-8 md:gap-10 z-1\">\n\t\t\t\t\t\t\t<h2 class=\"headline text-body-invert text-xl xl:text-28 leading-[120%] font-light max-md:!pb-5\">Er du interesseret i en praktikplads i DS Marketing?<\/h2>\n\t\t\t\t\t\t\t\t\t\t<div class=\"wysiwyg small-text-desktop text-body-invert text-base leading-[150%] font-light\"><p>Del din LinkedIn profil med os, send en video eller en ans\u00f8gning.<\/p>\n<p>Vi gl\u00e6der os til at f\u00e5 dig med p\u00e5 holdet.<\/p>\n<p><strong>Vi tager praktikanter for\u00e5r og efter\u00e5r.<\/strong><\/p>\n<p><strong>Tina Woods<\/strong><br \/>\nMarketingchef<\/p>\n<p>Mobil:\u00a0<a href=\"tel:+45 96 57 60 71\">+45 96 57 60 71<\/a><br \/>\nEmail:\u00a0<a href=\"mailto:two@ds-gruppen.dk\">two@ds-gruppen.dk<\/a><\/p>\n<\/div>\n\t\t\t\t\t\t\t\t\t\t\t<\/div>\n\t<\/div>\n<\/section>\n","protected":false},"excerpt":{"rendered":"","protected":false},"author":7,"featured_media":0,"parent":662,"menu_order":0,"comment_status":"closed","ping_status":"closed","template":"","meta":{"_acf_changed":false,"inline_featured_image":false,"footnotes":""},"class_list":["post-5395","page","type-page","status-publish","hentry"],"acf":[],"yoast_head":"<!-- This site is optimized with the Yoast SEO plugin v27.3 - https:\/\/yoast.com\/product\/yoast-seo-wordpress\/ -->\n<title>Praktik: Kommunikationspraktikant hos DS Gruppen\u00a0\u2013 Noah Lerche Johnson &#8226; DS Gruppen<\/title>\n<meta name=\"robots\" content=\"index, follow, max-snippet:-1, max-image-preview:large, max-video-preview:-1\" \/>\n<link rel=\"canonical\" href=\"https:\/\/www.ds-gruppen.com\/da-dk\/karriere\/praktikanter\/praktik-kommunikationspraktikant-hos-ds-gruppen-noah\/\" \/>\n<meta property=\"og:locale\" content=\"da_DK\" \/>\n<meta property=\"og:type\" content=\"article\" \/>\n<meta property=\"og:title\" content=\"Praktik: Kommunikationspraktikant hos DS Gruppen\u00a0\u2013 Noah Lerche Johnson &#8226; DS Gruppen\" \/>\n<meta property=\"og:url\" content=\"https:\/\/www.ds-gruppen.com\/da-dk\/karriere\/praktikanter\/praktik-kommunikationspraktikant-hos-ds-gruppen-noah\/\" \/>\n<meta property=\"og:site_name\" content=\"DS Gruppen\" \/>\n<meta property=\"article:publisher\" content=\"https:\/\/www.facebook.com\/dsgruppen\" \/>\n<meta property=\"article:modified_time\" content=\"2026-02-23T08:33:54+00:00\" \/>\n<meta name=\"twitter:card\" content=\"summary_large_image\" \/>\n<meta name=\"twitter:label1\" content=\"Estimeret l\u00e6setid\" \/>\n\t<meta name=\"twitter:data1\" content=\"3 minutter\" \/>\n<script type=\"application\/ld+json\" class=\"yoast-schema-graph\">{\"@context\":\"https:\\\/\\\/schema.org\",\"@graph\":[{\"@type\":\"WebPage\",\"@id\":\"https:\\\/\\\/www.ds-gruppen.com\\\/da-dk\\\/karriere\\\/praktikanter\\\/praktik-kommunikationspraktikant-hos-ds-gruppen-noah\\\/\",\"url\":\"https:\\\/\\\/www.ds-gruppen.com\\\/da-dk\\\/karriere\\\/praktikanter\\\/praktik-kommunikationspraktikant-hos-ds-gruppen-noah\\\/\",\"name\":\"Praktik: Kommunikationspraktikant hos DS Gruppen\u00a0\u2013 Noah Lerche Johnson &#8226; DS Gruppen\",\"isPartOf\":{\"@id\":\"https:\\\/\\\/www.ds-gruppen.com\\\/da-dk\\\/#website\"},\"datePublished\":\"2026-01-22T07:52:51+00:00\",\"dateModified\":\"2026-02-23T08:33:54+00:00\",\"breadcrumb\":{\"@id\":\"https:\\\/\\\/www.ds-gruppen.com\\\/da-dk\\\/karriere\\\/praktikanter\\\/praktik-kommunikationspraktikant-hos-ds-gruppen-noah\\\/#breadcrumb\"},\"inLanguage\":\"da-DK\",\"potentialAction\":[{\"@type\":\"ReadAction\",\"target\":[\"https:\\\/\\\/www.ds-gruppen.com\\\/da-dk\\\/karriere\\\/praktikanter\\\/praktik-kommunikationspraktikant-hos-ds-gruppen-noah\\\/\"]}]},{\"@type\":\"BreadcrumbList\",\"@id\":\"https:\\\/\\\/www.ds-gruppen.com\\\/da-dk\\\/karriere\\\/praktikanter\\\/praktik-kommunikationspraktikant-hos-ds-gruppen-noah\\\/#breadcrumb\",\"itemListElement\":[{\"@type\":\"ListItem\",\"position\":1,\"name\":\"Home\",\"item\":\"https:\\\/\\\/www.ds-gruppen.com\\\/da-dk\\\/\"},{\"@type\":\"ListItem\",\"position\":2,\"name\":\"Karriere\",\"item\":\"https:\\\/\\\/www.ds-gruppen.com\\\/da-dk\\\/karriere\\\/\"},{\"@type\":\"ListItem\",\"position\":3,\"name\":\"Praktikanter\",\"item\":\"https:\\\/\\\/www.ds-gruppen.com\\\/da-dk\\\/karriere\\\/praktikanter\\\/\"},{\"@type\":\"ListItem\",\"position\":4,\"name\":\"Praktik: Kommunikationspraktikant hos DS Gruppen\u00a0\u2013 Noah Lerche Johnson\"}]},{\"@type\":\"WebSite\",\"@id\":\"https:\\\/\\\/www.ds-gruppen.com\\\/da-dk\\\/#website\",\"url\":\"https:\\\/\\\/www.ds-gruppen.com\\\/da-dk\\\/\",\"name\":\"DS Gruppen A\\\/S\",\"description\":\"En del af GOLDBECK\",\"publisher\":{\"@id\":\"https:\\\/\\\/www.ds-gruppen.com\\\/da-dk\\\/#organization\"},\"alternateName\":\"DS Gruppen\",\"potentialAction\":[{\"@type\":\"SearchAction\",\"target\":{\"@type\":\"EntryPoint\",\"urlTemplate\":\"https:\\\/\\\/www.ds-gruppen.com\\\/da-dk\\\/?s={search_term_string}\"},\"query-input\":{\"@type\":\"PropertyValueSpecification\",\"valueRequired\":true,\"valueName\":\"search_term_string\"}}],\"inLanguage\":\"da-DK\"},{\"@type\":\"Organization\",\"@id\":\"https:\\\/\\\/www.ds-gruppen.com\\\/da-dk\\\/#organization\",\"name\":\"DS Gruppen\",\"url\":\"https:\\\/\\\/www.ds-gruppen.com\\\/da-dk\\\/\",\"logo\":{\"@type\":\"ImageObject\",\"inLanguage\":\"da-DK\",\"@id\":\"https:\\\/\\\/www.ds-gruppen.com\\\/da-dk\\\/#\\\/schema\\\/logo\\\/image\\\/\",\"url\":\"https:\\\/\\\/www.ds-gruppen.com\\\/wp-content\\\/uploads\\\/2025\\\/10\\\/ds_gruppen_original_rgb.svg\",\"contentUrl\":\"https:\\\/\\\/www.ds-gruppen.com\\\/wp-content\\\/uploads\\\/2025\\\/10\\\/ds_gruppen_original_rgb.svg\",\"caption\":\"DS Gruppen\"},\"image\":{\"@id\":\"https:\\\/\\\/www.ds-gruppen.com\\\/da-dk\\\/#\\\/schema\\\/logo\\\/image\\\/\"},\"sameAs\":[\"https:\\\/\\\/www.facebook.com\\\/dsgruppen\",\"https:\\\/\\\/www.linkedin.com\\\/company\\\/dsgruppenas\\\/\"]}]}<\/script>\n<!-- \/ Yoast SEO plugin. -->","yoast_head_json":{"title":"Praktik: Kommunikationspraktikant hos DS Gruppen\u00a0\u2013 Noah Lerche Johnson &#8226; DS Gruppen","robots":{"index":"index","follow":"follow","max-snippet":"max-snippet:-1","max-image-preview":"max-image-preview:large","max-video-preview":"max-video-preview:-1"},"canonical":"https:\/\/www.ds-gruppen.com\/da-dk\/karriere\/praktikanter\/praktik-kommunikationspraktikant-hos-ds-gruppen-noah\/","og_locale":"da_DK","og_type":"article","og_title":"Praktik: Kommunikationspraktikant hos DS Gruppen\u00a0\u2013 Noah Lerche Johnson &#8226; DS Gruppen","og_url":"https:\/\/www.ds-gruppen.com\/da-dk\/karriere\/praktikanter\/praktik-kommunikationspraktikant-hos-ds-gruppen-noah\/","og_site_name":"DS Gruppen","article_publisher":"https:\/\/www.facebook.com\/dsgruppen","article_modified_time":"2026-02-23T08:33:54+00:00","twitter_card":"summary_large_image","twitter_misc":{"Estimeret l\u00e6setid":"3 minutter"},"schema":{"@context":"https:\/\/schema.org","@graph":[{"@type":"WebPage","@id":"https:\/\/www.ds-gruppen.com\/da-dk\/karriere\/praktikanter\/praktik-kommunikationspraktikant-hos-ds-gruppen-noah\/","url":"https:\/\/www.ds-gruppen.com\/da-dk\/karriere\/praktikanter\/praktik-kommunikationspraktikant-hos-ds-gruppen-noah\/","name":"Praktik: Kommunikationspraktikant hos DS Gruppen\u00a0\u2013 Noah Lerche Johnson &#8226; DS Gruppen","isPartOf":{"@id":"https:\/\/www.ds-gruppen.com\/da-dk\/#website"},"datePublished":"2026-01-22T07:52:51+00:00","dateModified":"2026-02-23T08:33:54+00:00","breadcrumb":{"@id":"https:\/\/www.ds-gruppen.com\/da-dk\/karriere\/praktikanter\/praktik-kommunikationspraktikant-hos-ds-gruppen-noah\/#breadcrumb"},"inLanguage":"da-DK","potentialAction":[{"@type":"ReadAction","target":["https:\/\/www.ds-gruppen.com\/da-dk\/karriere\/praktikanter\/praktik-kommunikationspraktikant-hos-ds-gruppen-noah\/"]}]},{"@type":"BreadcrumbList","@id":"https:\/\/www.ds-gruppen.com\/da-dk\/karriere\/praktikanter\/praktik-kommunikationspraktikant-hos-ds-gruppen-noah\/#breadcrumb","itemListElement":[{"@type":"ListItem","position":1,"name":"Home","item":"https:\/\/www.ds-gruppen.com\/da-dk\/"},{"@type":"ListItem","position":2,"name":"Karriere","item":"https:\/\/www.ds-gruppen.com\/da-dk\/karriere\/"},{"@type":"ListItem","position":3,"name":"Praktikanter","item":"https:\/\/www.ds-gruppen.com\/da-dk\/karriere\/praktikanter\/"},{"@type":"ListItem","position":4,"name":"Praktik: Kommunikationspraktikant hos DS Gruppen\u00a0\u2013 Noah Lerche Johnson"}]},{"@type":"WebSite","@id":"https:\/\/www.ds-gruppen.com\/da-dk\/#website","url":"https:\/\/www.ds-gruppen.com\/da-dk\/","name":"DS Gruppen A\/S","description":"En del af GOLDBECK","publisher":{"@id":"https:\/\/www.ds-gruppen.com\/da-dk\/#organization"},"alternateName":"DS Gruppen","potentialAction":[{"@type":"SearchAction","target":{"@type":"EntryPoint","urlTemplate":"https:\/\/www.ds-gruppen.com\/da-dk\/?s={search_term_string}"},"query-input":{"@type":"PropertyValueSpecification","valueRequired":true,"valueName":"search_term_string"}}],"inLanguage":"da-DK"},{"@type":"Organization","@id":"https:\/\/www.ds-gruppen.com\/da-dk\/#organization","name":"DS Gruppen","url":"https:\/\/www.ds-gruppen.com\/da-dk\/","logo":{"@type":"ImageObject","inLanguage":"da-DK","@id":"https:\/\/www.ds-gruppen.com\/da-dk\/#\/schema\/logo\/image\/","url":"https:\/\/www.ds-gruppen.com\/wp-content\/uploads\/2025\/10\/ds_gruppen_original_rgb.svg","contentUrl":"https:\/\/www.ds-gruppen.com\/wp-content\/uploads\/2025\/10\/ds_gruppen_original_rgb.svg","caption":"DS Gruppen"},"image":{"@id":"https:\/\/www.ds-gruppen.com\/da-dk\/#\/schema\/logo\/image\/"},"sameAs":["https:\/\/www.facebook.com\/dsgruppen","https:\/\/www.linkedin.com\/company\/dsgruppenas\/"]}]}},"_links":{"self":[{"href":"https:\/\/www.ds-gruppen.com\/da-dk\/wp-json\/wp\/v2\/pages\/5395","targetHints":{"allow":["GET"]}}],"collection":[{"href":"https:\/\/www.ds-gruppen.com\/da-dk\/wp-json\/wp\/v2\/pages"}],"about":[{"href":"https:\/\/www.ds-gruppen.com\/da-dk\/wp-json\/wp\/v2\/types\/page"}],"author":[{"embeddable":true,"href":"https:\/\/www.ds-gruppen.com\/da-dk\/wp-json\/wp\/v2\/users\/7"}],"replies":[{"embeddable":true,"href":"https:\/\/www.ds-gruppen.com\/da-dk\/wp-json\/wp\/v2\/comments?post=5395"}],"version-history":[{"count":5,"href":"https:\/\/www.ds-gruppen.com\/da-dk\/wp-json\/wp\/v2\/pages\/5395\/revisions"}],"predecessor-version":[{"id":9634,"href":"https:\/\/www.ds-gruppen.com\/da-dk\/wp-json\/wp\/v2\/pages\/5395\/revisions\/9634"}],"up":[{"embeddable":true,"href":"https:\/\/www.ds-gruppen.com\/da-dk\/wp-json\/wp\/v2\/pages\/662"}],"wp:attachment":[{"href":"https:\/\/www.ds-gruppen.com\/da-dk\/wp-json\/wp\/v2\/media?parent=5395"}],"curies":[{"name":"wp","href":"https:\/\/api.w.org\/{rel}","templated":true}]}}