{"id":8192,"date":"2026-01-28T20:03:36","date_gmt":"2026-01-28T20:03:36","guid":{"rendered":"https:\/\/www.ds-gruppen.com\/da-dk\/?page_id=8192"},"modified":"2026-03-30T12:07:47","modified_gmt":"2026-03-30T11:07:47","slug":"john-johansen","status":"publish","type":"page","link":"https:\/\/www.ds-gruppen.com\/da-dk\/karriere\/medarbejderhistorier\/john-johansen\/","title":{"rendered":"John Johansen"},"content":{"rendered":"<div class=\"breadcrumbs-section my-5 max-xl:px-4 relative\">\n    <div class=\"container mx-auto\">\n            <nav aria-label=\"Breadcrumbs\">\n        <ol class=\"whitespace-nowrap overflow-hidden text-ellipsis pb-1\">\n            <li class=\"inline\">\n                <a href=\"https:\/\/www.ds-gruppen.com\/da-dk\/\" class=\"ms-[2px] focus:outline outline-focus\">\n                    <svg class=\"inline relative -top-[2px]\" width=\"16\" height=\"17\" viewBox=\"0 0 16 17\" fill=\"none\" xmlns=\"http:\/\/www.w3.org\/2000\/svg\">\n                        <path d=\"M7.99992 4.62668L11.3333 7.62668V12.8333H9.99992V8.83334H5.99992V12.8333H4.66659V7.62668L7.99992 4.62668ZM7.99992 2.83334L1.33325 8.83334H3.33325V14.1667H7.33325V10.1667H8.66659V14.1667H12.6666V8.83334H14.6666L7.99992 2.83334Z\" fill=\"#525252\"\/>\n                    <\/svg>\n                <\/a>\n            <\/li>\n                                                <li class=\"inline before:content-['|'] before:text-bg-border-3 before:text-[11px] before:px-2 before-px-1-5-mobile before:relative before:-top-[2px]\">\n                                                    <a href=\"https:\/\/www.ds-gruppen.com\/da-dk\/karriere\/\" class=\"text-subtle text-sm leading-[150%] underline hover:cursor-pointer hover:text-link decoration-[0.5px] underline-offset-[0.45em] focus:outline outline-focus\">\n                                Karriere                            <\/a>\n                                            <\/li>\n                                    <li class=\"inline before:content-['|'] before:text-bg-border-3 before:text-[11px] before:px-2 before-px-1-5-mobile before:relative before:-top-[2px]\">\n                                                    <a href=\"https:\/\/www.ds-gruppen.com\/da-dk\/karriere\/medarbejderhistorier\/\" class=\"text-subtle text-sm leading-[150%] underline hover:cursor-pointer hover:text-link decoration-[0.5px] underline-offset-[0.45em] focus:outline outline-focus\">\n                                Medarbejderhistorier                            <\/a>\n                                            <\/li>\n                                                        <li class=\"inline before:content-['|'] before:text-bg-border-3 before:text-[11px] before:px-2 before-px-1-5-mobile before:relative before:-top-[2px]\">\n                    <p class=\"inline text-subtle text-sm leading-[150%]\">John Johansen<\/p>\n                <\/li>\n                    <\/ol>\n    <\/nav>\n    <\/div>\n    <div class=\"bg-[linear-gradient(270deg,_#FFF_-3.57%,_rgba(255,255,255,0)_100%)] absolute right-0 -top-5 w-15 h-[calc(100%+40px)] md:hidden\"><\/div>\n<\/div>\n\n<section class=\"one-column-text py-15 2xl:py-30 max-xl:px-4\" style='background-color:#FFFFFF'>\n\t<div class=\"container mx-auto max-w-[880px]\">\n\t\t<div class=\"flex flex-col\">\n\t\t\t\t\t\t\t<h2 class=\"headline text-title text-xl xl:text-28 leading-[120%] font-light mb-8 lg:!pb-10\">John arbejder i produktionen p\u00e5 DS Elcobyg<\/h2>\n\t\t\t\t\t\t<div class=\"text-content\">\n\t\t\t\t\t\t\t\t\t<div class=\"wysiwyg [&#038;_p]:!text-base [&#038;_li]:!text-base [&#038;_li:before]:!top-2 leading-[150%] font-light\"><p data-start=\"0\" data-end=\"356\"><img loading=\"lazy\" decoding=\"async\" class=\"alignnone size-full wp-image-8197\" src=\"https:\/\/www.ds-gruppen.com\/wp-content\/uploads\/2026\/01\/medarbejderhistorier-john-johansen-001-980x653px.webp\" alt=\"\" width=\"980\" height=\"653\" srcset=\"https:\/\/www.ds-gruppen.com\/wp-content\/uploads\/2026\/01\/medarbejderhistorier-john-johansen-001-980x653px.webp 980w, https:\/\/www.ds-gruppen.com\/wp-content\/uploads\/2026\/01\/medarbejderhistorier-john-johansen-001-980x653px-300x200.webp 300w, https:\/\/www.ds-gruppen.com\/wp-content\/uploads\/2026\/01\/medarbejderhistorier-john-johansen-001-980x653px-768x512.webp 768w\" sizes=\"auto, (max-width: 980px) 100vw, 980px\" \/><\/p>\n<h1 data-start=\"0\" data-end=\"356\">John Johansen er formand i produktionen hos DS Elcobyg, og han har v\u00e6ret ansat 17 \u00e5r (2025)<\/h1>\n<p data-start=\"0\" data-end=\"356\">Da jeg startede hos Elcobyg, kendte jeg slet ikke branchen, men jeg er virkelig glad for, at jeg tog springet. Der er kommet meget mere teknologi ind i produktionen, blandt andet svejserobotter, netsvejser og svingkraner, som g\u00f8r arbejdet b\u00e5de lettere og mere pr\u00e6cist. Vi har ogs\u00e5 f\u00e5et flere udenlandske kollegaer, som bidrager st\u00e6rkt i hverdagen.<\/p>\n<p data-start=\"358\" data-end=\"642\">Jeg trives is\u00e6r med, at dagene aldrig er ens. Der er ikke serieproduktion, og jeg arbejder hele tiden med forskellige forme, s\u00e5 der er altid noget nyt at tage fat p\u00e5. Samtidig betyder arbejdsmilj\u00f8et og de gode kollegaer enormt meget, og det er noget, man ikke skal tage for givet.<\/p>\n<h2 data-start=\"644\" data-end=\"1056\"><strong>F\u00e5r lov til at s\u00e6tte nye projekter igang<\/strong><\/h2>\n<p data-start=\"644\" data-end=\"1056\" data-is-last-node=\"\" data-is-only-node=\"\">Jeg startede som st\u00f8ber i hal 1 og fik gradvist mere ansvar med opstilling af forme. I 2018 blev jeg formand i hal 5, hvor jeg i starten l\u00e6rte meget af Hubert. I dag synes jeg, det er sp\u00e6ndende at v\u00e6re formand, fordi jeg ogs\u00e5 f\u00e5r lov til at v\u00e6re med til at s\u00e6tte nye projekter i gang, som da jeg deltog i FEAS-projektet for DS Flexhal. Det er udviklingen og specialopgaverne, der g\u00f8r arbejdet ekstra motiverende.<\/p>\n<figure id=\"attachment_8200\" aria-describedby=\"caption-attachment-8200\" style=\"width: 980px\" class=\"wp-caption alignnone\"><img loading=\"lazy\" decoding=\"async\" class=\"wp-image-8200 size-full\" src=\"https:\/\/www.ds-gruppen.com\/wp-content\/uploads\/2026\/01\/medarbejderhistorier-john-johansen-002-980x653px.webp\" alt=\"\" width=\"980\" height=\"653\" srcset=\"https:\/\/www.ds-gruppen.com\/wp-content\/uploads\/2026\/01\/medarbejderhistorier-john-johansen-002-980x653px.webp 980w, https:\/\/www.ds-gruppen.com\/wp-content\/uploads\/2026\/01\/medarbejderhistorier-john-johansen-002-980x653px-300x200.webp 300w, https:\/\/www.ds-gruppen.com\/wp-content\/uploads\/2026\/01\/medarbejderhistorier-john-johansen-002-980x653px-768x512.webp 768w\" sizes=\"auto, (max-width: 980px) 100vw, 980px\" \/><figcaption id=\"caption-attachment-8200\" class=\"wp-caption-text\">Her dr\u00f8ftes FEAS-tegningerne med ingeni\u00f8r Poul Sand fra tegnestuen.<\/figcaption><\/figure>\n<\/div>\n\t\t\t\t\t\t\t\t\t\t\t<\/div>\n\t\t<\/div>\n\t<\/div>\n<\/section>\n\n\n<section class=\"cta-section relative my-15 xl:my-30\">\n\t<div class=\"image-wrapper size-full absolute\">\n\t\t\t\t\t<img loading=\"lazy\" decoding=\"async\" width=\"2560\" height=\"1707\" src=\"https:\/\/www.ds-gruppen.com\/wp-content\/uploads\/2026\/01\/cta-dse-005-2592x1728px-scaled.webp\" class=\"size-full object-center object-cover\" alt=\"\" srcset=\"https:\/\/www.ds-gruppen.com\/wp-content\/uploads\/2026\/01\/cta-dse-005-2592x1728px-scaled.webp 2560w, https:\/\/www.ds-gruppen.com\/wp-content\/uploads\/2026\/01\/cta-dse-005-2592x1728px-300x200.webp 300w, https:\/\/www.ds-gruppen.com\/wp-content\/uploads\/2026\/01\/cta-dse-005-2592x1728px-1024x683.webp 1024w, https:\/\/www.ds-gruppen.com\/wp-content\/uploads\/2026\/01\/cta-dse-005-2592x1728px-768x512.webp 768w, https:\/\/www.ds-gruppen.com\/wp-content\/uploads\/2026\/01\/cta-dse-005-2592x1728px-1536x1024.webp 1536w, https:\/\/www.ds-gruppen.com\/wp-content\/uploads\/2026\/01\/cta-dse-005-2592x1728px-2048x1365.webp 2048w\" sizes=\"auto, (max-width: 2560px) 100vw, 2560px\" \/>\t\t\t<div class=\"overlay-image absolute top-0 left-0 right-0 bottom-0\"><\/div>\n\t\t\t<\/div>\n\t<div class=\"grid grid-cols-1 lg:grid-cols-2 container mx-auto gap-0 relative\">\n\t\t<div class=\"relative content-end max-md:order-last\">\n\t\t\t\t\t\t\t<div class=\"form-image-wrapper max-lg:p-4 max-lg:pb-0\">\n\t\t\t\t\t<div class=\"relative\">\n\t\t\t\t\t\t<img loading=\"lazy\" decoding=\"async\" width=\"1038\" height=\"800\" src=\"https:\/\/www.ds-gruppen.com\/wp-content\/uploads\/2026\/01\/bsv-01-cta-1038x800px.webp\" class=\"relative w-full z-1\" alt=\"\" srcset=\"https:\/\/www.ds-gruppen.com\/wp-content\/uploads\/2026\/01\/bsv-01-cta-1038x800px.webp 1038w, https:\/\/www.ds-gruppen.com\/wp-content\/uploads\/2026\/01\/bsv-01-cta-1038x800px-300x231.webp 300w, https:\/\/www.ds-gruppen.com\/wp-content\/uploads\/2026\/01\/bsv-01-cta-1038x800px-1024x789.webp 1024w, https:\/\/www.ds-gruppen.com\/wp-content\/uploads\/2026\/01\/bsv-01-cta-1038x800px-768x592.webp 768w\" sizes=\"auto, (max-width: 1038px) 100vw, 1038px\" \/>\t\t\t\t\t<\/div>\n\t\t\t\t<\/div>\n\t\t\t\t\t<\/div>\n\t\t<div class=\"p-4 lg:p-7.5 xl:p-15 flex flex-col gap-8 md:gap-10 z-1\">\n\t\t\t\t\t\t\t<h2 class=\"headline text-body-invert text-xl xl:text-28 leading-[120%] font-light max-md:!pb-5\">Vil du ogs\u00e5 arbejde ved DS Elcobyg?<\/h2>\n\t\t\t\t\t\t\t\t\t\t<div class=\"wysiwyg small-text-desktop text-body-invert text-base leading-[150%] font-light\"><p>Har du overordnede sp\u00f8rgsm\u00e5l til dine karrieremuligheder i et af DS Gruppens selskaber, er du velkommen til at rette henvendelse til vores People &amp; Culture-afdeling:<\/p>\n<p><strong>Birgitte Raunsgaard Svejstrup<\/strong><br \/>\nGroup HR Business Partner<\/p>\n<p>Mobil: <a href=\"tel:+45 22 79 55 88\">+45 22 79 55 88<\/a><\/p>\n<p>Email: <a href=\"mailto:bsv@ds-gruppen.dk\">bsv@ds-gruppen.dk<\/a><\/p>\n<\/div>\n\t\t\t\t\t\t\t\t\t\t<div class=\"cta-wrapper\">\n\t\t\t\t\t\t<a href=\"https:\/\/www.ds-gruppen.com\/da-dk\/karriere\/ledige-stillinger\/\" target=\"_self\" class=\"flex-row transition-[gap] gap-3 hover:gap-5 py-4.5 px-6.5 items-center text-base text-center border border-primary rounded-md focus:outline outline-focus inline-flex bg-primary text-white hover:bg-primary-hover focus:bg-primary-hover\">\n\t\tLedige stillinger\t\t\t<\/a>\n\t\t\t\t<\/div>\n        \t\t\t\t\t\t<\/div>\n\t<\/div>\n<\/section>\n\n\n\n<p><\/p>\n","protected":false},"excerpt":{"rendered":"","protected":false},"author":7,"featured_media":0,"parent":8091,"menu_order":0,"comment_status":"closed","ping_status":"closed","template":"","meta":{"_acf_changed":false,"inline_featured_image":false,"footnotes":""},"class_list":["post-8192","page","type-page","status-publish","hentry"],"acf":[],"yoast_head":"<!-- This site is optimized with the Yoast SEO plugin v27.3 - https:\/\/yoast.com\/product\/yoast-seo-wordpress\/ -->\n<title>Medarbejderhistorier: John Johansen<\/title>\n<meta name=\"robots\" content=\"index, follow, max-snippet:-1, max-image-preview:large, max-video-preview:-1\" \/>\n<link rel=\"canonical\" href=\"https:\/\/www.ds-gruppen.com\/da-dk\/karriere\/medarbejderhistorier\/john-johansen\/\" \/>\n<meta property=\"og:locale\" content=\"da_DK\" \/>\n<meta property=\"og:type\" content=\"article\" \/>\n<meta property=\"og:title\" content=\"Medarbejderhistorier: John Johansen\" \/>\n<meta property=\"og:url\" content=\"https:\/\/www.ds-gruppen.com\/da-dk\/karriere\/medarbejderhistorier\/john-johansen\/\" \/>\n<meta property=\"og:site_name\" content=\"DS Gruppen\" \/>\n<meta property=\"article:publisher\" content=\"https:\/\/www.facebook.com\/dsgruppen\" \/>\n<meta property=\"article:modified_time\" content=\"2026-03-30T11:07:47+00:00\" \/>\n<meta name=\"twitter:card\" content=\"summary_large_image\" \/>\n<meta name=\"twitter:label1\" content=\"Estimeret l\u00e6setid\" \/>\n\t<meta name=\"twitter:data1\" content=\"3 minutter\" \/>\n<script type=\"application\/ld+json\" class=\"yoast-schema-graph\">{\"@context\":\"https:\\\/\\\/schema.org\",\"@graph\":[{\"@type\":\"WebPage\",\"@id\":\"https:\\\/\\\/www.ds-gruppen.com\\\/da-dk\\\/karriere\\\/medarbejderhistorier\\\/john-johansen\\\/\",\"url\":\"https:\\\/\\\/www.ds-gruppen.com\\\/da-dk\\\/karriere\\\/medarbejderhistorier\\\/john-johansen\\\/\",\"name\":\"Medarbejderhistorier: John Johansen\",\"isPartOf\":{\"@id\":\"https:\\\/\\\/www.ds-gruppen.com\\\/da-dk\\\/#website\"},\"datePublished\":\"2026-01-28T20:03:36+00:00\",\"dateModified\":\"2026-03-30T11:07:47+00:00\",\"breadcrumb\":{\"@id\":\"https:\\\/\\\/www.ds-gruppen.com\\\/da-dk\\\/karriere\\\/medarbejderhistorier\\\/john-johansen\\\/#breadcrumb\"},\"inLanguage\":\"da-DK\",\"potentialAction\":[{\"@type\":\"ReadAction\",\"target\":[\"https:\\\/\\\/www.ds-gruppen.com\\\/da-dk\\\/karriere\\\/medarbejderhistorier\\\/john-johansen\\\/\"]}]},{\"@type\":\"BreadcrumbList\",\"@id\":\"https:\\\/\\\/www.ds-gruppen.com\\\/da-dk\\\/karriere\\\/medarbejderhistorier\\\/john-johansen\\\/#breadcrumb\",\"itemListElement\":[{\"@type\":\"ListItem\",\"position\":1,\"name\":\"Home\",\"item\":\"https:\\\/\\\/www.ds-gruppen.com\\\/da-dk\\\/\"},{\"@type\":\"ListItem\",\"position\":2,\"name\":\"Karriere\",\"item\":\"https:\\\/\\\/www.ds-gruppen.com\\\/da-dk\\\/karriere\\\/\"},{\"@type\":\"ListItem\",\"position\":3,\"name\":\"Medarbejderhistorier\",\"item\":\"https:\\\/\\\/www.ds-gruppen.com\\\/da-dk\\\/karriere\\\/medarbejderhistorier\\\/\"},{\"@type\":\"ListItem\",\"position\":4,\"name\":\"John Johansen\"}]},{\"@type\":\"WebSite\",\"@id\":\"https:\\\/\\\/www.ds-gruppen.com\\\/da-dk\\\/#website\",\"url\":\"https:\\\/\\\/www.ds-gruppen.com\\\/da-dk\\\/\",\"name\":\"DS Gruppen A\\\/S\",\"description\":\"En del af GOLDBECK\",\"publisher\":{\"@id\":\"https:\\\/\\\/www.ds-gruppen.com\\\/da-dk\\\/#organization\"},\"alternateName\":\"DS Gruppen\",\"potentialAction\":[{\"@type\":\"SearchAction\",\"target\":{\"@type\":\"EntryPoint\",\"urlTemplate\":\"https:\\\/\\\/www.ds-gruppen.com\\\/da-dk\\\/?s={search_term_string}\"},\"query-input\":{\"@type\":\"PropertyValueSpecification\",\"valueRequired\":true,\"valueName\":\"search_term_string\"}}],\"inLanguage\":\"da-DK\"},{\"@type\":\"Organization\",\"@id\":\"https:\\\/\\\/www.ds-gruppen.com\\\/da-dk\\\/#organization\",\"name\":\"DS Gruppen\",\"url\":\"https:\\\/\\\/www.ds-gruppen.com\\\/da-dk\\\/\",\"logo\":{\"@type\":\"ImageObject\",\"inLanguage\":\"da-DK\",\"@id\":\"https:\\\/\\\/www.ds-gruppen.com\\\/da-dk\\\/#\\\/schema\\\/logo\\\/image\\\/\",\"url\":\"https:\\\/\\\/www.ds-gruppen.com\\\/wp-content\\\/uploads\\\/2025\\\/10\\\/ds_gruppen_original_rgb.svg\",\"contentUrl\":\"https:\\\/\\\/www.ds-gruppen.com\\\/wp-content\\\/uploads\\\/2025\\\/10\\\/ds_gruppen_original_rgb.svg\",\"caption\":\"DS Gruppen\"},\"image\":{\"@id\":\"https:\\\/\\\/www.ds-gruppen.com\\\/da-dk\\\/#\\\/schema\\\/logo\\\/image\\\/\"},\"sameAs\":[\"https:\\\/\\\/www.facebook.com\\\/dsgruppen\",\"https:\\\/\\\/www.linkedin.com\\\/company\\\/dsgruppenas\\\/\"]}]}<\/script>\n<!-- \/ Yoast SEO plugin. -->","yoast_head_json":{"title":"Medarbejderhistorier: John Johansen","robots":{"index":"index","follow":"follow","max-snippet":"max-snippet:-1","max-image-preview":"max-image-preview:large","max-video-preview":"max-video-preview:-1"},"canonical":"https:\/\/www.ds-gruppen.com\/da-dk\/karriere\/medarbejderhistorier\/john-johansen\/","og_locale":"da_DK","og_type":"article","og_title":"Medarbejderhistorier: John Johansen","og_url":"https:\/\/www.ds-gruppen.com\/da-dk\/karriere\/medarbejderhistorier\/john-johansen\/","og_site_name":"DS Gruppen","article_publisher":"https:\/\/www.facebook.com\/dsgruppen","article_modified_time":"2026-03-30T11:07:47+00:00","twitter_card":"summary_large_image","twitter_misc":{"Estimeret l\u00e6setid":"3 minutter"},"schema":{"@context":"https:\/\/schema.org","@graph":[{"@type":"WebPage","@id":"https:\/\/www.ds-gruppen.com\/da-dk\/karriere\/medarbejderhistorier\/john-johansen\/","url":"https:\/\/www.ds-gruppen.com\/da-dk\/karriere\/medarbejderhistorier\/john-johansen\/","name":"Medarbejderhistorier: John Johansen","isPartOf":{"@id":"https:\/\/www.ds-gruppen.com\/da-dk\/#website"},"datePublished":"2026-01-28T20:03:36+00:00","dateModified":"2026-03-30T11:07:47+00:00","breadcrumb":{"@id":"https:\/\/www.ds-gruppen.com\/da-dk\/karriere\/medarbejderhistorier\/john-johansen\/#breadcrumb"},"inLanguage":"da-DK","potentialAction":[{"@type":"ReadAction","target":["https:\/\/www.ds-gruppen.com\/da-dk\/karriere\/medarbejderhistorier\/john-johansen\/"]}]},{"@type":"BreadcrumbList","@id":"https:\/\/www.ds-gruppen.com\/da-dk\/karriere\/medarbejderhistorier\/john-johansen\/#breadcrumb","itemListElement":[{"@type":"ListItem","position":1,"name":"Home","item":"https:\/\/www.ds-gruppen.com\/da-dk\/"},{"@type":"ListItem","position":2,"name":"Karriere","item":"https:\/\/www.ds-gruppen.com\/da-dk\/karriere\/"},{"@type":"ListItem","position":3,"name":"Medarbejderhistorier","item":"https:\/\/www.ds-gruppen.com\/da-dk\/karriere\/medarbejderhistorier\/"},{"@type":"ListItem","position":4,"name":"John Johansen"}]},{"@type":"WebSite","@id":"https:\/\/www.ds-gruppen.com\/da-dk\/#website","url":"https:\/\/www.ds-gruppen.com\/da-dk\/","name":"DS Gruppen A\/S","description":"En del af GOLDBECK","publisher":{"@id":"https:\/\/www.ds-gruppen.com\/da-dk\/#organization"},"alternateName":"DS Gruppen","potentialAction":[{"@type":"SearchAction","target":{"@type":"EntryPoint","urlTemplate":"https:\/\/www.ds-gruppen.com\/da-dk\/?s={search_term_string}"},"query-input":{"@type":"PropertyValueSpecification","valueRequired":true,"valueName":"search_term_string"}}],"inLanguage":"da-DK"},{"@type":"Organization","@id":"https:\/\/www.ds-gruppen.com\/da-dk\/#organization","name":"DS Gruppen","url":"https:\/\/www.ds-gruppen.com\/da-dk\/","logo":{"@type":"ImageObject","inLanguage":"da-DK","@id":"https:\/\/www.ds-gruppen.com\/da-dk\/#\/schema\/logo\/image\/","url":"https:\/\/www.ds-gruppen.com\/wp-content\/uploads\/2025\/10\/ds_gruppen_original_rgb.svg","contentUrl":"https:\/\/www.ds-gruppen.com\/wp-content\/uploads\/2025\/10\/ds_gruppen_original_rgb.svg","caption":"DS Gruppen"},"image":{"@id":"https:\/\/www.ds-gruppen.com\/da-dk\/#\/schema\/logo\/image\/"},"sameAs":["https:\/\/www.facebook.com\/dsgruppen","https:\/\/www.linkedin.com\/company\/dsgruppenas\/"]}]}},"_links":{"self":[{"href":"https:\/\/www.ds-gruppen.com\/da-dk\/wp-json\/wp\/v2\/pages\/8192","targetHints":{"allow":["GET"]}}],"collection":[{"href":"https:\/\/www.ds-gruppen.com\/da-dk\/wp-json\/wp\/v2\/pages"}],"about":[{"href":"https:\/\/www.ds-gruppen.com\/da-dk\/wp-json\/wp\/v2\/types\/page"}],"author":[{"embeddable":true,"href":"https:\/\/www.ds-gruppen.com\/da-dk\/wp-json\/wp\/v2\/users\/7"}],"replies":[{"embeddable":true,"href":"https:\/\/www.ds-gruppen.com\/da-dk\/wp-json\/wp\/v2\/comments?post=8192"}],"version-history":[{"count":11,"href":"https:\/\/www.ds-gruppen.com\/da-dk\/wp-json\/wp\/v2\/pages\/8192\/revisions"}],"predecessor-version":[{"id":8568,"href":"https:\/\/www.ds-gruppen.com\/da-dk\/wp-json\/wp\/v2\/pages\/8192\/revisions\/8568"}],"up":[{"embeddable":true,"href":"https:\/\/www.ds-gruppen.com\/da-dk\/wp-json\/wp\/v2\/pages\/8091"}],"wp:attachment":[{"href":"https:\/\/www.ds-gruppen.com\/da-dk\/wp-json\/wp\/v2\/media?parent=8192"}],"curies":[{"name":"wp","href":"https:\/\/api.w.org\/{rel}","templated":true}]}}