{"id":8310,"date":"2026-01-28T22:51:56","date_gmt":"2026-01-28T22:51:56","guid":{"rendered":"https:\/\/www.ds-gruppen.com\/da-dk\/?page_id=8310"},"modified":"2026-03-30T12:06:15","modified_gmt":"2026-03-30T11:06:15","slug":"tina-sund-johannessen","status":"publish","type":"page","link":"https:\/\/www.ds-gruppen.com\/da-dk\/karriere\/medarbejderhistorier\/tina-sund-johannessen\/","title":{"rendered":"Tina Sund Johannessen"},"content":{"rendered":"<div class=\"breadcrumbs-section my-5 max-xl:px-4 relative\">\n    <div class=\"container mx-auto\">\n            <nav aria-label=\"Breadcrumbs\">\n        <ol class=\"whitespace-nowrap overflow-hidden text-ellipsis pb-1\">\n            <li class=\"inline\">\n                <a href=\"https:\/\/www.ds-gruppen.com\/da-dk\/\" class=\"ms-[2px] focus:outline outline-focus\">\n                    <svg class=\"inline relative -top-[2px]\" width=\"16\" height=\"17\" viewBox=\"0 0 16 17\" fill=\"none\" xmlns=\"http:\/\/www.w3.org\/2000\/svg\">\n                        <path d=\"M7.99992 4.62668L11.3333 7.62668V12.8333H9.99992V8.83334H5.99992V12.8333H4.66659V7.62668L7.99992 4.62668ZM7.99992 2.83334L1.33325 8.83334H3.33325V14.1667H7.33325V10.1667H8.66659V14.1667H12.6666V8.83334H14.6666L7.99992 2.83334Z\" fill=\"#525252\"\/>\n                    <\/svg>\n                <\/a>\n            <\/li>\n                                                <li class=\"inline before:content-['|'] before:text-bg-border-3 before:text-[11px] before:px-2 before-px-1-5-mobile before:relative before:-top-[2px]\">\n                                                    <a href=\"https:\/\/www.ds-gruppen.com\/da-dk\/karriere\/\" class=\"text-subtle text-sm leading-[150%] underline hover:cursor-pointer hover:text-link decoration-[0.5px] underline-offset-[0.45em] focus:outline outline-focus\">\n                                Karriere                            <\/a>\n                                            <\/li>\n                                    <li class=\"inline before:content-['|'] before:text-bg-border-3 before:text-[11px] before:px-2 before-px-1-5-mobile before:relative before:-top-[2px]\">\n                                                    <a href=\"https:\/\/www.ds-gruppen.com\/da-dk\/karriere\/medarbejderhistorier\/\" class=\"text-subtle text-sm leading-[150%] underline hover:cursor-pointer hover:text-link decoration-[0.5px] underline-offset-[0.45em] focus:outline outline-focus\">\n                                Medarbejderhistorier                            <\/a>\n                                            <\/li>\n                                                        <li class=\"inline before:content-['|'] before:text-bg-border-3 before:text-[11px] before:px-2 before-px-1-5-mobile before:relative before:-top-[2px]\">\n                    <p class=\"inline text-subtle text-sm leading-[150%]\">Tina Sund Johannessen<\/p>\n                <\/li>\n                    <\/ol>\n    <\/nav>\n    <\/div>\n    <div class=\"bg-[linear-gradient(270deg,_#FFF_-3.57%,_rgba(255,255,255,0)_100%)] absolute right-0 -top-5 w-15 h-[calc(100%+40px)] md:hidden\"><\/div>\n<\/div>\n\n<section class=\"one-column-text py-15 2xl:py-30 max-xl:px-4\" style='background-color:#FFFFFF'>\n\t<div class=\"container mx-auto max-w-[880px]\">\n\t\t<div class=\"flex flex-col\">\n\t\t\t\t\t\t\t<h2 class=\"headline text-title text-xl xl:text-28 leading-[120%] font-light mb-8 lg:!pb-10\">Jeg er glad for at v\u00e6re i en virksomhed i udvikling<\/h2>\n\t\t\t\t\t\t<div class=\"text-content\">\n\t\t\t\t\t\t\t\t\t<div class=\"wysiwyg [&#038;_p]:!text-base [&#038;_li]:!text-base [&#038;_li:before]:!top-2 leading-[150%] font-light\"><p><img loading=\"lazy\" decoding=\"async\" class=\"alignnone size-full wp-image-8312\" src=\"https:\/\/www.ds-gruppen.com\/wp-content\/uploads\/2026\/01\/medarbejderhistorier-tina-sund-johannessen-001-980x653px.webp\" alt=\"\" width=\"980\" height=\"653\" srcset=\"https:\/\/www.ds-gruppen.com\/wp-content\/uploads\/2026\/01\/medarbejderhistorier-tina-sund-johannessen-001-980x653px.webp 980w, https:\/\/www.ds-gruppen.com\/wp-content\/uploads\/2026\/01\/medarbejderhistorier-tina-sund-johannessen-001-980x653px-300x200.webp 300w, https:\/\/www.ds-gruppen.com\/wp-content\/uploads\/2026\/01\/medarbejderhistorier-tina-sund-johannessen-001-980x653px-768x512.webp 768w\" sizes=\"auto, (max-width: 980px) 100vw, 980px\" \/><\/p>\n<h1>Tina Sund Johannessen er ansat som projektleder hos DS St\u00e5lkonstruktion<\/h1>\n<p>Jeg har arbejdet i st\u00e5lbranchen siden 1995 og fra 1. januar 2015 hos DS St\u00e5lkonstruktion, hvor mine prim\u00e6re arbejdsomr\u00e5der er Danmark og Norge. Vi arbejder med \u201dfrihed under ansvar\u201d, og det trives jeg v\u00e6ldig godt med. Vi har og skaber vores egen kundeportef\u00f8lje, men ikke mere fast, end at vi hj\u00e6lper hinanden p\u00e5 tv\u00e6rs af afdelingen, hvis der er behov for det.<\/p>\n<h2><strong>Det er vigtigt at skabe langsigtede relationer til kunderne<\/strong><\/h2>\n<p>Med over 25 \u00e5rs erfaring inden for st\u00e5lkonstruktioner har jeg en solid og professionel baggrund som projektleder. Mit fokus ligger p\u00e5 at skabe st\u00e6rke og langsigtede relationer med s\u00e6rligt danske og norske entrepren\u00f8rer. Jeg arbejder med mange type projekter fra start til slut, altid med det gode partnerskab i fokus og en forst\u00e5else for de unikke byggestile, der pr\u00e6ger hver enkelt projekt.<\/p>\n<p>Jeg er glad for at arbejde i en virksomhed, som er i konstant udvikling og dermed v\u00e6re en del af et fagligt st\u00e6rkt team, der leverer branchens bedste produkter.<\/p>\n<p>Virksomhedens positive menneskesyn, sociale milj\u00f8 og engagement er tydelige i hverdagen i hele organisationen.<\/p>\n<p>Jeg har lavet mange forskellige st\u00e5lkonstruktioner gennem \u00e5rene som f.eks. sygehusbyggeri, parkeringshuse, fiskeopdr\u00e6t, sportshaller, padelhaller, k\u00f8leterminaler, affaldsstationer og industribygninger i alle afskygninger.<\/p>\n<figure id=\"attachment_8315\" aria-describedby=\"caption-attachment-8315\" style=\"width: 980px\" class=\"wp-caption alignnone\"><img loading=\"lazy\" decoding=\"async\" class=\"wp-image-8315 size-full\" src=\"https:\/\/www.ds-gruppen.com\/wp-content\/uploads\/2026\/01\/medarbejderhistorier-tina-sund-johannessen-002-980x653px.webp\" alt=\"\" width=\"980\" height=\"653\" srcset=\"https:\/\/www.ds-gruppen.com\/wp-content\/uploads\/2026\/01\/medarbejderhistorier-tina-sund-johannessen-002-980x653px.webp 980w, https:\/\/www.ds-gruppen.com\/wp-content\/uploads\/2026\/01\/medarbejderhistorier-tina-sund-johannessen-002-980x653px-300x200.webp 300w, https:\/\/www.ds-gruppen.com\/wp-content\/uploads\/2026\/01\/medarbejderhistorier-tina-sund-johannessen-002-980x653px-768x512.webp 768w\" sizes=\"auto, (max-width: 980px) 100vw, 980px\" \/><figcaption id=\"caption-attachment-8315\" class=\"wp-caption-text\">Her er Tina p\u00e5 byggepladsinspektion med kollegaerne Helene Voss Klausholm og Jette Rosenkilde Hedegaard.<\/figcaption><\/figure>\n<\/div>\n\t\t\t\t\t\t\t\t\t\t\t<\/div>\n\t\t<\/div>\n\t<\/div>\n<\/section>\n\n\n<section class=\"cta-section relative my-15 xl:my-30\">\n\t<div class=\"image-wrapper size-full absolute\">\n\t\t\t\t\t<img loading=\"lazy\" decoding=\"async\" width=\"2560\" height=\"1707\" src=\"https:\/\/www.ds-gruppen.com\/wp-content\/uploads\/2026\/01\/cta-dss-009-2592x1728px-scaled.webp\" class=\"size-full object-center object-cover\" alt=\"\" srcset=\"https:\/\/www.ds-gruppen.com\/wp-content\/uploads\/2026\/01\/cta-dss-009-2592x1728px-scaled.webp 2560w, https:\/\/www.ds-gruppen.com\/wp-content\/uploads\/2026\/01\/cta-dss-009-2592x1728px-300x200.webp 300w, https:\/\/www.ds-gruppen.com\/wp-content\/uploads\/2026\/01\/cta-dss-009-2592x1728px-1024x683.webp 1024w, https:\/\/www.ds-gruppen.com\/wp-content\/uploads\/2026\/01\/cta-dss-009-2592x1728px-768x512.webp 768w, https:\/\/www.ds-gruppen.com\/wp-content\/uploads\/2026\/01\/cta-dss-009-2592x1728px-1536x1024.webp 1536w, https:\/\/www.ds-gruppen.com\/wp-content\/uploads\/2026\/01\/cta-dss-009-2592x1728px-2048x1365.webp 2048w\" sizes=\"auto, (max-width: 2560px) 100vw, 2560px\" \/>\t\t\t<div class=\"overlay-image absolute top-0 left-0 right-0 bottom-0\"><\/div>\n\t\t\t<\/div>\n\t<div class=\"grid grid-cols-1 lg:grid-cols-2 container mx-auto gap-0 relative\">\n\t\t<div class=\"relative content-end max-md:order-last\">\n\t\t\t\t\t\t\t<div class=\"form-image-wrapper max-lg:p-4 max-lg:pb-0\">\n\t\t\t\t\t<div class=\"relative\">\n\t\t\t\t\t\t<img loading=\"lazy\" decoding=\"async\" width=\"1038\" height=\"800\" src=\"https:\/\/www.ds-gruppen.com\/wp-content\/uploads\/2026\/01\/bsv-01-cta-1038x800px.webp\" class=\"relative w-full z-1\" alt=\"\" srcset=\"https:\/\/www.ds-gruppen.com\/wp-content\/uploads\/2026\/01\/bsv-01-cta-1038x800px.webp 1038w, https:\/\/www.ds-gruppen.com\/wp-content\/uploads\/2026\/01\/bsv-01-cta-1038x800px-300x231.webp 300w, https:\/\/www.ds-gruppen.com\/wp-content\/uploads\/2026\/01\/bsv-01-cta-1038x800px-1024x789.webp 1024w, https:\/\/www.ds-gruppen.com\/wp-content\/uploads\/2026\/01\/bsv-01-cta-1038x800px-768x592.webp 768w\" sizes=\"auto, (max-width: 1038px) 100vw, 1038px\" \/>\t\t\t\t\t<\/div>\n\t\t\t\t<\/div>\n\t\t\t\t\t<\/div>\n\t\t<div class=\"p-4 lg:p-7.5 xl:p-15 flex flex-col gap-8 md:gap-10 z-1\">\n\t\t\t\t\t\t\t<h2 class=\"headline text-body-invert text-xl xl:text-28 leading-[120%] font-light max-md:!pb-5\">Vil du ogs\u00e5 arbejde ved DS St\u00e5lkonstruktion?<\/h2>\n\t\t\t\t\t\t\t\t\t\t<div class=\"wysiwyg small-text-desktop text-body-invert text-base leading-[150%] font-light\"><p>Har du overordnede sp\u00f8rgsm\u00e5l til dine karrieremuligheder i et af DS Gruppens selskaber, er du velkommen til at rette henvendelse til vores People &amp; Culture-afdeling:<\/p>\n<p><strong>Birgitte Raunsgaard Svejstrup<\/strong><br \/>\nGroup HR Business Partner<\/p>\n<p>Mobil: <a href=\"tel:+45 22 79 55 88\">+45 22 79 55 88<\/a><\/p>\n<p>Email: <a href=\"mailto:bsv@ds-gruppen.dk\">bsv@ds-gruppen.dk<\/a><\/p>\n<\/div>\n\t\t\t\t\t\t\t\t\t\t<div class=\"cta-wrapper\">\n\t\t\t\t\t\t<a href=\"https:\/\/www.ds-gruppen.com\/da-dk\/karriere\/ledige-stillinger\/\" target=\"_self\" class=\"flex-row transition-[gap] gap-3 hover:gap-5 py-4.5 px-6.5 items-center text-base text-center border border-primary rounded-md focus:outline outline-focus inline-flex bg-primary text-white hover:bg-primary-hover focus:bg-primary-hover\">\n\t\tLedige stillinger\t\t\t<\/a>\n\t\t\t\t<\/div>\n        \t\t\t\t\t\t<\/div>\n\t<\/div>\n<\/section>\n\n\n\n<p><\/p>\n","protected":false},"excerpt":{"rendered":"","protected":false},"author":7,"featured_media":0,"parent":8091,"menu_order":0,"comment_status":"closed","ping_status":"closed","template":"","meta":{"_acf_changed":false,"inline_featured_image":false,"footnotes":""},"class_list":["post-8310","page","type-page","status-publish","hentry"],"acf":[],"yoast_head":"<!-- This site is optimized with the Yoast SEO plugin v27.3 - https:\/\/yoast.com\/product\/yoast-seo-wordpress\/ -->\n<title>Medarbejderhistorier: Tina Sund Johannessen<\/title>\n<meta name=\"robots\" content=\"index, follow, max-snippet:-1, max-image-preview:large, max-video-preview:-1\" \/>\n<link rel=\"canonical\" href=\"https:\/\/www.ds-gruppen.com\/da-dk\/karriere\/medarbejderhistorier\/tina-sund-johannessen\/\" \/>\n<meta property=\"og:locale\" content=\"da_DK\" \/>\n<meta property=\"og:type\" content=\"article\" \/>\n<meta property=\"og:title\" content=\"Medarbejderhistorier: Tina Sund Johannessen\" \/>\n<meta property=\"og:url\" content=\"https:\/\/www.ds-gruppen.com\/da-dk\/karriere\/medarbejderhistorier\/tina-sund-johannessen\/\" \/>\n<meta property=\"og:site_name\" content=\"DS Gruppen\" \/>\n<meta property=\"article:publisher\" content=\"https:\/\/www.facebook.com\/dsgruppen\" \/>\n<meta property=\"article:modified_time\" content=\"2026-03-30T11:06:15+00:00\" \/>\n<meta name=\"twitter:card\" content=\"summary_large_image\" \/>\n<meta name=\"twitter:label1\" content=\"Estimeret l\u00e6setid\" \/>\n\t<meta name=\"twitter:data1\" content=\"3 minutter\" \/>\n<script type=\"application\/ld+json\" class=\"yoast-schema-graph\">{\"@context\":\"https:\\\/\\\/schema.org\",\"@graph\":[{\"@type\":\"WebPage\",\"@id\":\"https:\\\/\\\/www.ds-gruppen.com\\\/da-dk\\\/karriere\\\/medarbejderhistorier\\\/tina-sund-johannessen\\\/\",\"url\":\"https:\\\/\\\/www.ds-gruppen.com\\\/da-dk\\\/karriere\\\/medarbejderhistorier\\\/tina-sund-johannessen\\\/\",\"name\":\"Medarbejderhistorier: Tina Sund Johannessen\",\"isPartOf\":{\"@id\":\"https:\\\/\\\/www.ds-gruppen.com\\\/da-dk\\\/#website\"},\"datePublished\":\"2026-01-28T22:51:56+00:00\",\"dateModified\":\"2026-03-30T11:06:15+00:00\",\"breadcrumb\":{\"@id\":\"https:\\\/\\\/www.ds-gruppen.com\\\/da-dk\\\/karriere\\\/medarbejderhistorier\\\/tina-sund-johannessen\\\/#breadcrumb\"},\"inLanguage\":\"da-DK\",\"potentialAction\":[{\"@type\":\"ReadAction\",\"target\":[\"https:\\\/\\\/www.ds-gruppen.com\\\/da-dk\\\/karriere\\\/medarbejderhistorier\\\/tina-sund-johannessen\\\/\"]}]},{\"@type\":\"BreadcrumbList\",\"@id\":\"https:\\\/\\\/www.ds-gruppen.com\\\/da-dk\\\/karriere\\\/medarbejderhistorier\\\/tina-sund-johannessen\\\/#breadcrumb\",\"itemListElement\":[{\"@type\":\"ListItem\",\"position\":1,\"name\":\"Home\",\"item\":\"https:\\\/\\\/www.ds-gruppen.com\\\/da-dk\\\/\"},{\"@type\":\"ListItem\",\"position\":2,\"name\":\"Karriere\",\"item\":\"https:\\\/\\\/www.ds-gruppen.com\\\/da-dk\\\/karriere\\\/\"},{\"@type\":\"ListItem\",\"position\":3,\"name\":\"Medarbejderhistorier\",\"item\":\"https:\\\/\\\/www.ds-gruppen.com\\\/da-dk\\\/karriere\\\/medarbejderhistorier\\\/\"},{\"@type\":\"ListItem\",\"position\":4,\"name\":\"Tina Sund Johannessen\"}]},{\"@type\":\"WebSite\",\"@id\":\"https:\\\/\\\/www.ds-gruppen.com\\\/da-dk\\\/#website\",\"url\":\"https:\\\/\\\/www.ds-gruppen.com\\\/da-dk\\\/\",\"name\":\"DS Gruppen A\\\/S\",\"description\":\"En del af GOLDBECK\",\"publisher\":{\"@id\":\"https:\\\/\\\/www.ds-gruppen.com\\\/da-dk\\\/#organization\"},\"alternateName\":\"DS Gruppen\",\"potentialAction\":[{\"@type\":\"SearchAction\",\"target\":{\"@type\":\"EntryPoint\",\"urlTemplate\":\"https:\\\/\\\/www.ds-gruppen.com\\\/da-dk\\\/?s={search_term_string}\"},\"query-input\":{\"@type\":\"PropertyValueSpecification\",\"valueRequired\":true,\"valueName\":\"search_term_string\"}}],\"inLanguage\":\"da-DK\"},{\"@type\":\"Organization\",\"@id\":\"https:\\\/\\\/www.ds-gruppen.com\\\/da-dk\\\/#organization\",\"name\":\"DS Gruppen\",\"url\":\"https:\\\/\\\/www.ds-gruppen.com\\\/da-dk\\\/\",\"logo\":{\"@type\":\"ImageObject\",\"inLanguage\":\"da-DK\",\"@id\":\"https:\\\/\\\/www.ds-gruppen.com\\\/da-dk\\\/#\\\/schema\\\/logo\\\/image\\\/\",\"url\":\"https:\\\/\\\/www.ds-gruppen.com\\\/wp-content\\\/uploads\\\/2025\\\/10\\\/ds_gruppen_original_rgb.svg\",\"contentUrl\":\"https:\\\/\\\/www.ds-gruppen.com\\\/wp-content\\\/uploads\\\/2025\\\/10\\\/ds_gruppen_original_rgb.svg\",\"caption\":\"DS Gruppen\"},\"image\":{\"@id\":\"https:\\\/\\\/www.ds-gruppen.com\\\/da-dk\\\/#\\\/schema\\\/logo\\\/image\\\/\"},\"sameAs\":[\"https:\\\/\\\/www.facebook.com\\\/dsgruppen\",\"https:\\\/\\\/www.linkedin.com\\\/company\\\/dsgruppenas\\\/\"]}]}<\/script>\n<!-- \/ Yoast SEO plugin. -->","yoast_head_json":{"title":"Medarbejderhistorier: Tina Sund Johannessen","robots":{"index":"index","follow":"follow","max-snippet":"max-snippet:-1","max-image-preview":"max-image-preview:large","max-video-preview":"max-video-preview:-1"},"canonical":"https:\/\/www.ds-gruppen.com\/da-dk\/karriere\/medarbejderhistorier\/tina-sund-johannessen\/","og_locale":"da_DK","og_type":"article","og_title":"Medarbejderhistorier: Tina Sund Johannessen","og_url":"https:\/\/www.ds-gruppen.com\/da-dk\/karriere\/medarbejderhistorier\/tina-sund-johannessen\/","og_site_name":"DS Gruppen","article_publisher":"https:\/\/www.facebook.com\/dsgruppen","article_modified_time":"2026-03-30T11:06:15+00:00","twitter_card":"summary_large_image","twitter_misc":{"Estimeret l\u00e6setid":"3 minutter"},"schema":{"@context":"https:\/\/schema.org","@graph":[{"@type":"WebPage","@id":"https:\/\/www.ds-gruppen.com\/da-dk\/karriere\/medarbejderhistorier\/tina-sund-johannessen\/","url":"https:\/\/www.ds-gruppen.com\/da-dk\/karriere\/medarbejderhistorier\/tina-sund-johannessen\/","name":"Medarbejderhistorier: Tina Sund Johannessen","isPartOf":{"@id":"https:\/\/www.ds-gruppen.com\/da-dk\/#website"},"datePublished":"2026-01-28T22:51:56+00:00","dateModified":"2026-03-30T11:06:15+00:00","breadcrumb":{"@id":"https:\/\/www.ds-gruppen.com\/da-dk\/karriere\/medarbejderhistorier\/tina-sund-johannessen\/#breadcrumb"},"inLanguage":"da-DK","potentialAction":[{"@type":"ReadAction","target":["https:\/\/www.ds-gruppen.com\/da-dk\/karriere\/medarbejderhistorier\/tina-sund-johannessen\/"]}]},{"@type":"BreadcrumbList","@id":"https:\/\/www.ds-gruppen.com\/da-dk\/karriere\/medarbejderhistorier\/tina-sund-johannessen\/#breadcrumb","itemListElement":[{"@type":"ListItem","position":1,"name":"Home","item":"https:\/\/www.ds-gruppen.com\/da-dk\/"},{"@type":"ListItem","position":2,"name":"Karriere","item":"https:\/\/www.ds-gruppen.com\/da-dk\/karriere\/"},{"@type":"ListItem","position":3,"name":"Medarbejderhistorier","item":"https:\/\/www.ds-gruppen.com\/da-dk\/karriere\/medarbejderhistorier\/"},{"@type":"ListItem","position":4,"name":"Tina Sund Johannessen"}]},{"@type":"WebSite","@id":"https:\/\/www.ds-gruppen.com\/da-dk\/#website","url":"https:\/\/www.ds-gruppen.com\/da-dk\/","name":"DS Gruppen A\/S","description":"En del af GOLDBECK","publisher":{"@id":"https:\/\/www.ds-gruppen.com\/da-dk\/#organization"},"alternateName":"DS Gruppen","potentialAction":[{"@type":"SearchAction","target":{"@type":"EntryPoint","urlTemplate":"https:\/\/www.ds-gruppen.com\/da-dk\/?s={search_term_string}"},"query-input":{"@type":"PropertyValueSpecification","valueRequired":true,"valueName":"search_term_string"}}],"inLanguage":"da-DK"},{"@type":"Organization","@id":"https:\/\/www.ds-gruppen.com\/da-dk\/#organization","name":"DS Gruppen","url":"https:\/\/www.ds-gruppen.com\/da-dk\/","logo":{"@type":"ImageObject","inLanguage":"da-DK","@id":"https:\/\/www.ds-gruppen.com\/da-dk\/#\/schema\/logo\/image\/","url":"https:\/\/www.ds-gruppen.com\/wp-content\/uploads\/2025\/10\/ds_gruppen_original_rgb.svg","contentUrl":"https:\/\/www.ds-gruppen.com\/wp-content\/uploads\/2025\/10\/ds_gruppen_original_rgb.svg","caption":"DS Gruppen"},"image":{"@id":"https:\/\/www.ds-gruppen.com\/da-dk\/#\/schema\/logo\/image\/"},"sameAs":["https:\/\/www.facebook.com\/dsgruppen","https:\/\/www.linkedin.com\/company\/dsgruppenas\/"]}]}},"_links":{"self":[{"href":"https:\/\/www.ds-gruppen.com\/da-dk\/wp-json\/wp\/v2\/pages\/8310","targetHints":{"allow":["GET"]}}],"collection":[{"href":"https:\/\/www.ds-gruppen.com\/da-dk\/wp-json\/wp\/v2\/pages"}],"about":[{"href":"https:\/\/www.ds-gruppen.com\/da-dk\/wp-json\/wp\/v2\/types\/page"}],"author":[{"embeddable":true,"href":"https:\/\/www.ds-gruppen.com\/da-dk\/wp-json\/wp\/v2\/users\/7"}],"replies":[{"embeddable":true,"href":"https:\/\/www.ds-gruppen.com\/da-dk\/wp-json\/wp\/v2\/comments?post=8310"}],"version-history":[{"count":8,"href":"https:\/\/www.ds-gruppen.com\/da-dk\/wp-json\/wp\/v2\/pages\/8310\/revisions"}],"predecessor-version":[{"id":8577,"href":"https:\/\/www.ds-gruppen.com\/da-dk\/wp-json\/wp\/v2\/pages\/8310\/revisions\/8577"}],"up":[{"embeddable":true,"href":"https:\/\/www.ds-gruppen.com\/da-dk\/wp-json\/wp\/v2\/pages\/8091"}],"wp:attachment":[{"href":"https:\/\/www.ds-gruppen.com\/da-dk\/wp-json\/wp\/v2\/media?parent=8310"}],"curies":[{"name":"wp","href":"https:\/\/api.w.org\/{rel}","templated":true}]}}