{"id":8345,"date":"2026-01-29T06:52:32","date_gmt":"2026-01-29T06:52:32","guid":{"rendered":"https:\/\/www.ds-gruppen.com\/da-dk\/?page_id=8345"},"modified":"2026-03-30T12:24:45","modified_gmt":"2026-03-30T11:24:45","slug":"torben-geertsen","status":"publish","type":"page","link":"https:\/\/www.ds-gruppen.com\/da-dk\/karriere\/medarbejderhistorier\/torben-geertsen\/","title":{"rendered":"Torben Geertsen"},"content":{"rendered":"<div class=\"breadcrumbs-section my-5 max-xl:px-4 relative\">\n    <div class=\"container mx-auto\">\n            <nav aria-label=\"Breadcrumbs\">\n        <ol class=\"whitespace-nowrap overflow-hidden text-ellipsis pb-1\">\n            <li class=\"inline\">\n                <a href=\"https:\/\/www.ds-gruppen.com\/da-dk\/\" class=\"ms-[2px] focus:outline outline-focus\">\n                    <svg class=\"inline relative -top-[2px]\" width=\"16\" height=\"17\" viewBox=\"0 0 16 17\" fill=\"none\" xmlns=\"http:\/\/www.w3.org\/2000\/svg\">\n                        <path d=\"M7.99992 4.62668L11.3333 7.62668V12.8333H9.99992V8.83334H5.99992V12.8333H4.66659V7.62668L7.99992 4.62668ZM7.99992 2.83334L1.33325 8.83334H3.33325V14.1667H7.33325V10.1667H8.66659V14.1667H12.6666V8.83334H14.6666L7.99992 2.83334Z\" fill=\"#525252\"\/>\n                    <\/svg>\n                <\/a>\n            <\/li>\n                                                <li class=\"inline before:content-['|'] before:text-bg-border-3 before:text-[11px] before:px-2 before-px-1-5-mobile before:relative before:-top-[2px]\">\n                                                    <a href=\"https:\/\/www.ds-gruppen.com\/da-dk\/karriere\/\" class=\"text-subtle text-sm leading-[150%] underline hover:cursor-pointer hover:text-link decoration-[0.5px] underline-offset-[0.45em] focus:outline outline-focus\">\n                                Karriere                            <\/a>\n                                            <\/li>\n                                    <li class=\"inline before:content-['|'] before:text-bg-border-3 before:text-[11px] before:px-2 before-px-1-5-mobile before:relative before:-top-[2px]\">\n                                                    <a href=\"https:\/\/www.ds-gruppen.com\/da-dk\/karriere\/medarbejderhistorier\/\" class=\"text-subtle text-sm leading-[150%] underline hover:cursor-pointer hover:text-link decoration-[0.5px] underline-offset-[0.45em] focus:outline outline-focus\">\n                                Medarbejderhistorier                            <\/a>\n                                            <\/li>\n                                                        <li class=\"inline before:content-['|'] before:text-bg-border-3 before:text-[11px] before:px-2 before-px-1-5-mobile before:relative before:-top-[2px]\">\n                    <p class=\"inline text-subtle text-sm leading-[150%]\">Torben Geertsen<\/p>\n                <\/li>\n                    <\/ol>\n    <\/nav>\n    <\/div>\n    <div class=\"bg-[linear-gradient(270deg,_#FFF_-3.57%,_rgba(255,255,255,0)_100%)] absolute right-0 -top-5 w-15 h-[calc(100%+40px)] md:hidden\"><\/div>\n<\/div>\n\n<section class=\"one-column-text py-15 2xl:py-30 max-xl:px-4\" style='background-color:#FFFFFF'>\n\t<div class=\"container mx-auto max-w-[880px]\">\n\t\t<div class=\"flex flex-col\">\n\t\t\t\t\t\t\t<h2 class=\"headline text-title text-xl xl:text-28 leading-[120%] font-light mb-8 lg:!pb-10\">Kongelig Bel\u00f8nningsmedalje<\/h2>\n\t\t\t\t\t\t<div class=\"text-content\">\n\t\t\t\t\t\t\t\t\t<div class=\"wysiwyg [&#038;_p]:!text-base [&#038;_li]:!text-base [&#038;_li:before]:!top-2 leading-[150%] font-light\"><figure id=\"attachment_8336\" aria-describedby=\"caption-attachment-8336\" style=\"width: 980px\" class=\"wp-caption alignnone\"><img loading=\"lazy\" decoding=\"async\" class=\"wp-image-8336 size-full\" src=\"https:\/\/www.ds-gruppen.com\/wp-content\/uploads\/2026\/01\/medarbejderhistorier-torben-geertsen-001-980x653px.webp\" alt=\"\" width=\"980\" height=\"653\" srcset=\"https:\/\/www.ds-gruppen.com\/wp-content\/uploads\/2026\/01\/medarbejderhistorier-torben-geertsen-001-980x653px.webp 980w, https:\/\/www.ds-gruppen.com\/wp-content\/uploads\/2026\/01\/medarbejderhistorier-torben-geertsen-001-980x653px-300x200.webp 300w, https:\/\/www.ds-gruppen.com\/wp-content\/uploads\/2026\/01\/medarbejderhistorier-torben-geertsen-001-980x653px-768x512.webp 768w\" sizes=\"auto, (max-width: 980px) 100vw, 980px\" \/><figcaption id=\"caption-attachment-8336\" class=\"wp-caption-text\">Tidligere ejer og stifter af DS St\u00e5lkonstruktion, Svend M\u00f8ller Hansen \u2013 ogs\u00e5 kendt som \u201cSt\u00e5lkongen\u201d \u2013 var til stede for at \u00f8nske Torben personligt tillykke med den kongelige h\u00e6der.<\/figcaption><\/figure>\n<h1>40 \u00e5rs tro tjeneste i DS h\u00e6dret med Kongelig Bel\u00f8nningsmedalje<\/h1>\n<p><strong>I mere end fire \u00e5rtier har Torben Jakobsg\u00e5rd Geertsen haft sit daglige virke hos DS St\u00e5lkonstruktion \u2013 derfor har han f\u00e5et Kongens Bel\u00f8nningsmedalje, og historien bliver ekstra s\u00e6rlig, fordi hustruen Hanne ogs\u00e5 er p\u00e5 vej til at modtage sin egen kongelige medalje for 40 \u00e5rs indsats i \u00e6ldreplejen.<\/strong><\/p>\n<p>Tirsdag den 9. december 2025 blev en helt s\u00e6rlig dag i Hobro. Her modtog Torben Jakobsg\u00e5rd Geertsen Den Kongelige Bel\u00f8nningsmedalje for 40 \u00e5rs tro tjeneste hos DS St\u00e5lkonstruktion, hvor han har sat sit pr\u00e6g p\u00e5 produktionen siden 1983. Medaljen blev overrakt ved en h\u00f8jtidelighed i kantinen, flankeret af kollegaer fra produktionen, ledelsen og Torbens hustru.<\/p>\n<h2><strong>Medarbejder nr. 44<\/strong><\/h2>\n<p>Torben blev udl\u00e6rt smed i 1981 og blev den 20. april 1983 ansat som medarbejder nr. 44 hos DS St\u00e5lkonstruktion A\/S. Han har lige siden v\u00e6ret en faglig n\u00f8gleperson i produktionen, kendt for sin s\u00e6rlige tekniske forst\u00e5else og evne til at oms\u00e6tte teori til praksis. Han har v\u00e6ret en aktiv medspiller i virksomhedens teknologiske udvikling, ikke mindst n\u00e5r nye teknologier og produktionsmetoder skulle testes, implementeres og udbredes til kollegaerne.<\/p>\n<p>Gennem \u00e5rene har Torben haft et vedvarende fokus p\u00e5 vidensdeling og opl\u00e6ring af nye generationer. Han har ydet en ekstraordin\u00e6r indsats for at uddanne l\u00e6rlinge og har v\u00e6ret en vigtig figur i integrationen af nye medarbejdere \u2013 b\u00e5de danske og internationale. Med sit rolige v\u00e6sen og sin praktiske tilgang har han bidraget til et st\u00e6rkt arbejdsmilj\u00f8 p\u00e5 tv\u00e6rs af fagligheder og kulturelle forskelle.<\/p>\n<p>Arbejdsmilj\u00f8 og sikkerhed har ogs\u00e5 haft en s\u00e6rlig plads i Torbens virke. I 12 \u00e5r har han v\u00e6ret sikkerhedsrepr\u00e6sentant og fungeret som brobygger mellem virksomhedens ledelse og medarbejdere i sp\u00f8rgsm\u00e5l om arbejdsmilj\u00f8 og sikkerhed. Samtidig har han som kasserer for gavekassen for mere end 250 kollegaer taget ansvar for sociale arrangementer, weekendture og gaveindk\u00f8b.<\/p>\n<p>Ved medaljeoverr\u00e6kkelsen holdt b\u00e5de CEO for DS St\u00e5lkonstruktion, Morten Kaad, og COO, Claus Rathmann Barnewitz, tale for Torben. Her blev der rettet en stor og varm tak for mere end 40 \u00e5rs tro tjeneste og for den betydning, han har haft for b\u00e5de produktion, kollegaer og virksomhedens kultur.<\/p>\n<p>\u201cI DS St\u00e5lkonstruktion er vi b\u00e5de stolte og taknemmelige over at have medarbejdere med s\u00e5 lang anciennitet som Torben. Mere end 40 \u00e5rs tro tjeneste er i sig selv bem\u00e6rkelsesv\u00e6rdigt, og det er langt fra en selvf\u00f8lge i dagens arbejdsmarked. Det er heller ikke hver dag, man bliver h\u00e6dret med Kongens Bel\u00f8nningsmedalje, og vi ser det som en flot anerkendelse af Torbens indsats og af det f\u00e6llesskab, han har v\u00e6ret med til at bygge op her i virksomheden\u201d, udtaler Morten Kaad, CEO DS St\u00e5lkonstruktion.<\/p>\n<h2><strong>&#8220;St\u00e5lkongen&#8221; kom for at fejre Torben<\/strong><\/h2>\n<p>Lidt \u201dkongelig\u201d blev dagen ogs\u00e5, da DS St\u00e5lkonstruktions tidligere ejer og stifter, Svend M\u00f8ller Hansen \u2013 ogs\u00e5 kendt som \u201dSt\u00e5lkongen\u201d \u2013 var m\u00f8dt op for personligt at lyk\u00f8nske Torben med h\u00e6deren.<\/p>\n<p>En ekstra fin detalje ved ceremonien var, at det blev Torbens hustru, Hanne, der fik lov til at montere medaljen \u2013 beh\u00f8rigt over hjertet, side om side med DS-logoet p\u00e5 arbejdst\u00f8jet. Fru Hanne g\u00f8r begivenheden til en helt s\u00e6rlig dobbeltmarkering, da hun den 22. maj 2026 selv modtager Den Kongelige Fortjenstmedalje for 40 \u00e5rs tro tjeneste p\u00e5 \u00e6ldrecentret Borupv\u00e6nget i Randers, hvor hun arbejder som nattevagt. Hanne er uddannet social- og sundhedsassistent.<\/p>\n<figure id=\"attachment_8339\" aria-describedby=\"caption-attachment-8339\" style=\"width: 980px\" class=\"wp-caption alignnone\"><img loading=\"lazy\" decoding=\"async\" class=\"wp-image-8339 size-full\" src=\"https:\/\/www.ds-gruppen.com\/wp-content\/uploads\/2026\/01\/medarbejderhistorier-torben-geertsen-002-980x653px.webp\" alt=\"\" width=\"980\" height=\"653\" srcset=\"https:\/\/www.ds-gruppen.com\/wp-content\/uploads\/2026\/01\/medarbejderhistorier-torben-geertsen-002-980x653px.webp 980w, https:\/\/www.ds-gruppen.com\/wp-content\/uploads\/2026\/01\/medarbejderhistorier-torben-geertsen-002-980x653px-300x200.webp 300w, https:\/\/www.ds-gruppen.com\/wp-content\/uploads\/2026\/01\/medarbejderhistorier-torben-geertsen-002-980x653px-768x512.webp 768w\" sizes=\"auto, (max-width: 980px) 100vw, 980px\" \/><figcaption id=\"caption-attachment-8339\" class=\"wp-caption-text\">Torbens hustru, Hanne, monterer Den Kongelige Bel\u00f8nningsmedalje beh\u00f8rigt over hans hjerte \u2013 side om side med DS-logoet p\u00e5 arbejdst\u00f8jet.<\/figcaption><\/figure>\n<p>Hr. og fru Geertsen kan se frem til at fuldende den kongelige h\u00e6der sammen, n\u00e5r de drager til hovedstaden til takkeaudiens hos Hans Majest\u00e6t Kongen.<\/p>\n<h2><strong>Efter 43 \u00e5r hos DS venter pensionen<\/strong><\/h2>\n<p>Torben g\u00e5r p\u00e5 velfortjent pension den 31. december 2025 efter n\u00e6sten 43 \u00e5rs tro tjeneste hos DS St\u00e5lkonstruktion. Han har v\u00e6ret glad for sit mange\u00e5rige arbejdsliv p\u00e5 DS St\u00e5lkonstruktion, og siger; \u201dellers havde jeg jo nok s\u00f8gt noget andet\u201d. Nu gl\u00e6der han sig til at nyde sit otium p\u00e5 bop\u00e6len i Randers, hvor han f\u00e5r mere tid til familien, som t\u00e6ller fire s\u00f8nner og otte b\u00f8rneb\u00f8rn.<\/p>\n<p>Med overr\u00e6kkelsen af Den Kongelige Bel\u00f8nningsmedalje markerer DS St\u00e5lkonstruktion sin dybe tak til Torben Jakobsg\u00e5rd Geertsen for en livslang indsats.<\/p>\n<figure id=\"attachment_8342\" aria-describedby=\"caption-attachment-8342\" style=\"width: 980px\" class=\"wp-caption alignnone\"><img loading=\"lazy\" decoding=\"async\" class=\"wp-image-8342 size-full\" src=\"https:\/\/www.ds-gruppen.com\/wp-content\/uploads\/2026\/01\/medarbejderhistorier-torben-geertsen-003-980x653px.webp\" alt=\"\" width=\"980\" height=\"653\" srcset=\"https:\/\/www.ds-gruppen.com\/wp-content\/uploads\/2026\/01\/medarbejderhistorier-torben-geertsen-003-980x653px.webp 980w, https:\/\/www.ds-gruppen.com\/wp-content\/uploads\/2026\/01\/medarbejderhistorier-torben-geertsen-003-980x653px-300x200.webp 300w, https:\/\/www.ds-gruppen.com\/wp-content\/uploads\/2026\/01\/medarbejderhistorier-torben-geertsen-003-980x653px-768x512.webp 768w\" sizes=\"auto, (max-width: 980px) 100vw, 980px\" \/><figcaption id=\"caption-attachment-8342\" class=\"wp-caption-text\">Torben Jakobsg\u00e5rd Geertsen hyldes i kantinen hos DS St\u00e5lkonstruktion i Hobro, hvor han modtager Kongens Bel\u00f8nningsmedalje for mere end 40 \u00e5rs tro tjeneste. Hustruen Hanne er inviteret med, og hun skal i for\u00e5ret 2026 have sin egen kongelige medalje for 40 \u00e5r i \u00e6ldreplejen.<\/figcaption><\/figure>\n<\/div>\n\t\t\t\t\t\t\t\t\t\t\t<\/div>\n\t\t<\/div>\n\t<\/div>\n<\/section>\n\n\n<section class=\"cta-section relative my-15 xl:my-30\">\n\t<div class=\"image-wrapper size-full absolute\">\n\t\t\t\t\t<img loading=\"lazy\" decoding=\"async\" width=\"2560\" height=\"1707\" src=\"https:\/\/www.ds-gruppen.com\/wp-content\/uploads\/2026\/01\/cta-dss-009-2592x1728px-scaled.webp\" class=\"size-full object-center object-cover\" alt=\"\" srcset=\"https:\/\/www.ds-gruppen.com\/wp-content\/uploads\/2026\/01\/cta-dss-009-2592x1728px-scaled.webp 2560w, https:\/\/www.ds-gruppen.com\/wp-content\/uploads\/2026\/01\/cta-dss-009-2592x1728px-300x200.webp 300w, https:\/\/www.ds-gruppen.com\/wp-content\/uploads\/2026\/01\/cta-dss-009-2592x1728px-1024x683.webp 1024w, https:\/\/www.ds-gruppen.com\/wp-content\/uploads\/2026\/01\/cta-dss-009-2592x1728px-768x512.webp 768w, https:\/\/www.ds-gruppen.com\/wp-content\/uploads\/2026\/01\/cta-dss-009-2592x1728px-1536x1024.webp 1536w, https:\/\/www.ds-gruppen.com\/wp-content\/uploads\/2026\/01\/cta-dss-009-2592x1728px-2048x1365.webp 2048w\" sizes=\"auto, (max-width: 2560px) 100vw, 2560px\" \/>\t\t\t<div class=\"overlay-image absolute top-0 left-0 right-0 bottom-0\"><\/div>\n\t\t\t<\/div>\n\t<div class=\"grid grid-cols-1 lg:grid-cols-2 container mx-auto gap-0 relative\">\n\t\t<div class=\"relative content-end max-md:order-last\">\n\t\t\t\t\t\t\t<div class=\"form-image-wrapper max-lg:p-4 max-lg:pb-0\">\n\t\t\t\t\t<div class=\"relative\">\n\t\t\t\t\t\t<img loading=\"lazy\" decoding=\"async\" width=\"1038\" height=\"800\" src=\"https:\/\/www.ds-gruppen.com\/wp-content\/uploads\/2026\/01\/bsv-01-cta-1038x800px.webp\" class=\"relative w-full z-1\" alt=\"\" srcset=\"https:\/\/www.ds-gruppen.com\/wp-content\/uploads\/2026\/01\/bsv-01-cta-1038x800px.webp 1038w, https:\/\/www.ds-gruppen.com\/wp-content\/uploads\/2026\/01\/bsv-01-cta-1038x800px-300x231.webp 300w, https:\/\/www.ds-gruppen.com\/wp-content\/uploads\/2026\/01\/bsv-01-cta-1038x800px-1024x789.webp 1024w, https:\/\/www.ds-gruppen.com\/wp-content\/uploads\/2026\/01\/bsv-01-cta-1038x800px-768x592.webp 768w\" sizes=\"auto, (max-width: 1038px) 100vw, 1038px\" \/>\t\t\t\t\t<\/div>\n\t\t\t\t<\/div>\n\t\t\t\t\t<\/div>\n\t\t<div class=\"p-4 lg:p-7.5 xl:p-15 flex flex-col gap-8 md:gap-10 z-1\">\n\t\t\t\t\t\t\t<h2 class=\"headline text-body-invert text-xl xl:text-28 leading-[120%] font-light max-md:!pb-5\">Vil du ogs\u00e5 arbejde ved DS St\u00e5lkonstruktion?<\/h2>\n\t\t\t\t\t\t\t\t\t\t<div class=\"wysiwyg small-text-desktop text-body-invert text-base leading-[150%] font-light\"><p>Har du overordnede sp\u00f8rgsm\u00e5l til dine karrieremuligheder i et af DS Gruppens selskaber, er du velkommen til at rette henvendelse til vores People &amp; Culture-afdeling:<\/p>\n<p><strong>Birgitte Raunsgaard Svejstrup<\/strong><br \/>\nGroup HR Business Partner<\/p>\n<p>Mobil: <a href=\"tel:+45 22 79 55 88\">+45 22 79 55 88<\/a><\/p>\n<p>Email: <a href=\"mailto:bsv@ds-gruppen.dk\">bsv@ds-gruppen.dk<\/a><\/p>\n<\/div>\n\t\t\t\t\t\t\t\t\t\t<div class=\"cta-wrapper\">\n\t\t\t\t\t\t<a href=\"https:\/\/www.ds-gruppen.com\/da-dk\/karriere\/ledige-stillinger\/\" target=\"_self\" class=\"flex-row transition-[gap] gap-3 hover:gap-5 py-4.5 px-6.5 items-center text-base text-center border border-primary rounded-md focus:outline outline-focus inline-flex bg-primary text-white hover:bg-primary-hover focus:bg-primary-hover\">\n\t\tLedige stillinger\t\t\t<\/a>\n\t\t\t\t<\/div>\n        \t\t\t\t\t\t<\/div>\n\t<\/div>\n<\/section>\n\n\n\n<p><\/p>\n","protected":false},"excerpt":{"rendered":"","protected":false},"author":7,"featured_media":0,"parent":8091,"menu_order":0,"comment_status":"closed","ping_status":"closed","template":"","meta":{"_acf_changed":false,"inline_featured_image":false,"footnotes":""},"class_list":["post-8345","page","type-page","status-publish","hentry"],"acf":[],"yoast_head":"<!-- This site is optimized with the Yoast SEO plugin v27.3 - https:\/\/yoast.com\/product\/yoast-seo-wordpress\/ -->\n<title>Medarbejderhistorier: Torben Geertsen<\/title>\n<meta name=\"robots\" content=\"index, follow, max-snippet:-1, max-image-preview:large, max-video-preview:-1\" \/>\n<link rel=\"canonical\" href=\"https:\/\/www.ds-gruppen.com\/da-dk\/karriere\/medarbejderhistorier\/torben-geertsen\/\" \/>\n<meta property=\"og:locale\" content=\"da_DK\" \/>\n<meta property=\"og:type\" content=\"article\" \/>\n<meta property=\"og:title\" content=\"Medarbejderhistorier: Torben Geertsen\" \/>\n<meta property=\"og:url\" content=\"https:\/\/www.ds-gruppen.com\/da-dk\/karriere\/medarbejderhistorier\/torben-geertsen\/\" \/>\n<meta property=\"og:site_name\" content=\"DS Gruppen\" \/>\n<meta property=\"article:publisher\" content=\"https:\/\/www.facebook.com\/dsgruppen\" \/>\n<meta property=\"article:modified_time\" content=\"2026-03-30T11:24:45+00:00\" \/>\n<meta name=\"twitter:card\" content=\"summary_large_image\" \/>\n<meta name=\"twitter:label1\" content=\"Estimeret l\u00e6setid\" \/>\n\t<meta name=\"twitter:data1\" content=\"6 minutter\" \/>\n<script type=\"application\/ld+json\" class=\"yoast-schema-graph\">{\"@context\":\"https:\\\/\\\/schema.org\",\"@graph\":[{\"@type\":\"WebPage\",\"@id\":\"https:\\\/\\\/www.ds-gruppen.com\\\/da-dk\\\/karriere\\\/medarbejderhistorier\\\/torben-geertsen\\\/\",\"url\":\"https:\\\/\\\/www.ds-gruppen.com\\\/da-dk\\\/karriere\\\/medarbejderhistorier\\\/torben-geertsen\\\/\",\"name\":\"Medarbejderhistorier: Torben Geertsen\",\"isPartOf\":{\"@id\":\"https:\\\/\\\/www.ds-gruppen.com\\\/da-dk\\\/#website\"},\"datePublished\":\"2026-01-29T06:52:32+00:00\",\"dateModified\":\"2026-03-30T11:24:45+00:00\",\"breadcrumb\":{\"@id\":\"https:\\\/\\\/www.ds-gruppen.com\\\/da-dk\\\/karriere\\\/medarbejderhistorier\\\/torben-geertsen\\\/#breadcrumb\"},\"inLanguage\":\"da-DK\",\"potentialAction\":[{\"@type\":\"ReadAction\",\"target\":[\"https:\\\/\\\/www.ds-gruppen.com\\\/da-dk\\\/karriere\\\/medarbejderhistorier\\\/torben-geertsen\\\/\"]}]},{\"@type\":\"BreadcrumbList\",\"@id\":\"https:\\\/\\\/www.ds-gruppen.com\\\/da-dk\\\/karriere\\\/medarbejderhistorier\\\/torben-geertsen\\\/#breadcrumb\",\"itemListElement\":[{\"@type\":\"ListItem\",\"position\":1,\"name\":\"Home\",\"item\":\"https:\\\/\\\/www.ds-gruppen.com\\\/da-dk\\\/\"},{\"@type\":\"ListItem\",\"position\":2,\"name\":\"Karriere\",\"item\":\"https:\\\/\\\/www.ds-gruppen.com\\\/da-dk\\\/karriere\\\/\"},{\"@type\":\"ListItem\",\"position\":3,\"name\":\"Medarbejderhistorier\",\"item\":\"https:\\\/\\\/www.ds-gruppen.com\\\/da-dk\\\/karriere\\\/medarbejderhistorier\\\/\"},{\"@type\":\"ListItem\",\"position\":4,\"name\":\"Torben Geertsen\"}]},{\"@type\":\"WebSite\",\"@id\":\"https:\\\/\\\/www.ds-gruppen.com\\\/da-dk\\\/#website\",\"url\":\"https:\\\/\\\/www.ds-gruppen.com\\\/da-dk\\\/\",\"name\":\"DS Gruppen A\\\/S\",\"description\":\"En del af GOLDBECK\",\"publisher\":{\"@id\":\"https:\\\/\\\/www.ds-gruppen.com\\\/da-dk\\\/#organization\"},\"alternateName\":\"DS Gruppen\",\"potentialAction\":[{\"@type\":\"SearchAction\",\"target\":{\"@type\":\"EntryPoint\",\"urlTemplate\":\"https:\\\/\\\/www.ds-gruppen.com\\\/da-dk\\\/?s={search_term_string}\"},\"query-input\":{\"@type\":\"PropertyValueSpecification\",\"valueRequired\":true,\"valueName\":\"search_term_string\"}}],\"inLanguage\":\"da-DK\"},{\"@type\":\"Organization\",\"@id\":\"https:\\\/\\\/www.ds-gruppen.com\\\/da-dk\\\/#organization\",\"name\":\"DS Gruppen\",\"url\":\"https:\\\/\\\/www.ds-gruppen.com\\\/da-dk\\\/\",\"logo\":{\"@type\":\"ImageObject\",\"inLanguage\":\"da-DK\",\"@id\":\"https:\\\/\\\/www.ds-gruppen.com\\\/da-dk\\\/#\\\/schema\\\/logo\\\/image\\\/\",\"url\":\"https:\\\/\\\/www.ds-gruppen.com\\\/wp-content\\\/uploads\\\/2025\\\/10\\\/ds_gruppen_original_rgb.svg\",\"contentUrl\":\"https:\\\/\\\/www.ds-gruppen.com\\\/wp-content\\\/uploads\\\/2025\\\/10\\\/ds_gruppen_original_rgb.svg\",\"caption\":\"DS Gruppen\"},\"image\":{\"@id\":\"https:\\\/\\\/www.ds-gruppen.com\\\/da-dk\\\/#\\\/schema\\\/logo\\\/image\\\/\"},\"sameAs\":[\"https:\\\/\\\/www.facebook.com\\\/dsgruppen\",\"https:\\\/\\\/www.linkedin.com\\\/company\\\/dsgruppenas\\\/\"]}]}<\/script>\n<!-- \/ Yoast SEO plugin. -->","yoast_head_json":{"title":"Medarbejderhistorier: Torben Geertsen","robots":{"index":"index","follow":"follow","max-snippet":"max-snippet:-1","max-image-preview":"max-image-preview:large","max-video-preview":"max-video-preview:-1"},"canonical":"https:\/\/www.ds-gruppen.com\/da-dk\/karriere\/medarbejderhistorier\/torben-geertsen\/","og_locale":"da_DK","og_type":"article","og_title":"Medarbejderhistorier: Torben Geertsen","og_url":"https:\/\/www.ds-gruppen.com\/da-dk\/karriere\/medarbejderhistorier\/torben-geertsen\/","og_site_name":"DS Gruppen","article_publisher":"https:\/\/www.facebook.com\/dsgruppen","article_modified_time":"2026-03-30T11:24:45+00:00","twitter_card":"summary_large_image","twitter_misc":{"Estimeret l\u00e6setid":"6 minutter"},"schema":{"@context":"https:\/\/schema.org","@graph":[{"@type":"WebPage","@id":"https:\/\/www.ds-gruppen.com\/da-dk\/karriere\/medarbejderhistorier\/torben-geertsen\/","url":"https:\/\/www.ds-gruppen.com\/da-dk\/karriere\/medarbejderhistorier\/torben-geertsen\/","name":"Medarbejderhistorier: Torben Geertsen","isPartOf":{"@id":"https:\/\/www.ds-gruppen.com\/da-dk\/#website"},"datePublished":"2026-01-29T06:52:32+00:00","dateModified":"2026-03-30T11:24:45+00:00","breadcrumb":{"@id":"https:\/\/www.ds-gruppen.com\/da-dk\/karriere\/medarbejderhistorier\/torben-geertsen\/#breadcrumb"},"inLanguage":"da-DK","potentialAction":[{"@type":"ReadAction","target":["https:\/\/www.ds-gruppen.com\/da-dk\/karriere\/medarbejderhistorier\/torben-geertsen\/"]}]},{"@type":"BreadcrumbList","@id":"https:\/\/www.ds-gruppen.com\/da-dk\/karriere\/medarbejderhistorier\/torben-geertsen\/#breadcrumb","itemListElement":[{"@type":"ListItem","position":1,"name":"Home","item":"https:\/\/www.ds-gruppen.com\/da-dk\/"},{"@type":"ListItem","position":2,"name":"Karriere","item":"https:\/\/www.ds-gruppen.com\/da-dk\/karriere\/"},{"@type":"ListItem","position":3,"name":"Medarbejderhistorier","item":"https:\/\/www.ds-gruppen.com\/da-dk\/karriere\/medarbejderhistorier\/"},{"@type":"ListItem","position":4,"name":"Torben Geertsen"}]},{"@type":"WebSite","@id":"https:\/\/www.ds-gruppen.com\/da-dk\/#website","url":"https:\/\/www.ds-gruppen.com\/da-dk\/","name":"DS Gruppen A\/S","description":"En del af GOLDBECK","publisher":{"@id":"https:\/\/www.ds-gruppen.com\/da-dk\/#organization"},"alternateName":"DS Gruppen","potentialAction":[{"@type":"SearchAction","target":{"@type":"EntryPoint","urlTemplate":"https:\/\/www.ds-gruppen.com\/da-dk\/?s={search_term_string}"},"query-input":{"@type":"PropertyValueSpecification","valueRequired":true,"valueName":"search_term_string"}}],"inLanguage":"da-DK"},{"@type":"Organization","@id":"https:\/\/www.ds-gruppen.com\/da-dk\/#organization","name":"DS Gruppen","url":"https:\/\/www.ds-gruppen.com\/da-dk\/","logo":{"@type":"ImageObject","inLanguage":"da-DK","@id":"https:\/\/www.ds-gruppen.com\/da-dk\/#\/schema\/logo\/image\/","url":"https:\/\/www.ds-gruppen.com\/wp-content\/uploads\/2025\/10\/ds_gruppen_original_rgb.svg","contentUrl":"https:\/\/www.ds-gruppen.com\/wp-content\/uploads\/2025\/10\/ds_gruppen_original_rgb.svg","caption":"DS Gruppen"},"image":{"@id":"https:\/\/www.ds-gruppen.com\/da-dk\/#\/schema\/logo\/image\/"},"sameAs":["https:\/\/www.facebook.com\/dsgruppen","https:\/\/www.linkedin.com\/company\/dsgruppenas\/"]}]}},"_links":{"self":[{"href":"https:\/\/www.ds-gruppen.com\/da-dk\/wp-json\/wp\/v2\/pages\/8345","targetHints":{"allow":["GET"]}}],"collection":[{"href":"https:\/\/www.ds-gruppen.com\/da-dk\/wp-json\/wp\/v2\/pages"}],"about":[{"href":"https:\/\/www.ds-gruppen.com\/da-dk\/wp-json\/wp\/v2\/types\/page"}],"author":[{"embeddable":true,"href":"https:\/\/www.ds-gruppen.com\/da-dk\/wp-json\/wp\/v2\/users\/7"}],"replies":[{"embeddable":true,"href":"https:\/\/www.ds-gruppen.com\/da-dk\/wp-json\/wp\/v2\/comments?post=8345"}],"version-history":[{"count":11,"href":"https:\/\/www.ds-gruppen.com\/da-dk\/wp-json\/wp\/v2\/pages\/8345\/revisions"}],"predecessor-version":[{"id":8580,"href":"https:\/\/www.ds-gruppen.com\/da-dk\/wp-json\/wp\/v2\/pages\/8345\/revisions\/8580"}],"up":[{"embeddable":true,"href":"https:\/\/www.ds-gruppen.com\/da-dk\/wp-json\/wp\/v2\/pages\/8091"}],"wp:attachment":[{"href":"https:\/\/www.ds-gruppen.com\/da-dk\/wp-json\/wp\/v2\/media?parent=8345"}],"curies":[{"name":"wp","href":"https:\/\/api.w.org\/{rel}","templated":true}]}}