{"id":8456,"date":"2026-01-29T12:22:52","date_gmt":"2026-01-29T12:22:52","guid":{"rendered":"https:\/\/www.ds-gruppen.com\/da-dk\/?page_id=8456"},"modified":"2026-03-30T12:31:25","modified_gmt":"2026-03-30T11:31:25","slug":"mads-thirup-nieslen","status":"publish","type":"page","link":"https:\/\/www.ds-gruppen.com\/da-dk\/karriere\/medarbejderhistorier\/mads-thirup-nieslen\/","title":{"rendered":"Mads Thirup Nieslen"},"content":{"rendered":"<div class=\"breadcrumbs-section my-5 max-xl:px-4 relative\">\n    <div class=\"container mx-auto\">\n            <nav aria-label=\"Breadcrumbs\">\n        <ol class=\"whitespace-nowrap overflow-hidden text-ellipsis pb-1\">\n            <li class=\"inline\">\n                <a href=\"https:\/\/www.ds-gruppen.com\/da-dk\/\" class=\"ms-[2px] focus:outline outline-focus\">\n                    <svg class=\"inline relative -top-[2px]\" width=\"16\" height=\"17\" viewBox=\"0 0 16 17\" fill=\"none\" xmlns=\"http:\/\/www.w3.org\/2000\/svg\">\n                        <path d=\"M7.99992 4.62668L11.3333 7.62668V12.8333H9.99992V8.83334H5.99992V12.8333H4.66659V7.62668L7.99992 4.62668ZM7.99992 2.83334L1.33325 8.83334H3.33325V14.1667H7.33325V10.1667H8.66659V14.1667H12.6666V8.83334H14.6666L7.99992 2.83334Z\" fill=\"#525252\"\/>\n                    <\/svg>\n                <\/a>\n            <\/li>\n                                                <li class=\"inline before:content-['|'] before:text-bg-border-3 before:text-[11px] before:px-2 before-px-1-5-mobile before:relative before:-top-[2px]\">\n                                                    <a href=\"https:\/\/www.ds-gruppen.com\/da-dk\/karriere\/\" class=\"text-subtle text-sm leading-[150%] underline hover:cursor-pointer hover:text-link decoration-[0.5px] underline-offset-[0.45em] focus:outline outline-focus\">\n                                Karriere                            <\/a>\n                                            <\/li>\n                                    <li class=\"inline before:content-['|'] before:text-bg-border-3 before:text-[11px] before:px-2 before-px-1-5-mobile before:relative before:-top-[2px]\">\n                                                    <a href=\"https:\/\/www.ds-gruppen.com\/da-dk\/karriere\/medarbejderhistorier\/\" class=\"text-subtle text-sm leading-[150%] underline hover:cursor-pointer hover:text-link decoration-[0.5px] underline-offset-[0.45em] focus:outline outline-focus\">\n                                Medarbejderhistorier                            <\/a>\n                                            <\/li>\n                                                        <li class=\"inline before:content-['|'] before:text-bg-border-3 before:text-[11px] before:px-2 before-px-1-5-mobile before:relative before:-top-[2px]\">\n                    <p class=\"inline text-subtle text-sm leading-[150%]\">Mads Thirup Nieslen<\/p>\n                <\/li>\n                    <\/ol>\n    <\/nav>\n    <\/div>\n    <div class=\"bg-[linear-gradient(270deg,_#FFF_-3.57%,_rgba(255,255,255,0)_100%)] absolute right-0 -top-5 w-15 h-[calc(100%+40px)] md:hidden\"><\/div>\n<\/div>\n\n<section class=\"one-column-text py-15 2xl:py-30 max-xl:px-4\" style='background-color:#FFFFFF'>\n\t<div class=\"container mx-auto max-w-[880px]\">\n\t\t<div class=\"flex flex-col\">\n\t\t\t\t\t\t\t<h2 class=\"headline text-title text-xl xl:text-28 leading-[120%] font-light mb-8 lg:!pb-10\">Der er plads til studier ved siden af jobbet<\/h2>\n\t\t\t\t\t\t<div class=\"text-content\">\n\t\t\t\t\t\t\t\t\t<div class=\"wysiwyg [&#038;_p]:!text-base [&#038;_li]:!text-base [&#038;_li:before]:!top-2 leading-[150%] font-light\"><p><img loading=\"lazy\" decoding=\"async\" class=\"alignnone size-full wp-image-8458\" src=\"https:\/\/www.ds-gruppen.com\/wp-content\/uploads\/2026\/01\/medarbejderhistorier-mads-thirup-nielsen-001-980x653px.webp\" alt=\"\" width=\"980\" height=\"653\" srcset=\"https:\/\/www.ds-gruppen.com\/wp-content\/uploads\/2026\/01\/medarbejderhistorier-mads-thirup-nielsen-001-980x653px.webp 980w, https:\/\/www.ds-gruppen.com\/wp-content\/uploads\/2026\/01\/medarbejderhistorier-mads-thirup-nielsen-001-980x653px-300x200.webp 300w, https:\/\/www.ds-gruppen.com\/wp-content\/uploads\/2026\/01\/medarbejderhistorier-mads-thirup-nielsen-001-980x653px-768x512.webp 768w\" sizes=\"auto, (max-width: 980px) 100vw, 980px\" \/><\/p>\n<h1>Mads Thirup Nielsen er kvalitetsspecialist hos DS St\u00e5lprofil<\/h1>\n<p>Det mest sp\u00e6ndende ved mit arbejde hos DS St\u00e5lprofil er at hj\u00e6lpe med at spille mine kollegaer gode. Det kan v\u00e6re gennem sparring om, hvordan vi h\u00e5ndterer et konkret problem, men is\u00e6r ogs\u00e5 ved at udvikle vores systemer, s\u00e5 de bliver mere effektive, og s\u00e5 vi kan bruge vores tid p\u00e5 det \u201crigtige\u201d. Jeg oplever, at der er god frihed til at udvikle vores drift, b\u00e5de gennem effektivisering af processer og ved at udvikle nye l\u00f8sninger.<\/p>\n<p>I sidste ende handler det om, at vi leverer produkter, som lever op til kundens, men ogs\u00e5 vores egne forventninger.<\/p>\n<h2><strong>B\u00e5de personlig og faglig udvikling<\/strong><\/h2>\n<p>Da jeg startede hos DS St\u00e5lprofil, kom jeg fra en helt anden branche end st\u00e5lverdenen, og derfor har jeg udviklet mig b\u00e5de personligt og fagligt ved at l\u00e6re nye produkter, begreber og standarder at kende. Heldigvis har jeg gode kollegaer, som har hjulpet mig, og som ikke har rettet alt for meget p\u00e5 mig, n\u00e5r jeg ikke har kunnet de rigtige begreber. Samtidig er der en god dialog om udviklingsmuligheder: Hvis du har interessen, og det giver v\u00e6rdi for DS, s\u00e5 er der stor frihed. Derfor studerer jeg p\u00e5 Aarhus Universitet ved siden af jobbet.<\/p>\n<p>En af de mest sjove og mindev\u00e6rdige oplevelser i min tid hos DS St\u00e5lprofil var, da vi var p\u00e5 firmatur til Hamborg. Turen b\u00f8d b\u00e5de p\u00e5 fagligt indhold og social hygge med kollegaer. Det var en rigtig god tur, hvor vi ogs\u00e5 talte om andet end arbejde, og hvor vi l\u00e6rte hinanden lidt bedre at kende. Det g\u00f8r ogs\u00e5, at der bliver mere at tale om i kantinen, og p\u00e5 den m\u00e5de skaber vi et sammenhold p\u00e5 tv\u00e6rs.<\/p>\n<\/div>\n\t\t\t\t\t\t\t\t\t\t\t<\/div>\n\t\t<\/div>\n\t<\/div>\n<\/section>\n\n\n<section class=\"cta-section relative my-15 xl:my-30\">\n\t<div class=\"image-wrapper size-full absolute\">\n\t\t\t\t\t<img loading=\"lazy\" decoding=\"async\" width=\"2560\" height=\"1707\" src=\"https:\/\/www.ds-gruppen.com\/wp-content\/uploads\/2026\/01\/cta-dsp-002-2592x1728px-scaled.webp\" class=\"size-full object-center object-cover\" alt=\"\" srcset=\"https:\/\/www.ds-gruppen.com\/wp-content\/uploads\/2026\/01\/cta-dsp-002-2592x1728px-scaled.webp 2560w, https:\/\/www.ds-gruppen.com\/wp-content\/uploads\/2026\/01\/cta-dsp-002-2592x1728px-300x200.webp 300w, https:\/\/www.ds-gruppen.com\/wp-content\/uploads\/2026\/01\/cta-dsp-002-2592x1728px-1024x683.webp 1024w, https:\/\/www.ds-gruppen.com\/wp-content\/uploads\/2026\/01\/cta-dsp-002-2592x1728px-768x512.webp 768w, https:\/\/www.ds-gruppen.com\/wp-content\/uploads\/2026\/01\/cta-dsp-002-2592x1728px-1536x1024.webp 1536w, https:\/\/www.ds-gruppen.com\/wp-content\/uploads\/2026\/01\/cta-dsp-002-2592x1728px-2048x1365.webp 2048w\" sizes=\"auto, (max-width: 2560px) 100vw, 2560px\" \/>\t\t\t<div class=\"overlay-image absolute top-0 left-0 right-0 bottom-0\"><\/div>\n\t\t\t<\/div>\n\t<div class=\"grid grid-cols-1 lg:grid-cols-2 container mx-auto gap-0 relative\">\n\t\t<div class=\"relative content-end max-md:order-last\">\n\t\t\t\t\t\t\t<div class=\"form-image-wrapper max-lg:p-4 max-lg:pb-0\">\n\t\t\t\t\t<div class=\"relative\">\n\t\t\t\t\t\t<img loading=\"lazy\" decoding=\"async\" width=\"1038\" height=\"800\" src=\"https:\/\/www.ds-gruppen.com\/wp-content\/uploads\/2026\/01\/bsv-01-cta-1038x800px.webp\" class=\"relative w-full z-1\" alt=\"\" srcset=\"https:\/\/www.ds-gruppen.com\/wp-content\/uploads\/2026\/01\/bsv-01-cta-1038x800px.webp 1038w, https:\/\/www.ds-gruppen.com\/wp-content\/uploads\/2026\/01\/bsv-01-cta-1038x800px-300x231.webp 300w, https:\/\/www.ds-gruppen.com\/wp-content\/uploads\/2026\/01\/bsv-01-cta-1038x800px-1024x789.webp 1024w, https:\/\/www.ds-gruppen.com\/wp-content\/uploads\/2026\/01\/bsv-01-cta-1038x800px-768x592.webp 768w\" sizes=\"auto, (max-width: 1038px) 100vw, 1038px\" \/>\t\t\t\t\t<\/div>\n\t\t\t\t<\/div>\n\t\t\t\t\t<\/div>\n\t\t<div class=\"p-4 lg:p-7.5 xl:p-15 flex flex-col gap-8 md:gap-10 z-1\">\n\t\t\t\t\t\t\t<h2 class=\"headline text-body-invert text-xl xl:text-28 leading-[120%] font-light max-md:!pb-5\">Vil du ogs\u00e5 arbejde ved DS St\u00e5lprofil?<\/h2>\n\t\t\t\t\t\t\t\t\t\t<div class=\"wysiwyg small-text-desktop text-body-invert text-base leading-[150%] font-light\"><p>Har du overordnede sp\u00f8rgsm\u00e5l til dine karrieremuligheder i et af DS Gruppens selskaber, er du velkommen til at rette henvendelse til vores People &amp; Culture-afdeling:<\/p>\n<p><strong>Birgitte Raunsgaard Svejstrup<\/strong><br \/>\nGroup HR Business Partner<\/p>\n<p>Mobil: <a href=\"tel: +45 22 79 55 88\">+45 22 79 55 88<\/a><\/p>\n<p>Email: <a href=\"mailto:bsv@ds-gruppen.dk\">bsv@ds-gruppen.dk<\/a><\/p>\n<\/div>\n\t\t\t\t\t\t\t\t\t\t<div class=\"cta-wrapper\">\n\t\t\t\t\t\t<a href=\"https:\/\/www.ds-gruppen.com\/da-dk\/karriere\/ledige-stillinger\/\" target=\"_self\" class=\"flex-row transition-[gap] gap-3 hover:gap-5 py-4.5 px-6.5 items-center text-base text-center border border-primary rounded-md focus:outline outline-focus inline-flex bg-primary text-white hover:bg-primary-hover focus:bg-primary-hover\">\n\t\tLedige stillinger\t\t\t<\/a>\n\t\t\t\t<\/div>\n        \t\t\t\t\t\t<\/div>\n\t<\/div>\n<\/section>\n\n\n\n<p><\/p>\n","protected":false},"excerpt":{"rendered":"","protected":false},"author":7,"featured_media":0,"parent":8091,"menu_order":0,"comment_status":"closed","ping_status":"closed","template":"","meta":{"_acf_changed":false,"inline_featured_image":false,"footnotes":""},"class_list":["post-8456","page","type-page","status-publish","hentry"],"acf":[],"yoast_head":"<!-- This site is optimized with the Yoast SEO plugin v27.3 - https:\/\/yoast.com\/product\/yoast-seo-wordpress\/ -->\n<title>Medarbejderhistorier: Mads Thirup Nielsen<\/title>\n<meta name=\"robots\" content=\"index, follow, max-snippet:-1, max-image-preview:large, max-video-preview:-1\" \/>\n<link rel=\"canonical\" href=\"https:\/\/www.ds-gruppen.com\/da-dk\/karriere\/medarbejderhistorier\/mads-thirup-nieslen\/\" \/>\n<meta property=\"og:locale\" content=\"da_DK\" \/>\n<meta property=\"og:type\" content=\"article\" \/>\n<meta property=\"og:title\" content=\"Medarbejderhistorier: Mads Thirup Nielsen\" \/>\n<meta property=\"og:url\" content=\"https:\/\/www.ds-gruppen.com\/da-dk\/karriere\/medarbejderhistorier\/mads-thirup-nieslen\/\" \/>\n<meta property=\"og:site_name\" content=\"DS Gruppen\" \/>\n<meta property=\"article:publisher\" content=\"https:\/\/www.facebook.com\/dsgruppen\" \/>\n<meta property=\"article:modified_time\" content=\"2026-03-30T11:31:25+00:00\" \/>\n<meta name=\"twitter:card\" content=\"summary_large_image\" \/>\n<meta name=\"twitter:label1\" content=\"Estimeret l\u00e6setid\" \/>\n\t<meta name=\"twitter:data1\" content=\"3 minutter\" \/>\n<script type=\"application\/ld+json\" class=\"yoast-schema-graph\">{\"@context\":\"https:\\\/\\\/schema.org\",\"@graph\":[{\"@type\":\"WebPage\",\"@id\":\"https:\\\/\\\/www.ds-gruppen.com\\\/da-dk\\\/karriere\\\/medarbejderhistorier\\\/mads-thirup-nieslen\\\/\",\"url\":\"https:\\\/\\\/www.ds-gruppen.com\\\/da-dk\\\/karriere\\\/medarbejderhistorier\\\/mads-thirup-nieslen\\\/\",\"name\":\"Medarbejderhistorier: Mads Thirup Nielsen\",\"isPartOf\":{\"@id\":\"https:\\\/\\\/www.ds-gruppen.com\\\/da-dk\\\/#website\"},\"datePublished\":\"2026-01-29T12:22:52+00:00\",\"dateModified\":\"2026-03-30T11:31:25+00:00\",\"breadcrumb\":{\"@id\":\"https:\\\/\\\/www.ds-gruppen.com\\\/da-dk\\\/karriere\\\/medarbejderhistorier\\\/mads-thirup-nieslen\\\/#breadcrumb\"},\"inLanguage\":\"da-DK\",\"potentialAction\":[{\"@type\":\"ReadAction\",\"target\":[\"https:\\\/\\\/www.ds-gruppen.com\\\/da-dk\\\/karriere\\\/medarbejderhistorier\\\/mads-thirup-nieslen\\\/\"]}]},{\"@type\":\"BreadcrumbList\",\"@id\":\"https:\\\/\\\/www.ds-gruppen.com\\\/da-dk\\\/karriere\\\/medarbejderhistorier\\\/mads-thirup-nieslen\\\/#breadcrumb\",\"itemListElement\":[{\"@type\":\"ListItem\",\"position\":1,\"name\":\"Home\",\"item\":\"https:\\\/\\\/www.ds-gruppen.com\\\/da-dk\\\/\"},{\"@type\":\"ListItem\",\"position\":2,\"name\":\"Karriere\",\"item\":\"https:\\\/\\\/www.ds-gruppen.com\\\/da-dk\\\/karriere\\\/\"},{\"@type\":\"ListItem\",\"position\":3,\"name\":\"Medarbejderhistorier\",\"item\":\"https:\\\/\\\/www.ds-gruppen.com\\\/da-dk\\\/karriere\\\/medarbejderhistorier\\\/\"},{\"@type\":\"ListItem\",\"position\":4,\"name\":\"Mads Thirup Nieslen\"}]},{\"@type\":\"WebSite\",\"@id\":\"https:\\\/\\\/www.ds-gruppen.com\\\/da-dk\\\/#website\",\"url\":\"https:\\\/\\\/www.ds-gruppen.com\\\/da-dk\\\/\",\"name\":\"DS Gruppen A\\\/S\",\"description\":\"En del af GOLDBECK\",\"publisher\":{\"@id\":\"https:\\\/\\\/www.ds-gruppen.com\\\/da-dk\\\/#organization\"},\"alternateName\":\"DS Gruppen\",\"potentialAction\":[{\"@type\":\"SearchAction\",\"target\":{\"@type\":\"EntryPoint\",\"urlTemplate\":\"https:\\\/\\\/www.ds-gruppen.com\\\/da-dk\\\/?s={search_term_string}\"},\"query-input\":{\"@type\":\"PropertyValueSpecification\",\"valueRequired\":true,\"valueName\":\"search_term_string\"}}],\"inLanguage\":\"da-DK\"},{\"@type\":\"Organization\",\"@id\":\"https:\\\/\\\/www.ds-gruppen.com\\\/da-dk\\\/#organization\",\"name\":\"DS Gruppen\",\"url\":\"https:\\\/\\\/www.ds-gruppen.com\\\/da-dk\\\/\",\"logo\":{\"@type\":\"ImageObject\",\"inLanguage\":\"da-DK\",\"@id\":\"https:\\\/\\\/www.ds-gruppen.com\\\/da-dk\\\/#\\\/schema\\\/logo\\\/image\\\/\",\"url\":\"https:\\\/\\\/www.ds-gruppen.com\\\/wp-content\\\/uploads\\\/2025\\\/10\\\/ds_gruppen_original_rgb.svg\",\"contentUrl\":\"https:\\\/\\\/www.ds-gruppen.com\\\/wp-content\\\/uploads\\\/2025\\\/10\\\/ds_gruppen_original_rgb.svg\",\"caption\":\"DS Gruppen\"},\"image\":{\"@id\":\"https:\\\/\\\/www.ds-gruppen.com\\\/da-dk\\\/#\\\/schema\\\/logo\\\/image\\\/\"},\"sameAs\":[\"https:\\\/\\\/www.facebook.com\\\/dsgruppen\",\"https:\\\/\\\/www.linkedin.com\\\/company\\\/dsgruppenas\\\/\"]}]}<\/script>\n<!-- \/ Yoast SEO plugin. -->","yoast_head_json":{"title":"Medarbejderhistorier: Mads Thirup Nielsen","robots":{"index":"index","follow":"follow","max-snippet":"max-snippet:-1","max-image-preview":"max-image-preview:large","max-video-preview":"max-video-preview:-1"},"canonical":"https:\/\/www.ds-gruppen.com\/da-dk\/karriere\/medarbejderhistorier\/mads-thirup-nieslen\/","og_locale":"da_DK","og_type":"article","og_title":"Medarbejderhistorier: Mads Thirup Nielsen","og_url":"https:\/\/www.ds-gruppen.com\/da-dk\/karriere\/medarbejderhistorier\/mads-thirup-nieslen\/","og_site_name":"DS Gruppen","article_publisher":"https:\/\/www.facebook.com\/dsgruppen","article_modified_time":"2026-03-30T11:31:25+00:00","twitter_card":"summary_large_image","twitter_misc":{"Estimeret l\u00e6setid":"3 minutter"},"schema":{"@context":"https:\/\/schema.org","@graph":[{"@type":"WebPage","@id":"https:\/\/www.ds-gruppen.com\/da-dk\/karriere\/medarbejderhistorier\/mads-thirup-nieslen\/","url":"https:\/\/www.ds-gruppen.com\/da-dk\/karriere\/medarbejderhistorier\/mads-thirup-nieslen\/","name":"Medarbejderhistorier: Mads Thirup Nielsen","isPartOf":{"@id":"https:\/\/www.ds-gruppen.com\/da-dk\/#website"},"datePublished":"2026-01-29T12:22:52+00:00","dateModified":"2026-03-30T11:31:25+00:00","breadcrumb":{"@id":"https:\/\/www.ds-gruppen.com\/da-dk\/karriere\/medarbejderhistorier\/mads-thirup-nieslen\/#breadcrumb"},"inLanguage":"da-DK","potentialAction":[{"@type":"ReadAction","target":["https:\/\/www.ds-gruppen.com\/da-dk\/karriere\/medarbejderhistorier\/mads-thirup-nieslen\/"]}]},{"@type":"BreadcrumbList","@id":"https:\/\/www.ds-gruppen.com\/da-dk\/karriere\/medarbejderhistorier\/mads-thirup-nieslen\/#breadcrumb","itemListElement":[{"@type":"ListItem","position":1,"name":"Home","item":"https:\/\/www.ds-gruppen.com\/da-dk\/"},{"@type":"ListItem","position":2,"name":"Karriere","item":"https:\/\/www.ds-gruppen.com\/da-dk\/karriere\/"},{"@type":"ListItem","position":3,"name":"Medarbejderhistorier","item":"https:\/\/www.ds-gruppen.com\/da-dk\/karriere\/medarbejderhistorier\/"},{"@type":"ListItem","position":4,"name":"Mads Thirup Nieslen"}]},{"@type":"WebSite","@id":"https:\/\/www.ds-gruppen.com\/da-dk\/#website","url":"https:\/\/www.ds-gruppen.com\/da-dk\/","name":"DS Gruppen A\/S","description":"En del af GOLDBECK","publisher":{"@id":"https:\/\/www.ds-gruppen.com\/da-dk\/#organization"},"alternateName":"DS Gruppen","potentialAction":[{"@type":"SearchAction","target":{"@type":"EntryPoint","urlTemplate":"https:\/\/www.ds-gruppen.com\/da-dk\/?s={search_term_string}"},"query-input":{"@type":"PropertyValueSpecification","valueRequired":true,"valueName":"search_term_string"}}],"inLanguage":"da-DK"},{"@type":"Organization","@id":"https:\/\/www.ds-gruppen.com\/da-dk\/#organization","name":"DS Gruppen","url":"https:\/\/www.ds-gruppen.com\/da-dk\/","logo":{"@type":"ImageObject","inLanguage":"da-DK","@id":"https:\/\/www.ds-gruppen.com\/da-dk\/#\/schema\/logo\/image\/","url":"https:\/\/www.ds-gruppen.com\/wp-content\/uploads\/2025\/10\/ds_gruppen_original_rgb.svg","contentUrl":"https:\/\/www.ds-gruppen.com\/wp-content\/uploads\/2025\/10\/ds_gruppen_original_rgb.svg","caption":"DS Gruppen"},"image":{"@id":"https:\/\/www.ds-gruppen.com\/da-dk\/#\/schema\/logo\/image\/"},"sameAs":["https:\/\/www.facebook.com\/dsgruppen","https:\/\/www.linkedin.com\/company\/dsgruppenas\/"]}]}},"_links":{"self":[{"href":"https:\/\/www.ds-gruppen.com\/da-dk\/wp-json\/wp\/v2\/pages\/8456","targetHints":{"allow":["GET"]}}],"collection":[{"href":"https:\/\/www.ds-gruppen.com\/da-dk\/wp-json\/wp\/v2\/pages"}],"about":[{"href":"https:\/\/www.ds-gruppen.com\/da-dk\/wp-json\/wp\/v2\/types\/page"}],"author":[{"embeddable":true,"href":"https:\/\/www.ds-gruppen.com\/da-dk\/wp-json\/wp\/v2\/users\/7"}],"replies":[{"embeddable":true,"href":"https:\/\/www.ds-gruppen.com\/da-dk\/wp-json\/wp\/v2\/comments?post=8456"}],"version-history":[{"count":5,"href":"https:\/\/www.ds-gruppen.com\/da-dk\/wp-json\/wp\/v2\/pages\/8456\/revisions"}],"predecessor-version":[{"id":10382,"href":"https:\/\/www.ds-gruppen.com\/da-dk\/wp-json\/wp\/v2\/pages\/8456\/revisions\/10382"}],"up":[{"embeddable":true,"href":"https:\/\/www.ds-gruppen.com\/da-dk\/wp-json\/wp\/v2\/pages\/8091"}],"wp:attachment":[{"href":"https:\/\/www.ds-gruppen.com\/da-dk\/wp-json\/wp\/v2\/media?parent=8456"}],"curies":[{"name":"wp","href":"https:\/\/api.w.org\/{rel}","templated":true}]}}